{"id":6163,"date":"2025-11-04T16:11:19","date_gmt":"2025-11-04T15:11:19","guid":{"rendered":"https:\/\/culturalcomes.net\/?post_type=product&#038;p=6163"},"modified":"2025-12-04T09:21:43","modified_gmt":"2025-12-04T08:21:43","slug":"tardor-musical-2025-la-maria","status":"publish","type":"product","link":"https:\/\/culturalcomes.net\/ca\/entradas\/tardor-musical-2025-la-maria\/","title":{"rendered":"TARDOR MUSICAL 2025: La Maria"},"content":{"rendered":"<p><strong>TARDOR MUSICAL <\/strong><br \/>\n<strong>MORELLA 2025<\/strong><\/p>\n<p>7 desembre &#8211; 19:00, Teatre Municipal<br \/>\nROBINA<br \/>\nLa Mar<span class=\"Apple-converted-space\">ia<b><br \/>\n<\/b><\/span><\/p>\n<div class=\"page\" title=\"Page 9\">\n<div class=\"section\">\n<div class=\"layoutArea\">\n<div class=\"column\">\n<p>Maria Bertomeu Soria. Veu<br \/>\nDari\u0301o Gonza\u0301lez. Guitarra acu\u0301stica<\/p>\n<p><em><strong>Fer bellesa del dolor<\/strong><\/em><br \/>\n\u201cCantava per curar tota la seua agonia\u201d. Amb la transpar\u00e8ncia d\u2019un sol vers, la Maria explicita el nus argumental d\u2019un disc on, prenent impuls de l\u2019EP precedent, es capbussa en la foscor dels abismes personals per sorAr-ne enforAda i purificada.<br \/>\nRobina \u00e9s una immersi\u00f3 a pulm\u00f3 obert en les profunditats m\u00e9s t\u00e8rboles i inquietants del trencament emocional. Un atzar\u00f3s exercici de replegament interior, ordenaci\u00f3 del dolor i provisi\u00f3 d\u2019autocures, vehiculat mitjan\u00e7ant un bell\u00edssim grapat de can\u00e7ons en carn viva que ens guien per un iAnerari de caiguda, enfonsament i reconstrucci\u00f3. S\u00f3n can\u00e7ons que de vegades s\u2019abracen a la terra i es nodreixen de mem\u00f2ria anAga, amb uns fandangos serpentejants \u2014on es reconeixen els trets familiars del fandango del Ao Mario i de Cofrents\u2014 i una escomesa per la de l\u2019u que talla l\u2019al\u00e8. D\u2019altres, en canvi, s\u2019enlairen amb verAginosa ingravidesa mentre l\u2019entramat electr\u00f2nic que les acompanya s\u2019esvera en el contrap\u00e8s. Sobta la naturalitat amb qu\u00e8 s\u2019hi bescanvien ales i arrels mentre el color roig \u2014el roig d\u2019aquest rob\u00ed en femen\u00ed que Atula el treball\u2014 s\u2019ensenyoreix de les met\u00e0fores i tenyeix l\u2019omnipresent imatgeria religiosa \u2014 adoraci\u00f3, consagraci\u00f3, Verge Maria\u2014 d\u2019amargor, consol i autoafirmaci\u00f3. I encara impressiona m\u00e9s com es trasmuda la veu de la protagonista \u2014col\u00b7locaci\u00f3, din\u00e0mica, color\u2014 a mesura que avan\u00e7a en el proc\u00e9s de sanaci\u00f3, com recorre la pr\u00e0cAca totalitat del seu arc expressiu al llarg de la catarsi senAmental, com transita de la fragilitat i el defalliment cap a una enteresa i determinaci\u00f3 encara vulnerables per\u00f2 armades amb una asserAvitat guanyadora pel miracle guaridor de la can\u00e7\u00f3. \u201cFes del teu dolor un arpa\u201d, escrivia Kostas Karyotakis. Potser no hi ha en la m\u00fasica contempor\u00e0nia resposta m\u00e9s fidel ni m\u00e9s commovedora a l\u2019encomi del poeta grec que aquesta Robina engendrada des de la pena, la resili\u00e8ncia i una rara i viv\u00edssima sensibilitat. (Josep Vicent Frechina)<\/p>\n<p><strong>PROGRAMA<\/strong><br \/>\nRuptura<br \/>\nQui s\u2019ha inventat l\u2019amor?<br \/>\nEstupor<br \/>\nPerla<\/p>\n<p>Buit l\u2019U de plorar<br \/>\nDeliqui<br \/>\nLa meua Maria Rita<br \/>\nConsagraci\u00f3<\/p>\n<p>L\u2019enamorament, fandangos<br \/>\nAdoraci\u00f3 a Robina<br \/>\nHavanera papallones<br \/>\nPerdona Maria<\/p>\n<\/div>\n<\/div>\n<\/div>\n<\/div>\n","protected":false},"excerpt":{"rendered":"<p>La venta on-line finaliza el 07\/12\/25 a las 16:00.<br \/>\nA partir de ese momento las entradas pueden adquirirse \u00fanicamente en taquilla antes del inicio del concierto<\/p>\n","protected":false},"author":2,"featured_media":6166,"template":"","meta":{"ocean_post_layout":"","ocean_both_sidebars_style":"","ocean_both_sidebars_content_width":0,"ocean_both_sidebars_sidebars_width":0,"ocean_sidebar":"0","ocean_second_sidebar":"0","ocean_disable_margins":"enable","ocean_add_body_class":"","ocean_shortcode_before_top_bar":"","ocean_shortcode_after_top_bar":"","ocean_shortcode_before_header":"","ocean_shortcode_after_header":"","ocean_has_shortcode":"","ocean_shortcode_after_title":"","ocean_shortcode_before_footer_widgets":"","ocean_shortcode_after_footer_widgets":"","ocean_shortcode_before_footer_bottom":"","ocean_shortcode_after_footer_bottom":"","ocean_display_top_bar":"default","ocean_display_header":"default","ocean_header_style":"","ocean_center_header_left_menu":"0","ocean_custom_header_template":"0","ocean_custom_logo":4698,"ocean_custom_retina_logo":0,"ocean_custom_logo_max_width":0,"ocean_custom_logo_tablet_max_width":0,"ocean_custom_logo_mobile_max_width":0,"ocean_custom_logo_max_height":0,"ocean_custom_logo_tablet_max_height":0,"ocean_custom_logo_mobile_max_height":0,"ocean_header_custom_menu":"0","ocean_menu_typo_font_family":"0","ocean_menu_typo_font_subset":"","ocean_menu_typo_font_size":0,"ocean_menu_typo_font_size_tablet":0,"ocean_menu_typo_font_size_mobile":0,"ocean_menu_typo_font_size_unit":"px","ocean_menu_typo_font_weight":"","ocean_menu_typo_font_weight_tablet":"","ocean_menu_typo_font_weight_mobile":"","ocean_menu_typo_transform":"","ocean_menu_typo_transform_tablet":"","ocean_menu_typo_transform_mobile":"","ocean_menu_typo_line_height":0,"ocean_menu_typo_line_height_tablet":0,"ocean_menu_typo_line_height_mobile":0,"ocean_menu_typo_line_height_unit":"","ocean_menu_typo_spacing":0,"ocean_menu_typo_spacing_tablet":0,"ocean_menu_typo_spacing_mobile":0,"ocean_menu_typo_spacing_unit":"","ocean_menu_link_color":"","ocean_menu_link_color_hover":"","ocean_menu_link_color_active":"","ocean_menu_link_background":"","ocean_menu_link_hover_background":"","ocean_menu_link_active_background":"","ocean_menu_social_links_bg":"","ocean_menu_social_hover_links_bg":"","ocean_menu_social_links_color":"","ocean_menu_social_hover_links_color":"","ocean_disable_title":"default","ocean_disable_heading":"default","ocean_post_title":"","ocean_post_subheading":"","ocean_post_title_style":"","ocean_post_title_background_color":"","ocean_post_title_background":0,"ocean_post_title_bg_image_position":"","ocean_post_title_bg_image_attachment":"","ocean_post_title_bg_image_repeat":"","ocean_post_title_bg_image_size":"","ocean_post_title_height":0,"ocean_post_title_bg_overlay":0.5,"ocean_post_title_bg_overlay_color":"","ocean_disable_breadcrumbs":"default","ocean_breadcrumbs_color":"","ocean_breadcrumbs_separator_color":"","ocean_breadcrumbs_links_color":"","ocean_breadcrumbs_links_hover_color":"","ocean_display_footer_widgets":"default","ocean_display_footer_bottom":"default","ocean_custom_footer_template":"0"},"product_brand":[],"product_cat":[46],"product_tag":[],"class_list":{"0":"post-6163","1":"product","2":"type-product","3":"status-publish","4":"has-post-thumbnail","6":"product_cat-tardor-musical","8":"entry","9":"has-media","11":"first","12":"instock","13":"virtual","14":"taxable","15":"product-type-simple","16":"has-product-nav","17":"col","18":"span_1_of_4","19":"owp-content-left","20":"owp-thumbs-layout-horizontal","21":"owp-btn-normal","22":"owp-tabs-layout-vertical","23":"has-no-thumbnails"},"_links":{"self":[{"href":"https:\/\/culturalcomes.net\/ca\/wp-json\/wp\/v2\/product\/6163","targetHints":{"allow":["GET"]}}],"collection":[{"href":"https:\/\/culturalcomes.net\/ca\/wp-json\/wp\/v2\/product"}],"about":[{"href":"https:\/\/culturalcomes.net\/ca\/wp-json\/wp\/v2\/types\/product"}],"author":[{"embeddable":true,"href":"https:\/\/culturalcomes.net\/ca\/wp-json\/wp\/v2\/users\/2"}],"wp:featuredmedia":[{"embeddable":true,"href":"https:\/\/culturalcomes.net\/ca\/wp-json\/wp\/v2\/media\/6166"}],"wp:attachment":[{"href":"https:\/\/culturalcomes.net\/ca\/wp-json\/wp\/v2\/media?parent=6163"}],"wp:term":[{"taxonomy":"product_brand","embeddable":true,"href":"https:\/\/culturalcomes.net\/ca\/wp-json\/wp\/v2\/product_brand?post=6163"},{"taxonomy":"product_cat","embeddable":true,"href":"https:\/\/culturalcomes.net\/ca\/wp-json\/wp\/v2\/product_cat?post=6163"},{"taxonomy":"product_tag","embeddable":true,"href":"https:\/\/culturalcomes.net\/ca\/wp-json\/wp\/v2\/product_tag?post=6163"}],"curies":[{"name":"wp","href":"https:\/\/api.w.org\/{rel}","templated":true}]}}