{"id":6162,"date":"2025-11-04T16:01:50","date_gmt":"2025-11-04T15:01:50","guid":{"rendered":"https:\/\/culturalcomes.net\/?post_type=product&#038;p=6162"},"modified":"2025-12-04T09:18:08","modified_gmt":"2025-12-04T08:18:08","slug":"tardor-musical-2025-capella-de-ministrers","status":"publish","type":"product","link":"https:\/\/culturalcomes.net\/ca\/entradas\/tardor-musical-2025-capella-de-ministrers\/","title":{"rendered":"TARDOR MUSICAL 2025: Capella de Ministrers"},"content":{"rendered":"<p><strong>TARDOR MUSICAL <\/strong><br \/>\n<strong>MORELLA 2025<\/strong><\/p>\n<p>6 desembre &#8211; 19:00, Teatre Municipal<br \/>\nMIRACLES DE NOSTRA SENYORA<br \/>\nCapella de Ministrers &amp; Carles Magraner<b><span class=\"Apple-converted-space\"><br \/>\n<\/span><\/b><\/p>\n<div class=\"page\" title=\"Page 4\">\n<div class=\"section\">\n<div class=\"layoutArea\">\n<div class=\"column\">\n<p>Laia Blasco, veu<br \/>\nCarles Magraner, viola\/Viella<br \/>\nEduard Navarro, xirimia\/lla\u00fct\/cornamussa<br \/>\nJota Mar\u00ednez, an\u0303afil, lla\u00fct, ci\u0301tola, zanfona i guitarra<br \/>\nMiguel A\u0301ngel Orero, percussio\u0301<\/p>\n<p>Els Miracles de Nostre Dame (MND) de Gautier de Coinci (1177-1236), monjo benedict\u00ed, s\u00f3n considerats una de les fonts liter\u00e0ries m\u00e9s probables per als miracles narrats en les Cantigues de Santa Maria (CSM) d\u2019Alfons X. Es creu que el coneixement de les obres de Gautier va ser clau perqu\u00e8 Alfons i els seus col\u00b7laboradors crearen les CSM. Els MND inclouen relats de miracles relacionats amb santuaris francesos, que podrien haver influ\u00eft en les cantigues dedicades a aquestes advocacions marianes. A m\u00e9s, tant els MND com les CSM presenten una estructura similar de narraci\u00f3 de miracles i can\u00e7ons l\u00edriques, encara que en els MND nom\u00e9s les can\u00e7ons s\u00f3n musicalitzades, a difer\u00e8ncia de les CSM, on totes les cantigues ho s\u00f3n. El programa de Capella de Ministrers presenta una comparaci\u00f3 entre les versions de Coinci i Alfons X, explorant les melodies i els temes comuns de l\u2019Edat Mitjana al voltant de la Mare de D\u00e9u.<\/p>\n<p>PROGRAMA<\/p>\n<p>El trovador y la rosa<\/p>\n<p>Por la defensa contra los enga\u00f1os del demonio y las penas del infierno<\/p>\n<p>Madre de Dios, Virgen sabia<\/p>\n<p>La canci\u00f3n de los \u00c1ngeles<\/p>\n<p>Meestria y chanson<\/p>\n<\/div>\n<\/div>\n<\/div>\n<\/div>\n","protected":false},"excerpt":{"rendered":"<p>La venta on-line finaliza el 06\/12\/25 a las 16:00.<br \/>\nA partir de ese momento las entradas pueden adquirirse \u00fanicamente en taquilla antes del inicio del concierto<\/p>\n","protected":false},"author":2,"featured_media":6164,"template":"","meta":{"ocean_post_layout":"","ocean_both_sidebars_style":"","ocean_both_sidebars_content_width":0,"ocean_both_sidebars_sidebars_width":0,"ocean_sidebar":"0","ocean_second_sidebar":"0","ocean_disable_margins":"enable","ocean_add_body_class":"","ocean_shortcode_before_top_bar":"","ocean_shortcode_after_top_bar":"","ocean_shortcode_before_header":"","ocean_shortcode_after_header":"","ocean_has_shortcode":"","ocean_shortcode_after_title":"","ocean_shortcode_before_footer_widgets":"","ocean_shortcode_after_footer_widgets":"","ocean_shortcode_before_footer_bottom":"","ocean_shortcode_after_footer_bottom":"","ocean_display_top_bar":"default","ocean_display_header":"default","ocean_header_style":"","ocean_center_header_left_menu":"0","ocean_custom_header_template":"0","ocean_custom_logo":4698,"ocean_custom_retina_logo":0,"ocean_custom_logo_max_width":0,"ocean_custom_logo_tablet_max_width":0,"ocean_custom_logo_mobile_max_width":0,"ocean_custom_logo_max_height":0,"ocean_custom_logo_tablet_max_height":0,"ocean_custom_logo_mobile_max_height":0,"ocean_header_custom_menu":"0","ocean_menu_typo_font_family":"0","ocean_menu_typo_font_subset":"","ocean_menu_typo_font_size":0,"ocean_menu_typo_font_size_tablet":0,"ocean_menu_typo_font_size_mobile":0,"ocean_menu_typo_font_size_unit":"px","ocean_menu_typo_font_weight":"","ocean_menu_typo_font_weight_tablet":"","ocean_menu_typo_font_weight_mobile":"","ocean_menu_typo_transform":"","ocean_menu_typo_transform_tablet":"","ocean_menu_typo_transform_mobile":"","ocean_menu_typo_line_height":0,"ocean_menu_typo_line_height_tablet":0,"ocean_menu_typo_line_height_mobile":0,"ocean_menu_typo_line_height_unit":"","ocean_menu_typo_spacing":0,"ocean_menu_typo_spacing_tablet":0,"ocean_menu_typo_spacing_mobile":0,"ocean_menu_typo_spacing_unit":"","ocean_menu_link_color":"","ocean_menu_link_color_hover":"","ocean_menu_link_color_active":"","ocean_menu_link_background":"","ocean_menu_link_hover_background":"","ocean_menu_link_active_background":"","ocean_menu_social_links_bg":"","ocean_menu_social_hover_links_bg":"","ocean_menu_social_links_color":"","ocean_menu_social_hover_links_color":"","ocean_disable_title":"default","ocean_disable_heading":"default","ocean_post_title":"","ocean_post_subheading":"","ocean_post_title_style":"","ocean_post_title_background_color":"","ocean_post_title_background":0,"ocean_post_title_bg_image_position":"","ocean_post_title_bg_image_attachment":"","ocean_post_title_bg_image_repeat":"","ocean_post_title_bg_image_size":"","ocean_post_title_height":0,"ocean_post_title_bg_overlay":0.5,"ocean_post_title_bg_overlay_color":"","ocean_disable_breadcrumbs":"default","ocean_breadcrumbs_color":"","ocean_breadcrumbs_separator_color":"","ocean_breadcrumbs_links_color":"","ocean_breadcrumbs_links_hover_color":"","ocean_display_footer_widgets":"default","ocean_display_footer_bottom":"default","ocean_custom_footer_template":"0"},"product_brand":[],"product_cat":[46],"product_tag":[],"class_list":{"0":"post-6162","1":"product","2":"type-product","3":"status-publish","4":"has-post-thumbnail","6":"product_cat-tardor-musical","8":"entry","9":"has-media","11":"first","12":"instock","13":"virtual","14":"taxable","15":"product-type-simple","16":"has-product-nav","17":"col","18":"span_1_of_4","19":"owp-content-left","20":"owp-thumbs-layout-horizontal","21":"owp-btn-normal","22":"owp-tabs-layout-vertical","23":"has-no-thumbnails"},"_links":{"self":[{"href":"https:\/\/culturalcomes.net\/ca\/wp-json\/wp\/v2\/product\/6162","targetHints":{"allow":["GET"]}}],"collection":[{"href":"https:\/\/culturalcomes.net\/ca\/wp-json\/wp\/v2\/product"}],"about":[{"href":"https:\/\/culturalcomes.net\/ca\/wp-json\/wp\/v2\/types\/product"}],"author":[{"embeddable":true,"href":"https:\/\/culturalcomes.net\/ca\/wp-json\/wp\/v2\/users\/2"}],"wp:featuredmedia":[{"embeddable":true,"href":"https:\/\/culturalcomes.net\/ca\/wp-json\/wp\/v2\/media\/6164"}],"wp:attachment":[{"href":"https:\/\/culturalcomes.net\/ca\/wp-json\/wp\/v2\/media?parent=6162"}],"wp:term":[{"taxonomy":"product_brand","embeddable":true,"href":"https:\/\/culturalcomes.net\/ca\/wp-json\/wp\/v2\/product_brand?post=6162"},{"taxonomy":"product_cat","embeddable":true,"href":"https:\/\/culturalcomes.net\/ca\/wp-json\/wp\/v2\/product_cat?post=6162"},{"taxonomy":"product_tag","embeddable":true,"href":"https:\/\/culturalcomes.net\/ca\/wp-json\/wp\/v2\/product_tag?post=6162"}],"curies":[{"name":"wp","href":"https:\/\/api.w.org\/{rel}","templated":true}]}}