{"id":449,"date":"2023-11-03T18:16:52","date_gmt":"2023-11-03T17:16:52","guid":{"rendered":"https:\/\/culturalcomes.net\/programacio-mha\/san-juan-del-hospital\/"},"modified":"2026-04-20T14:54:33","modified_gmt":"2026-04-20T12:54:33","slug":"san-juan-del-hospital","status":"publish","type":"page","link":"https:\/\/culturalcomes.net\/ca\/programacio-mha\/san-juan-del-hospital\/","title":{"rendered":"Sant Joan de l&#8217;Hospital"},"content":{"rendered":"\n<div class=\"wp-block-getwid-advanced-heading has-custom-font-size\" style=\"font-size:26px\"><span class=\"wp-block-getwid-advanced-heading__content\" style=\"text-align:left;font-family:&quot;Aboreto&quot;;font-weight:normal\">VI EDICI\u00d3<\/span><\/div>\n\n\n<style>.kb-row-layout-id449_857a0d-f4 > .kt-row-column-wrap{align-content:start;}:where(.kb-row-layout-id449_857a0d-f4 > .kt-row-column-wrap) > .wp-block-kadence-column{justify-content:start;}.kb-row-layout-id449_857a0d-f4 > .kt-row-column-wrap{column-gap:var(--global-kb-gap-md, 2rem);row-gap:var(--global-kb-gap-md, 2rem);padding-top:var(--global-kb-spacing-sm, 1.5rem);padding-bottom:var(--global-kb-spacing-sm, 1.5rem);grid-template-columns:minmax(0, 1fr);}.kb-row-layout-id449_857a0d-f4 > .kt-row-layout-overlay{opacity:0.30;}@media all and (max-width: 1024px){.kb-row-layout-id449_857a0d-f4 > .kt-row-column-wrap{grid-template-columns:minmax(0, 1fr);}}@media all and (max-width: 767px){.kb-row-layout-id449_857a0d-f4 > .kt-row-column-wrap{grid-template-columns:minmax(0, 1fr);}}<\/style><div class=\"kb-row-layout-wrap kb-row-layout-id449_857a0d-f4 alignfull wp-block-kadence-rowlayout\"><div class=\"kt-row-column-wrap kt-has-1-columns kt-row-layout-equal kt-tab-layout-inherit kt-mobile-layout-row kt-row-valign-top\">\n<style>.kadence-column449_c8aeba-77 > .kt-inside-inner-col,.kadence-column449_c8aeba-77 > .kt-inside-inner-col:before{border-top-left-radius:0px;border-top-right-radius:0px;border-bottom-right-radius:0px;border-bottom-left-radius:0px;}.kadence-column449_c8aeba-77 > .kt-inside-inner-col{column-gap:var(--global-kb-gap-sm, 1rem);}.kadence-column449_c8aeba-77 > .kt-inside-inner-col{flex-direction:column;}.kadence-column449_c8aeba-77 > .kt-inside-inner-col > .aligncenter{width:100%;}.kadence-column449_c8aeba-77 > .kt-inside-inner-col:before{opacity:0.3;}.kadence-column449_c8aeba-77{position:relative;}@media all and (max-width: 1024px){.kadence-column449_c8aeba-77 > .kt-inside-inner-col{flex-direction:column;justify-content:center;}}@media all and (max-width: 767px){.kadence-column449_c8aeba-77 > .kt-inside-inner-col{flex-direction:column;justify-content:center;}}<\/style>\n<div class=\"wp-block-kadence-column kadence-column449_c8aeba-77\"><div class=\"kt-inside-inner-col\"><div class=\"wp-block-image\">\n<figure class=\"aligncenter size-large is-resized\"><img loading=\"lazy\" decoding=\"async\" width=\"1024\" height=\"439\" src=\"https:\/\/culturalcomes.net\/wp-content\/uploads\/2025\/03\/cabecera_SJH-1024x439.png\" alt=\"\" class=\"wp-image-4560\" style=\"width:415px;height:auto\" srcset=\"https:\/\/culturalcomes.net\/wp-content\/uploads\/2025\/03\/cabecera_SJH-1024x439.png 1024w, https:\/\/culturalcomes.net\/wp-content\/uploads\/2025\/03\/cabecera_SJH-768x329.png 768w, https:\/\/culturalcomes.net\/wp-content\/uploads\/2025\/03\/cabecera_SJH-1536x658.png 1536w, https:\/\/culturalcomes.net\/wp-content\/uploads\/2025\/03\/cabecera_SJH-600x257.png 600w, https:\/\/culturalcomes.net\/wp-content\/uploads\/2025\/03\/cabecera_SJH.png 2000w\" sizes=\"auto, (max-width: 1024px) 100vw, 1024px\" \/><\/figure>\n<\/div><\/div><\/div>\n\n<\/div><\/div>\n\n\n<div class=\"wp-block-getwid-advanced-heading has-custom-font-size\" style=\"font-size:35px\"><span class=\"wp-block-getwid-advanced-heading__content\" style=\"text-align:center;font-family:&quot;Aboreto&quot;;font-weight:normal\"><br>PROGRAMACI\u00d3 2026<\/span><\/div>\n\n\n<style>.kb-row-layout-id449_b0e7dc-71 > .kt-row-column-wrap{align-content:start;}:where(.kb-row-layout-id449_b0e7dc-71 > .kt-row-column-wrap) > .wp-block-kadence-column{justify-content:start;}.kb-row-layout-id449_b0e7dc-71 > .kt-row-column-wrap{column-gap:var(--global-kb-gap-md, 2rem);row-gap:var(--global-kb-gap-md, 2rem);padding-top:var(--global-kb-spacing-sm, 1.5rem);padding-bottom:var(--global-kb-spacing-sm, 1.5rem);}.kb-row-layout-id449_b0e7dc-71 > .kt-row-column-wrap > div:not(.added-for-specificity){grid-column:initial;}.kb-row-layout-id449_b0e7dc-71 > .kt-row-column-wrap{grid-template-columns:repeat(3, minmax(0, 1fr));}.kb-row-layout-id449_b0e7dc-71 > .kt-row-layout-overlay{opacity:0.30;}@media all and (max-width: 1024px){.kb-row-layout-id449_b0e7dc-71 > .kt-row-column-wrap > div:not(.added-for-specificity){grid-column:initial;}}@media all and (max-width: 1024px){.kb-row-layout-id449_b0e7dc-71 > .kt-row-column-wrap{grid-template-columns:repeat(3, minmax(0, 1fr));}}@media all and (max-width: 767px){.kb-row-layout-id449_b0e7dc-71 > .kt-row-column-wrap > div:not(.added-for-specificity){grid-column:initial;}.kb-row-layout-id449_b0e7dc-71 > .kt-row-column-wrap{grid-template-columns:minmax(0, 1fr);}}<\/style><div class=\"kb-row-layout-wrap kb-row-layout-id449_b0e7dc-71 alignfull wp-block-kadence-rowlayout\"><div class=\"kt-blocks-carousel kb-blocks-bg-slider kt-carousel-container-dotstyle-dark\"><div class=\"kt-blocks-carousel-init splide kb-blocks-bg-slider-init kt-carousel-arrowstyle-none kt-carousel-dotstyle-dark\" data-slider-anim-speed=\"400\" data-slider-type=\"slider\" data-slider-scroll=\"1\" data-slider-arrows=\"false\" data-slider-fade=\"true\" data-slider-dots=\"true\" data-slider-hover-pause=\"false\" data-slider-auto=\"true\" data-slider-speed=\"7000\" data-show-pause-button=\"false\"><div class=\"splide__track\"><ul class=\"splide__list\"><li class=\"splide__slide kb-bg-slide-contain\"><div  class=\"kb-bg-slide kb-bg-slide-0\" style=\"\"><\/div><\/li><\/ul><\/div><\/div><\/div><div class=\"kt-row-column-wrap kt-has-3-columns kt-row-layout-equal kt-tab-layout-inherit kt-mobile-layout-row kt-row-valign-top\">\n<style>.kadence-column449_d44643-8c > .kt-inside-inner-col,.kadence-column449_d44643-8c > .kt-inside-inner-col:before{border-top-left-radius:0px;border-top-right-radius:0px;border-bottom-right-radius:0px;border-bottom-left-radius:0px;}.kadence-column449_d44643-8c > .kt-inside-inner-col{column-gap:var(--global-kb-gap-sm, 1rem);}.kadence-column449_d44643-8c > .kt-inside-inner-col{flex-direction:column;}.kadence-column449_d44643-8c > .kt-inside-inner-col > .aligncenter{width:100%;}.kadence-column449_d44643-8c > .kt-inside-inner-col:before{opacity:0.3;}.kadence-column449_d44643-8c{position:relative;}@media all and (max-width: 1024px){.kadence-column449_d44643-8c > .kt-inside-inner-col{flex-direction:column;justify-content:center;}}@media all and (max-width: 767px){.kadence-column449_d44643-8c > .kt-inside-inner-col{flex-direction:column;justify-content:center;}}<\/style>\n<div class=\"wp-block-kadence-column kadence-column449_d44643-8c\"><div class=\"kt-inside-inner-col\">\n<div class=\"wp-block-getwid-banner has-vertical-alignment-bottom has-horizontal-alignment-left\"><a href=\"https:\/\/culturalcomes.net\/ca\/programacionsjh\/ensemble-alfonsi\/\" target=\"_blank\" rel=\"noreferrer noopener\" class=\"wp-block-getwid-banner__link\"><div class=\"wp-block-getwid-banner__wrapper\"><img loading=\"lazy\" decoding=\"async\" width=\"1080\" height=\"716\" src=\"https:\/\/culturalcomes.net\/wp-content\/uploads\/2026\/04\/EnsemAlfonsi.jpg\" alt=\"\" class=\"wp-block-getwid-banner__image wp-block-getwid-banner__source wp-image-6305\"\/><div class=\"wp-block-getwid-banner__caption\"><div class=\"wp-block-getwid-banner__caption-wrapper\"><span class=\"wp-block-getwid-banner__title\">Dimarts, 9 juny<\/span><p class=\"wp-block-getwid-banner__text\">SANTA MAR\u00cdA: ESPEJO DE VIRTUD<br>Ensemble Alfons\u00ed<\/p><\/div><\/div><\/div><\/a><\/div>\n<\/div><\/div>\n\n\n<style>.kadence-column449_c9a7f9-6c > .kt-inside-inner-col,.kadence-column449_c9a7f9-6c > .kt-inside-inner-col:before{border-top-left-radius:0px;border-top-right-radius:0px;border-bottom-right-radius:0px;border-bottom-left-radius:0px;}.kadence-column449_c9a7f9-6c > .kt-inside-inner-col{column-gap:var(--global-kb-gap-sm, 1rem);}.kadence-column449_c9a7f9-6c > .kt-inside-inner-col{flex-direction:column;}.kadence-column449_c9a7f9-6c > .kt-inside-inner-col > .aligncenter{width:100%;}.kadence-column449_c9a7f9-6c > .kt-inside-inner-col:before{opacity:0.3;}.kadence-column449_c9a7f9-6c{position:relative;}@media all and (max-width: 1024px){.kadence-column449_c9a7f9-6c > .kt-inside-inner-col{flex-direction:column;justify-content:center;}}@media all and (max-width: 767px){.kadence-column449_c9a7f9-6c > .kt-inside-inner-col{flex-direction:column;justify-content:center;}}<\/style>\n<div class=\"wp-block-kadence-column kadence-column449_c9a7f9-6c\"><div class=\"kt-inside-inner-col\">\n<div class=\"wp-block-getwid-banner has-vertical-alignment-bottom has-horizontal-alignment-left\"><a href=\"https:\/\/culturalcomes.net\/ca\/programacionsjh\/al-tayr-ensemble\/\" target=\"_blank\" rel=\"noreferrer noopener\" class=\"wp-block-getwid-banner__link\"><div class=\"wp-block-getwid-banner__wrapper\"><img loading=\"lazy\" decoding=\"async\" width=\"1000\" height=\"600\" src=\"https:\/\/culturalcomes.net\/wp-content\/uploads\/2026\/04\/Alberto-trio-23-copia.jpg\" alt=\"\" class=\"wp-block-getwid-banner__image wp-block-getwid-banner__source wp-image-6307\"\/><div class=\"wp-block-getwid-banner__caption\"><div class=\"wp-block-getwid-banner__caption-wrapper\"><span class=\"wp-block-getwid-banner__title\">Dijous, 11 juny<\/span><p class=\"wp-block-getwid-banner__text\">EL VIAJE DE ABENDINO<br>Al Tayr Ensemble<\/p><\/div><\/div><\/div><\/a><\/div>\n<\/div><\/div>\n\n\n<style>.kadence-column449_628a15-17 > .kt-inside-inner-col,.kadence-column449_628a15-17 > .kt-inside-inner-col:before{border-top-left-radius:0px;border-top-right-radius:0px;border-bottom-right-radius:0px;border-bottom-left-radius:0px;}.kadence-column449_628a15-17 > .kt-inside-inner-col{column-gap:var(--global-kb-gap-sm, 1rem);}.kadence-column449_628a15-17 > .kt-inside-inner-col{flex-direction:column;}.kadence-column449_628a15-17 > .kt-inside-inner-col > .aligncenter{width:100%;}.kadence-column449_628a15-17 > .kt-inside-inner-col:before{opacity:0.3;}.kadence-column449_628a15-17{position:relative;}@media all and (max-width: 1024px){.kadence-column449_628a15-17 > .kt-inside-inner-col{flex-direction:column;justify-content:center;}}@media all and (max-width: 767px){.kadence-column449_628a15-17 > .kt-inside-inner-col{flex-direction:column;justify-content:center;}}<\/style>\n<div class=\"wp-block-kadence-column kadence-column449_628a15-17\"><div class=\"kt-inside-inner-col\">\n<div class=\"wp-block-getwid-banner has-vertical-alignment-bottom has-horizontal-alignment-left\"><a href=\"Enlace permanente: https:\/\/culturalcomes.net\/ca\/programacionsjh\/cdm-carles-magraner-revelacions\/\" target=\"_blank\" rel=\"noreferrer noopener\" class=\"wp-block-getwid-banner__link\"><div class=\"wp-block-getwid-banner__wrapper\"><img loading=\"lazy\" decoding=\"async\" width=\"828\" height=\"457\" src=\"https:\/\/culturalcomes.net\/wp-content\/uploads\/2025\/03\/CarlesMagraner-e1776424767227.jpg\" alt=\"\" class=\"wp-block-getwid-banner__image wp-block-getwid-banner__source wp-image-4617\" srcset=\"https:\/\/culturalcomes.net\/wp-content\/uploads\/2025\/03\/CarlesMagraner-e1776424767227.jpg 828w, https:\/\/culturalcomes.net\/wp-content\/uploads\/2025\/03\/CarlesMagraner-e1776424767227-768x424.jpg 768w, https:\/\/culturalcomes.net\/wp-content\/uploads\/2025\/03\/CarlesMagraner-e1776424767227-600x331.jpg 600w\" sizes=\"auto, (max-width: 828px) 100vw, 828px\" \/><div class=\"wp-block-getwid-banner__caption\"><div class=\"wp-block-getwid-banner__caption-wrapper\"><span class=\"wp-block-getwid-banner__title\">Divendres, 12 juny<\/span><p class=\"wp-block-getwid-banner__text\">REVELACIONES CELESTIALES<br>Capella de Ministrers<br>Carles Magraner<\/p><\/div><\/div><\/div><\/a><\/div>\n<\/div><\/div>\n\n<\/div><\/div>\n\n\n<div style=\"height:59px\" aria-hidden=\"true\" class=\"wp-block-spacer\"><\/div>\n\n\n\n<div class=\"wp-block-buttons has-custom-font-size has-medium-font-size is-content-justification-center is-layout-flex wp-container-core-buttons-is-layout-16018d1d wp-block-buttons-is-layout-flex\">\n<div class=\"wp-block-button\"><a class=\"wp-block-button__link wp-element-button\" href=\"https:\/\/culturalcomes.net\/programacion-mha\/taquilla-musica-medieval-san-juan-del-hospital\/\">TAQUILLA<\/a><\/div>\n\n\n\n<div class=\"wp-block-button\"><a class=\"wp-block-button__link wp-element-button\" href=\"https:\/\/culturalcomes.net\/wp-content\/uploads\/2026\/04\/SJH26.jpg\">CARTELL<\/a><\/div>\n<\/div>\n\n\n\n<div style=\"height:59px\" aria-hidden=\"true\" class=\"wp-block-spacer\"><\/div>\n\n\n\n<div class=\"wp-block-columns alignfull are-vertically-aligned-center has-background is-layout-flex wp-container-core-columns-is-layout-9d6595d7 wp-block-columns-is-layout-flex\" style=\"background-color:#495252\">\n<div class=\"wp-block-column is-vertically-aligned-center is-layout-flow wp-block-column-is-layout-flow\" style=\"flex-basis:44.45%\"><\/div>\n\n\n\n<div class=\"wp-block-column is-vertically-aligned-center is-layout-flow wp-block-column-is-layout-flow\" style=\"flex-basis:30%\">\n<div style=\"height:59px\" aria-hidden=\"true\" class=\"wp-block-spacer\"><\/div>\n\n\n\n<figure class=\"wp-block-image alignwide size-full wp-duotone-unset-1\"><img loading=\"lazy\" decoding=\"async\" width=\"2560\" height=\"1781\" src=\"https:\/\/culturalcomes.net\/wp-content\/uploads\/2024\/04\/Iglesia_San_Juan_del_Hospital_Valencia-scaled.jpg\" alt=\"\" class=\"wp-image-2951\" srcset=\"https:\/\/culturalcomes.net\/wp-content\/uploads\/2024\/04\/Iglesia_San_Juan_del_Hospital_Valencia-scaled.jpg 2560w, https:\/\/culturalcomes.net\/wp-content\/uploads\/2024\/04\/Iglesia_San_Juan_del_Hospital_Valencia-1024x712.jpg 1024w, https:\/\/culturalcomes.net\/wp-content\/uploads\/2024\/04\/Iglesia_San_Juan_del_Hospital_Valencia-768x534.jpg 768w, https:\/\/culturalcomes.net\/wp-content\/uploads\/2024\/04\/Iglesia_San_Juan_del_Hospital_Valencia-1536x1069.jpg 1536w, https:\/\/culturalcomes.net\/wp-content\/uploads\/2024\/04\/Iglesia_San_Juan_del_Hospital_Valencia-2048x1425.jpg 2048w, https:\/\/culturalcomes.net\/wp-content\/uploads\/2024\/04\/Iglesia_San_Juan_del_Hospital_Valencia-600x417.jpg 600w\" sizes=\"auto, (max-width: 2560px) 100vw, 2560px\" \/><\/figure>\n\n\n\n<div class=\"wp-block-getwid-advanced-heading has-custom-font-size\" style=\"font-size:25px\"><span class=\"wp-block-getwid-advanced-heading__content\" style=\"font-family:\"Aboreto\";font-weight:normal\"><strong>Esgl\u00e9sia Sant Joan de l&#8217;Hospital<\/strong><\/span><\/div>\n\n\n\n<p class=\"has-text-align-left\">En la seua cerca de conjugar la hist\u00f2ria, la m\u00fasica i l&#8217;art en espais hist\u00f2rics de singular bellesa, el <strong>Festival de M\u00fasica Antiga &#8216;M\u00fasica, hist\u00f2ria i Art&#8217;<\/strong> presenta el cicle <strong>M\u00fasica Medieval en Sant Joan de l&#8217;Hospital<\/strong>. Concerts de m\u00fasica medieval que es complementen amb presentacions pr\u00e8vies i trobades amb els artistes en l&#8217;entorn arquitect\u00f2nic privilegiat de Sant Joan de l&#8217;Hospital, un conjunt hist\u00f2ric que alberga l&#8217;esgl\u00e9sia m\u00e9s antiga de Val\u00e8ncia, la primera que es va edificar a la ciutat despr\u00e9s de la Reconquesta sobre un territori concedit pel Rei Jaume I. El cicle de concerts M\u00fasica Medieval en Sant Joan de l&#8217;Hospital ofereix l&#8217;oportunitat d&#8217;endinsar-se en el repertori musical de l&#8217;Edat mitjana en un espai \u00fanic de la ciutat.<\/p>\n\n\n\n<hr class=\"wp-block-separator has-alpha-channel-opacity is-style-dots\"\/>\n\n\n\n<details class=\"wp-block-details is-layout-flow wp-block-details-is-layout-flow\" open><summary>Com arribar<\/summary>\n<iframe src=\"https:\/\/www.google.com\/maps\/embed?pb=!1m18!1m12!1m3!1d3079.7763088702463!2d-0.3754201878579954!3d39.474381912334714!2m3!1f0!2f0!3f0!3m2!1i1024!2i768!4f13.1!3m3!1m2!1s0xd6048b2f4115075%3A0x887160e351c92a4c!2sIglesia%20San%20Juan%20del%20Hospital!5e0!3m2!1ses!2ses!4v1713339189962!5m2!1ses!2ses\" width=\"400\" height=\"300\" style=\"border:0;\" allowfullscreen=\"\" loading=\"lazy\" referrerpolicy=\"no-referrer-when-downgrade\"><\/iframe>\n<\/details>\n<\/div>\n\n\n\n<div class=\"wp-block-column is-vertically-aligned-center is-layout-flow wp-block-column-is-layout-flow\" style=\"flex-basis:10%\"><\/div>\n<\/div>\n","protected":false},"excerpt":{"rendered":"<p>En la seua cerca de conjugar la hist\u00f2ria, la m\u00fasica i l&#8217;art en espais hist\u00f2rics de singular bellesa, el Festival de M\u00fasica Antiga &#8216;M\u00fasica, hist\u00f2ria i Art&#8217; presenta el cicle M\u00fasica Medieval en Sant Joan de l&#8217;Hospital. Concerts de m\u00fasica medieval que es complementen amb presentacions pr\u00e8vies i trobades amb els artistes en l&#8217;entorn arquitect\u00f2nic [&hellip;]<\/p>\n","protected":false},"author":1,"featured_media":0,"parent":442,"menu_order":0,"comment_status":"closed","ping_status":"closed","template":"","meta":{"ocean_post_layout":"","ocean_both_sidebars_style":"","ocean_both_sidebars_content_width":0,"ocean_both_sidebars_sidebars_width":0,"ocean_sidebar":"","ocean_second_sidebar":"","ocean_disable_margins":"enable","ocean_add_body_class":"","ocean_shortcode_before_top_bar":"","ocean_shortcode_after_top_bar":"","ocean_shortcode_before_header":"","ocean_shortcode_after_header":"","ocean_has_shortcode":"","ocean_shortcode_after_title":"","ocean_shortcode_before_footer_widgets":"","ocean_shortcode_after_footer_widgets":"","ocean_shortcode_before_footer_bottom":"","ocean_shortcode_after_footer_bottom":"","ocean_display_top_bar":"default","ocean_display_header":"default","ocean_header_style":"","ocean_center_header_left_menu":"","ocean_custom_header_template":"","ocean_custom_logo":0,"ocean_custom_retina_logo":0,"ocean_custom_logo_max_width":0,"ocean_custom_logo_tablet_max_width":0,"ocean_custom_logo_mobile_max_width":0,"ocean_custom_logo_max_height":0,"ocean_custom_logo_tablet_max_height":0,"ocean_custom_logo_mobile_max_height":0,"ocean_header_custom_menu":"","ocean_menu_typo_font_family":"","ocean_menu_typo_font_subset":"","ocean_menu_typo_font_size":0,"ocean_menu_typo_font_size_tablet":0,"ocean_menu_typo_font_size_mobile":0,"ocean_menu_typo_font_size_unit":"px","ocean_menu_typo_font_weight":"","ocean_menu_typo_font_weight_tablet":"","ocean_menu_typo_font_weight_mobile":"","ocean_menu_typo_transform":"","ocean_menu_typo_transform_tablet":"","ocean_menu_typo_transform_mobile":"","ocean_menu_typo_line_height":0,"ocean_menu_typo_line_height_tablet":0,"ocean_menu_typo_line_height_mobile":0,"ocean_menu_typo_line_height_unit":"","ocean_menu_typo_spacing":0,"ocean_menu_typo_spacing_tablet":0,"ocean_menu_typo_spacing_mobile":0,"ocean_menu_typo_spacing_unit":"","ocean_menu_link_color":"","ocean_menu_link_color_hover":"","ocean_menu_link_color_active":"","ocean_menu_link_background":"","ocean_menu_link_hover_background":"","ocean_menu_link_active_background":"","ocean_menu_social_links_bg":"","ocean_menu_social_hover_links_bg":"","ocean_menu_social_links_color":"","ocean_menu_social_hover_links_color":"","ocean_disable_title":"default","ocean_disable_heading":"default","ocean_post_title":"","ocean_post_subheading":"","ocean_post_title_style":"","ocean_post_title_background_color":"","ocean_post_title_background":0,"ocean_post_title_bg_image_position":"","ocean_post_title_bg_image_attachment":"","ocean_post_title_bg_image_repeat":"","ocean_post_title_bg_image_size":"","ocean_post_title_height":0,"ocean_post_title_bg_overlay":0.5,"ocean_post_title_bg_overlay_color":"","ocean_disable_breadcrumbs":"default","ocean_breadcrumbs_color":"","ocean_breadcrumbs_separator_color":"","ocean_breadcrumbs_links_color":"","ocean_breadcrumbs_links_hover_color":"","ocean_display_footer_widgets":"default","ocean_display_footer_bottom":"default","ocean_custom_footer_template":"","footnotes":""},"class_list":["post-449","page","type-page","status-publish","hentry","entry","owp-thumbs-layout-horizontal","owp-btn-normal","owp-tabs-layout-vertical","has-no-thumbnails","has-product-nav"],"_links":{"self":[{"href":"https:\/\/culturalcomes.net\/ca\/wp-json\/wp\/v2\/pages\/449","targetHints":{"allow":["GET"]}}],"collection":[{"href":"https:\/\/culturalcomes.net\/ca\/wp-json\/wp\/v2\/pages"}],"about":[{"href":"https:\/\/culturalcomes.net\/ca\/wp-json\/wp\/v2\/types\/page"}],"author":[{"embeddable":true,"href":"https:\/\/culturalcomes.net\/ca\/wp-json\/wp\/v2\/users\/1"}],"replies":[{"embeddable":true,"href":"https:\/\/culturalcomes.net\/ca\/wp-json\/wp\/v2\/comments?post=449"}],"version-history":[{"count":13,"href":"https:\/\/culturalcomes.net\/ca\/wp-json\/wp\/v2\/pages\/449\/revisions"}],"predecessor-version":[{"id":6451,"href":"https:\/\/culturalcomes.net\/ca\/wp-json\/wp\/v2\/pages\/449\/revisions\/6451"}],"up":[{"embeddable":true,"href":"https:\/\/culturalcomes.net\/ca\/wp-json\/wp\/v2\/pages\/442"}],"wp:attachment":[{"href":"https:\/\/culturalcomes.net\/ca\/wp-json\/wp\/v2\/media?parent=449"}],"curies":[{"name":"wp","href":"https:\/\/api.w.org\/{rel}","templated":true}]}}