{"id":445,"date":"2023-11-03T18:03:30","date_gmt":"2023-11-03T17:03:30","guid":{"rendered":"https:\/\/culturalcomes.net\/programacio-mha\/musiques-religioses-del-mon\/"},"modified":"2025-11-17T10:02:59","modified_gmt":"2025-11-17T09:02:59","slug":"musiques-religioses-del-mon","status":"publish","type":"page","link":"https:\/\/culturalcomes.net\/ca\/programacio-mha\/musiques-religioses-del-mon\/","title":{"rendered":"M\u00fasiques Religioses del M\u00f3n"},"content":{"rendered":"<div class=\"wp-block-image\">\n<figure class=\"aligncenter size-full\"><img loading=\"lazy\" decoding=\"async\" width=\"690\" height=\"358\" src=\"https:\/\/culturalcomes.net\/wp-content\/uploads\/2024\/03\/MRM-2.jpg\" alt=\"\" class=\"wp-image-2641\" srcset=\"https:\/\/culturalcomes.net\/wp-content\/uploads\/2024\/03\/MRM-2.jpg 690w, https:\/\/culturalcomes.net\/wp-content\/uploads\/2024\/03\/MRM-2-600x311.jpg 600w\" sizes=\"auto, (max-width: 690px) 100vw, 690px\" \/><\/figure>\n<\/div>\n\n\n<h3 class=\"wp-block-heading has-text-align-center has-large-font-size\">PALAU DE LA M\u00daSICA<\/h3>\n\n\n\n<h3 class=\"wp-block-heading has-text-align-center has-medium-font-size\">MAR\u00c7 \/ ABRIL 2025<\/h3>\n\n\n\n<div style=\"height:40px\" aria-hidden=\"true\" class=\"wp-block-spacer\"><\/div>\n\n\n\n<p><strong>M\u00fasiques Religioses del M\u00f3n<\/strong> \u00e9s un cicle de concerts per gaudir de la m\u00fasica religiosa de totes les cultures, independentment de les creences i les idees de cada espectador. Un espai de reflexi\u00f3 entorn de q\u00fcestions que rares vegades s\u00f3n abordades en la societat laica i que trobem pr\u00e0cticament en totes les religions, com la mort, el perd\u00f3, l\u2019eternitat, l\u2019\u00e0nima o la bondat.<\/p>\n\n\n\n<p>Totes les religions parteixen d\u2019una premissa b\u00e0sica: que les persones som imperfectes. Ens desorientem i repetim els mateixos errors una vegada i una altra, i per tant necessitem una veu que ens recorde sovint l\u2019antiga doctrina sobre el b\u00e9 i el mal, que estructure una rutina per a perdonar i potencie la nostra capacitat de compartir i d\u2019estimar. Enfront de la permanent exig\u00e8ncia de ser felices i afrontar amb optimisme cec els problemes aclaparadors de l\u2019exist\u00e8ncia amb frases motivacionals que serveixen m\u00e9s aviat de poca ajuda, les religions emeten un missatge compassiu cap a la nostra manera de pensar i actuar. En gran manera els recursos que empren per a aix\u00f2 transcendeixen el llenguatge verbal: <strong>la m\u00fasica, l\u2019art i l\u2019espai sacres<\/strong> ens han ajudat durant segles situant-nos en una \u00e0mplia perspectiva temporal i espacial. Escoltar una complexa polifonia sacra o el llenguatge antic de la lit\u00fargia ens posa en contacte amb una cosa molt <strong>antiga i profund, allunyat de la nostra realitat quotidiana.<\/strong> Entrar en una catedral, una sinagoga o una mesquita i al\u00e7ar la vista cap a l\u2019immens espai sobre nosaltres ens recorda el diminut que som en aquest fascinant i misteri\u00f3s univers, i amb aix\u00f2 les nostres preocupacions ens semblen insignificants tamb\u00e9.<\/p>\n\n\n<style>.wp-block-kadence-spacer.kt-block-spacer-445_98a455-cd .kt-block-spacer{height:60px;}.wp-block-kadence-spacer.kt-block-spacer-445_98a455-cd .kt-divider{border-top-width:1px;height:1px;border-top-color:#eee;width:80%;border-top-style:solid;}<\/style>\n<div class=\"wp-block-kadence-spacer aligncenter kt-block-spacer-445_98a455-cd\"><div class=\"kt-block-spacer kt-block-spacer-halign-center\"><hr class=\"kt-divider\"\/><\/div><\/div>\n\n\n\n<div style=\"height:42px\" aria-hidden=\"true\" class=\"wp-block-spacer\"><\/div>\n\n\n\n<h3 class=\"wp-block-heading has-text-align-center has-medium-font-size\">PROGRAMACI\u00d3<\/h3>\n\n\n<style>.kb-row-layout-id445_b6babc-16 > .kt-row-column-wrap{align-content:start;}:where(.kb-row-layout-id445_b6babc-16 > .kt-row-column-wrap) > .wp-block-kadence-column{justify-content:start;}.kb-row-layout-id445_b6babc-16 > .kt-row-column-wrap{column-gap:5px;row-gap:var(--global-kb-gap-sm, 1rem);max-width:1277px;margin-left:auto;margin-right:auto;padding-top:0px;padding-right:0px;padding-bottom:0px;}.kb-row-layout-id445_b6babc-16 > .kt-row-column-wrap > div:not(.added-for-specificity){grid-column:initial;}.kb-row-layout-id445_b6babc-16 > .kt-row-column-wrap{grid-template-columns:repeat(5, minmax(0, 1fr));}.kb-row-layout-id445_b6babc-16 > .kt-row-layout-overlay{opacity:0.30;mix-blend-mode:normal;}@media all and (max-width: 1024px){.kb-row-layout-id445_b6babc-16 > .kt-row-column-wrap > div:not(.added-for-specificity){grid-column:initial;}}@media all and (max-width: 1024px){.kb-row-layout-id445_b6babc-16 > .kt-row-column-wrap{grid-template-columns:repeat(5, minmax(0, 1fr));}}@media all and (max-width: 767px){.kb-row-layout-id445_b6babc-16 > .kt-row-column-wrap > div:not(.added-for-specificity){grid-column:initial;}.kb-row-layout-id445_b6babc-16 > .kt-row-column-wrap{grid-template-columns:minmax(0, 1fr);}}<\/style><div class=\"kb-row-layout-wrap kb-row-layout-id445_b6babc-16 alignfull wp-block-kadence-rowlayout\"><div class=\"kt-row-column-wrap kt-has-5-columns kt-row-layout-equal kt-tab-layout-inherit kt-mobile-layout-row kt-row-valign-top\">\n<style>.kadence-column445_54c2dc-2d > .kt-inside-inner-col,.kadence-column445_54c2dc-2d > .kt-inside-inner-col:before{border-top-left-radius:0px;border-top-right-radius:0px;border-bottom-right-radius:0px;border-bottom-left-radius:0px;}.kadence-column445_54c2dc-2d > .kt-inside-inner-col{column-gap:var(--global-kb-gap-sm, 1rem);}.kadence-column445_54c2dc-2d > .kt-inside-inner-col{flex-direction:column;}.kadence-column445_54c2dc-2d > .kt-inside-inner-col > .aligncenter{width:100%;}.kadence-column445_54c2dc-2d > .kt-inside-inner-col:before{opacity:0.3;}.kadence-column445_54c2dc-2d{position:relative;}@media all and (max-width: 1024px){.kadence-column445_54c2dc-2d > .kt-inside-inner-col{flex-direction:column;justify-content:center;}}@media all and (max-width: 767px){.kadence-column445_54c2dc-2d > .kt-inside-inner-col{flex-direction:column;justify-content:center;}}<\/style>\n<div class=\"wp-block-kadence-column kadence-column445_54c2dc-2d\"><div class=\"kt-inside-inner-col\">\n<div class=\"wp-block-getwid-banner has-animation-style4 has-text-animation-opacity-bottom\"><a href=\"https:\/\/culturalcomes.net\/ca\/mrm-ca\/ensemble-andalusi-de-tetuan\/\" class=\"wp-block-getwid-banner__link\"><div class=\"wp-block-getwid-banner__wrapper\"><img loading=\"lazy\" decoding=\"async\" width=\"1201\" height=\"900\" src=\"https:\/\/culturalcomes.net\/wp-content\/uploads\/2025\/02\/Foto.webp\" alt=\"\" class=\"wp-block-getwid-banner__image wp-block-getwid-banner__source wp-image-4369\" srcset=\"https:\/\/culturalcomes.net\/wp-content\/uploads\/2025\/02\/Foto.webp 1201w, https:\/\/culturalcomes.net\/wp-content\/uploads\/2025\/02\/Foto-1024x767.webp 1024w, https:\/\/culturalcomes.net\/wp-content\/uploads\/2025\/02\/Foto-768x576.webp 768w, https:\/\/culturalcomes.net\/wp-content\/uploads\/2025\/02\/Foto-600x450.webp 600w\" sizes=\"auto, (max-width: 1201px) 100vw, 1201px\" \/><div class=\"wp-block-getwid-banner__caption\"><div class=\"wp-block-getwid-banner__caption-wrapper\"><span class=\"wp-block-getwid-banner__title\"><br><br>Ensemble Andalus\u00ed de Tetu\u00e1n<\/span><p class=\"wp-block-getwid-banner__text\">Dissabte 22 de mar\u00e7, 19:00<\/p><\/div><\/div><\/div><\/a><\/div>\n<\/div><\/div>\n\n\n<style>.kadence-column445_4c1862-39 > .kt-inside-inner-col,.kadence-column445_4c1862-39 > .kt-inside-inner-col:before{border-top-left-radius:0px;border-top-right-radius:0px;border-bottom-right-radius:0px;border-bottom-left-radius:0px;}.kadence-column445_4c1862-39 > .kt-inside-inner-col{column-gap:var(--global-kb-gap-sm, 1rem);}.kadence-column445_4c1862-39 > .kt-inside-inner-col{flex-direction:column;}.kadence-column445_4c1862-39 > .kt-inside-inner-col > .aligncenter{width:100%;}.kadence-column445_4c1862-39 > .kt-inside-inner-col:before{opacity:0.3;}.kadence-column445_4c1862-39{position:relative;}@media all and (max-width: 1024px){.kadence-column445_4c1862-39 > .kt-inside-inner-col{flex-direction:column;justify-content:center;}}@media all and (max-width: 767px){.kadence-column445_4c1862-39 > .kt-inside-inner-col{flex-direction:column;justify-content:center;}}<\/style>\n<div class=\"wp-block-kadence-column kadence-column445_4c1862-39\"><div class=\"kt-inside-inner-col\">\n<div class=\"wp-block-getwid-banner has-animation-style4 has-text-animation-opacity-bottom\"><a href=\"https:\/\/culturalcomes.net\/ca\/mrm-ca\/ana-alcaide\/\" class=\"wp-block-getwid-banner__link\"><div class=\"wp-block-getwid-banner__wrapper\"><img loading=\"lazy\" decoding=\"async\" width=\"1810\" height=\"2560\" src=\"https:\/\/culturalcomes.net\/wp-content\/uploads\/2025\/02\/Foto-scaled.jpg\" alt=\"\" class=\"wp-block-getwid-banner__image wp-block-getwid-banner__source wp-image-4371\" srcset=\"https:\/\/culturalcomes.net\/wp-content\/uploads\/2025\/02\/Foto-scaled.jpg 1810w, https:\/\/culturalcomes.net\/wp-content\/uploads\/2025\/02\/Foto-724x1024.jpg 724w, https:\/\/culturalcomes.net\/wp-content\/uploads\/2025\/02\/Foto-768x1086.jpg 768w, https:\/\/culturalcomes.net\/wp-content\/uploads\/2025\/02\/Foto-1086x1536.jpg 1086w, https:\/\/culturalcomes.net\/wp-content\/uploads\/2025\/02\/Foto-1448x2048.jpg 1448w, https:\/\/culturalcomes.net\/wp-content\/uploads\/2025\/02\/Foto-600x848.jpg 600w\" sizes=\"auto, (max-width: 1810px) 100vw, 1810px\" \/><div class=\"wp-block-getwid-banner__caption\"><div class=\"wp-block-getwid-banner__caption-wrapper\"><span class=\"wp-block-getwid-banner__title\"><br>Ana <br>Alcaide<\/span><p class=\"wp-block-getwid-banner__text\">Dimarts 25 de mar\u00e7, 19:30<\/p><\/div><\/div><\/div><\/a><\/div>\n<\/div><\/div>\n\n\n<style>.kadence-column445_6a15e5-db > .kt-inside-inner-col,.kadence-column445_6a15e5-db > .kt-inside-inner-col:before{border-top-left-radius:0px;border-top-right-radius:0px;border-bottom-right-radius:0px;border-bottom-left-radius:0px;}.kadence-column445_6a15e5-db > .kt-inside-inner-col{column-gap:var(--global-kb-gap-sm, 1rem);}.kadence-column445_6a15e5-db > .kt-inside-inner-col{flex-direction:column;}.kadence-column445_6a15e5-db > .kt-inside-inner-col > .aligncenter{width:100%;}.kadence-column445_6a15e5-db > .kt-inside-inner-col:before{opacity:0.3;}.kadence-column445_6a15e5-db{position:relative;}@media all and (max-width: 1024px){.kadence-column445_6a15e5-db > .kt-inside-inner-col{flex-direction:column;justify-content:center;}}@media all and (max-width: 767px){.kadence-column445_6a15e5-db > .kt-inside-inner-col{flex-direction:column;justify-content:center;}}<\/style>\n<div class=\"wp-block-kadence-column kadence-column445_6a15e5-db\"><div class=\"kt-inside-inner-col\">\n<div class=\"wp-block-getwid-banner has-animation-style4 has-text-animation-opacity-bottom\"><a href=\"https:\/\/culturalcomes.net\/ca\/mrm-ca\/raag-chakra\/\" class=\"wp-block-getwid-banner__link\"><div class=\"wp-block-getwid-banner__wrapper\"><img loading=\"lazy\" decoding=\"async\" width=\"567\" height=\"405\" src=\"https:\/\/culturalcomes.net\/wp-content\/uploads\/2025\/02\/trioindia-copia.png\" alt=\"\" class=\"wp-block-getwid-banner__image wp-block-getwid-banner__source wp-image-4373\"\/><div class=\"wp-block-getwid-banner__caption\"><div class=\"wp-block-getwid-banner__caption-wrapper\"><span class=\"wp-block-getwid-banner__title\"><br>Raag Chakra<\/span><p class=\"wp-block-getwid-banner__text\">Dimecres 2 de abril, 19:30<\/p><\/div><\/div><\/div><\/a><\/div>\n<\/div><\/div>\n\n\n<style>.kadence-column445_7a7ffe-3a > .kt-inside-inner-col,.kadence-column445_7a7ffe-3a > .kt-inside-inner-col:before{border-top-left-radius:0px;border-top-right-radius:0px;border-bottom-right-radius:0px;border-bottom-left-radius:0px;}.kadence-column445_7a7ffe-3a > .kt-inside-inner-col{column-gap:var(--global-kb-gap-sm, 1rem);}.kadence-column445_7a7ffe-3a > .kt-inside-inner-col{flex-direction:column;}.kadence-column445_7a7ffe-3a > .kt-inside-inner-col > .aligncenter{width:100%;}.kadence-column445_7a7ffe-3a > .kt-inside-inner-col:before{opacity:0.3;}.kadence-column445_7a7ffe-3a{position:relative;}@media all and (max-width: 1024px){.kadence-column445_7a7ffe-3a > .kt-inside-inner-col{flex-direction:column;justify-content:center;}}@media all and (max-width: 767px){.kadence-column445_7a7ffe-3a > .kt-inside-inner-col{flex-direction:column;justify-content:center;}}<\/style>\n<div class=\"wp-block-kadence-column kadence-column445_7a7ffe-3a\"><div class=\"kt-inside-inner-col\">\n<div class=\"wp-block-getwid-banner has-animation-style4 has-text-animation-opacity-bottom\"><a href=\"https:\/\/culturalcomes.net\/ca\/mrm-ca\/avocal-cdm\/\" class=\"wp-block-getwid-banner__link\"><div class=\"wp-block-getwid-banner__wrapper\"><img loading=\"lazy\" decoding=\"async\" width=\"1181\" height=\"787\" src=\"https:\/\/culturalcomes.net\/wp-content\/uploads\/2025\/02\/IMG_8523-copia-2.jpg\" alt=\"\" class=\"wp-block-getwid-banner__image wp-block-getwid-banner__source wp-image-4375\" srcset=\"https:\/\/culturalcomes.net\/wp-content\/uploads\/2025\/02\/IMG_8523-copia-2.jpg 1181w, https:\/\/culturalcomes.net\/wp-content\/uploads\/2025\/02\/IMG_8523-copia-2-1024x682.jpg 1024w, https:\/\/culturalcomes.net\/wp-content\/uploads\/2025\/02\/IMG_8523-copia-2-768x512.jpg 768w, https:\/\/culturalcomes.net\/wp-content\/uploads\/2025\/02\/IMG_8523-copia-2-600x400.jpg 600w\" sizes=\"auto, (max-width: 1181px) 100vw, 1181px\" \/><div class=\"wp-block-getwid-banner__caption\"><div class=\"wp-block-getwid-banner__caption-wrapper\"><span class=\"wp-block-getwid-banner__title\"><br>AVocal <br>CdM<\/span><p class=\"wp-block-getwid-banner__text\">Dimecres 9 de abril, 19:30<\/p><\/div><\/div><\/div><\/a><\/div>\n<\/div><\/div>\n\n\n<style>.kadence-column445_881570-c5 > .kt-inside-inner-col,.kadence-column445_881570-c5 > .kt-inside-inner-col:before{border-top-left-radius:0px;border-top-right-radius:0px;border-bottom-right-radius:0px;border-bottom-left-radius:0px;}.kadence-column445_881570-c5 > .kt-inside-inner-col{column-gap:var(--global-kb-gap-sm, 1rem);}.kadence-column445_881570-c5 > .kt-inside-inner-col{flex-direction:column;}.kadence-column445_881570-c5 > .kt-inside-inner-col > .aligncenter{width:100%;}.kadence-column445_881570-c5 > .kt-inside-inner-col:before{opacity:0.3;}.kadence-column445_881570-c5{position:relative;}@media all and (max-width: 1024px){.kadence-column445_881570-c5 > .kt-inside-inner-col{flex-direction:column;justify-content:center;}}@media all and (max-width: 767px){.kadence-column445_881570-c5 > .kt-inside-inner-col{flex-direction:column;justify-content:center;}}<\/style>\n<div class=\"wp-block-kadence-column kadence-column445_881570-c5\"><div class=\"kt-inside-inner-col\">\n<div class=\"wp-block-getwid-banner has-animation-style4 has-text-animation-opacity-bottom\"><a href=\"https:\/\/culturalcomes.net\/ca\/mrm-ca\/capella-de-ministrers-carles-magraner\/\" class=\"wp-block-getwid-banner__link\"><div class=\"wp-block-getwid-banner__wrapper\"><img loading=\"lazy\" decoding=\"async\" width=\"1024\" height=\"577\" src=\"https:\/\/culturalcomes.net\/wp-content\/uploads\/2025\/02\/8.jpg\" alt=\"\" class=\"wp-block-getwid-banner__image wp-block-getwid-banner__source wp-image-4377\" srcset=\"https:\/\/culturalcomes.net\/wp-content\/uploads\/2025\/02\/8.jpg 1024w, https:\/\/culturalcomes.net\/wp-content\/uploads\/2025\/02\/8-768x433.jpg 768w, https:\/\/culturalcomes.net\/wp-content\/uploads\/2025\/02\/8-800x450.jpg 800w, https:\/\/culturalcomes.net\/wp-content\/uploads\/2025\/02\/8-600x338.jpg 600w\" sizes=\"auto, (max-width: 1024px) 100vw, 1024px\" \/><div class=\"wp-block-getwid-banner__caption\"><div class=\"wp-block-getwid-banner__caption-wrapper\"><span class=\"wp-block-getwid-banner__title\"><br>Capella de Ministrers<\/span><p class=\"wp-block-getwid-banner__text\">Dimarts 15 de abril, 19:30<\/p><\/div><\/div><\/div><\/a><\/div>\n<\/div><\/div>\n\n<\/div><\/div>\n\n<style>.wp-block-kadence-spacer.kt-block-spacer-445_d52201-0a .kt-block-spacer{height:60px;}.wp-block-kadence-spacer.kt-block-spacer-445_d52201-0a .kt-divider{border-top-width:1px;height:1px;border-top-color:#eee;width:80%;border-top-style:solid;}<\/style>\n<div class=\"wp-block-kadence-spacer aligncenter kt-block-spacer-445_d52201-0a\"><div class=\"kt-block-spacer kt-block-spacer-halign-center\"><hr class=\"kt-divider\"\/><\/div><\/div>\n\n\n\n<figure class=\"wp-block-image size-large\"><img loading=\"lazy\" decoding=\"async\" width=\"1024\" height=\"253\" src=\"https:\/\/culturalcomes.net\/wp-content\/uploads\/2025\/04\/colaboradoresMHA25-1024x253.jpg\" alt=\"\" class=\"wp-image-4682\" srcset=\"https:\/\/culturalcomes.net\/wp-content\/uploads\/2025\/04\/colaboradoresMHA25-1024x253.jpg 1024w, https:\/\/culturalcomes.net\/wp-content\/uploads\/2025\/04\/colaboradoresMHA25-768x190.jpg 768w, https:\/\/culturalcomes.net\/wp-content\/uploads\/2025\/04\/colaboradoresMHA25-1536x379.jpg 1536w, https:\/\/culturalcomes.net\/wp-content\/uploads\/2025\/04\/colaboradoresMHA25-2048x506.jpg 2048w, https:\/\/culturalcomes.net\/wp-content\/uploads\/2025\/04\/colaboradoresMHA25-600x148.jpg 600w\" sizes=\"auto, (max-width: 1024px) 100vw, 1024px\" \/><\/figure>\n\n\n<style>.wp-block-kadence-spacer.kt-block-spacer-445_a77a86-80 .kt-block-spacer{height:60px;}.wp-block-kadence-spacer.kt-block-spacer-445_a77a86-80 .kt-divider{border-top-width:1px;height:1px;border-top-color:#eee;width:80%;border-top-style:solid;}<\/style>\n<div class=\"wp-block-kadence-spacer aligncenter kt-block-spacer-445_a77a86-80\"><div class=\"kt-block-spacer kt-block-spacer-halign-center\"><hr class=\"kt-divider\"\/><\/div><\/div>\n\n\n\n<div class=\"wp-block-buttons is-content-justification-center is-layout-flex wp-container-core-buttons-is-layout-16018d1d wp-block-buttons-is-layout-flex\">\n<div class=\"wp-block-button\"><a class=\"wp-block-button__link wp-element-button\" href=\"https:\/\/palauvalencia.com\/programacio-i-vendes\/\" rel=\"nofollow noopener\" target=\"_blank\"> Informaci\u00f3 i venda de entrades<\/a><\/div>\n<\/div>\n\n\n\n<div style=\"height:42px\" aria-hidden=\"true\" class=\"wp-block-spacer\"><\/div>\n\n\n\n<p><\/p>\n","protected":false},"excerpt":{"rendered":"<p>PALAU DE LA M\u00daSICA MAR\u00c7 \/ ABRIL 2025 M\u00fasiques Religioses del M\u00f3n \u00e9s un cicle de concerts per gaudir de la m\u00fasica religiosa de totes les cultures, independentment de les creences i les idees de cada espectador. Un espai de reflexi\u00f3 entorn de q\u00fcestions que rares vegades s\u00f3n abordades en la societat laica i que [&hellip;]<\/p>\n","protected":false},"author":1,"featured_media":0,"parent":442,"menu_order":0,"comment_status":"closed","ping_status":"closed","template":"","meta":{"ocean_post_layout":"","ocean_both_sidebars_style":"","ocean_both_sidebars_content_width":0,"ocean_both_sidebars_sidebars_width":0,"ocean_sidebar":"","ocean_second_sidebar":"","ocean_disable_margins":"on","ocean_add_body_class":"","ocean_shortcode_before_top_bar":"","ocean_shortcode_after_top_bar":"","ocean_shortcode_before_header":"","ocean_shortcode_after_header":"","ocean_has_shortcode":"","ocean_shortcode_after_title":"","ocean_shortcode_before_footer_widgets":"","ocean_shortcode_after_footer_widgets":"","ocean_shortcode_before_footer_bottom":"","ocean_shortcode_after_footer_bottom":"","ocean_display_top_bar":"default","ocean_display_header":"default","ocean_header_style":"","ocean_center_header_left_menu":"","ocean_custom_header_template":"","ocean_custom_logo":0,"ocean_custom_retina_logo":0,"ocean_custom_logo_max_width":0,"ocean_custom_logo_tablet_max_width":0,"ocean_custom_logo_mobile_max_width":0,"ocean_custom_logo_max_height":0,"ocean_custom_logo_tablet_max_height":0,"ocean_custom_logo_mobile_max_height":0,"ocean_header_custom_menu":"","ocean_menu_typo_font_family":"","ocean_menu_typo_font_subset":"","ocean_menu_typo_font_size":0,"ocean_menu_typo_font_size_tablet":0,"ocean_menu_typo_font_size_mobile":0,"ocean_menu_typo_font_size_unit":"px","ocean_menu_typo_font_weight":"","ocean_menu_typo_font_weight_tablet":"","ocean_menu_typo_font_weight_mobile":"","ocean_menu_typo_transform":"","ocean_menu_typo_transform_tablet":"","ocean_menu_typo_transform_mobile":"","ocean_menu_typo_line_height":0,"ocean_menu_typo_line_height_tablet":0,"ocean_menu_typo_line_height_mobile":0,"ocean_menu_typo_line_height_unit":"","ocean_menu_typo_spacing":0,"ocean_menu_typo_spacing_tablet":0,"ocean_menu_typo_spacing_mobile":0,"ocean_menu_typo_spacing_unit":"","ocean_menu_link_color":"","ocean_menu_link_color_hover":"","ocean_menu_link_color_active":"","ocean_menu_link_background":"","ocean_menu_link_hover_background":"","ocean_menu_link_active_background":"","ocean_menu_social_links_bg":"","ocean_menu_social_hover_links_bg":"","ocean_menu_social_links_color":"","ocean_menu_social_hover_links_color":"","ocean_disable_title":"default","ocean_disable_heading":"default","ocean_post_title":"","ocean_post_subheading":"","ocean_post_title_style":"","ocean_post_title_background_color":"","ocean_post_title_background":0,"ocean_post_title_bg_image_position":"","ocean_post_title_bg_image_attachment":"","ocean_post_title_bg_image_repeat":"","ocean_post_title_bg_image_size":"","ocean_post_title_height":0,"ocean_post_title_bg_overlay":0.5,"ocean_post_title_bg_overlay_color":"","ocean_disable_breadcrumbs":"default","ocean_breadcrumbs_color":"","ocean_breadcrumbs_separator_color":"","ocean_breadcrumbs_links_color":"","ocean_breadcrumbs_links_hover_color":"","ocean_display_footer_widgets":"default","ocean_display_footer_bottom":"default","ocean_custom_footer_template":"","footnotes":""},"class_list":["post-445","page","type-page","status-publish","hentry","entry","owp-thumbs-layout-horizontal","owp-btn-normal","owp-tabs-layout-vertical","has-no-thumbnails","has-product-nav"],"_links":{"self":[{"href":"https:\/\/culturalcomes.net\/ca\/wp-json\/wp\/v2\/pages\/445","targetHints":{"allow":["GET"]}}],"collection":[{"href":"https:\/\/culturalcomes.net\/ca\/wp-json\/wp\/v2\/pages"}],"about":[{"href":"https:\/\/culturalcomes.net\/ca\/wp-json\/wp\/v2\/types\/page"}],"author":[{"embeddable":true,"href":"https:\/\/culturalcomes.net\/ca\/wp-json\/wp\/v2\/users\/1"}],"replies":[{"embeddable":true,"href":"https:\/\/culturalcomes.net\/ca\/wp-json\/wp\/v2\/comments?post=445"}],"version-history":[{"count":5,"href":"https:\/\/culturalcomes.net\/ca\/wp-json\/wp\/v2\/pages\/445\/revisions"}],"predecessor-version":[{"id":6173,"href":"https:\/\/culturalcomes.net\/ca\/wp-json\/wp\/v2\/pages\/445\/revisions\/6173"}],"up":[{"embeddable":true,"href":"https:\/\/culturalcomes.net\/ca\/wp-json\/wp\/v2\/pages\/442"}],"wp:attachment":[{"href":"https:\/\/culturalcomes.net\/ca\/wp-json\/wp\/v2\/media?parent=445"}],"curies":[{"name":"wp","href":"https:\/\/api.w.org\/{rel}","templated":true}]}}