{"id":443,"date":"2023-11-03T16:36:27","date_gmt":"2023-11-03T15:36:27","guid":{"rendered":"https:\/\/culturalcomes.net\/programacio-mha\/festival-mha\/"},"modified":"2025-02-25T12:34:41","modified_gmt":"2025-02-25T11:34:41","slug":"festival-mha","status":"publish","type":"page","link":"https:\/\/culturalcomes.net\/ca\/programacio-mha\/festival-mha\/","title":{"rendered":"Festival MHA"},"content":{"rendered":"\n<h1 class=\"wp-block-heading has-text-align-center has-luminous-vivid-amber-background-color has-background has-medium-font-size\"><strong>PROGRAMACI\u00d3 XXVI EDICI\u00d3 &#8211; 2025<\/strong><\/h1>\n\n\n\n<div class=\"wp-block-columns is-layout-flex wp-container-core-columns-is-layout-9d6595d7 wp-block-columns-is-layout-flex\">\n<div class=\"wp-block-column is-layout-flow wp-block-column-is-layout-flow\"><div class=\"wp-block-image\">\n<figure class=\"aligncenter size-large is-resized\"><img decoding=\"async\" src=\"https:\/\/academiacdm.es\/wp-content\/uploads\/2024\/12\/tempimage3rv8zg.jpg\" alt=\"\" style=\"width:354px;height:auto\"\/><\/figure>\n<\/div>\n\n\n<div class=\"wp-block-buttons is-content-justification-left is-nowrap is-layout-flex wp-container-core-buttons-is-layout-6447b855 wp-block-buttons-is-layout-flex\">\n<div class=\"wp-block-button\"><a class=\"wp-block-button__link wp-element-button\" href=\"https:\/\/academiacdm.es\/2024\/01\/02\/academiacdm\/\" rel=\"nofollow noopener\" target=\"_blank\">Info completa<\/a><\/div>\n<\/div>\n<\/div>\n\n\n\n<div class=\"wp-block-column is-layout-flow wp-block-column-is-layout-flow\">\n<p>Del 18 al 23 de febrero<br><strong>Acad\u00e8mia CdM<\/strong><br><br><strong>21 de febrer&nbsp;\u00b7<\/strong>&nbsp;Centre del Carme de Cultura Contempor\u00e0nia. Val\u00e8ncia&nbsp;<\/p>\n\n\n\n<p><strong>22 de febrer \u00b7&nbsp;<\/strong>Museu de Belles Arts.&nbsp;Castell\u00f3&nbsp;<\/p>\n\n\n\n<p><strong>23 de febrer&nbsp;\u00b7&nbsp;<\/strong>Espacio S\u00e9neca<em>.<\/em>&nbsp;Alacant<\/p>\n\n\n\n<p><strong>27, 28 o 29 de maig \u00b7<\/strong>&nbsp;Festival MAG. Granada<\/p>\n\n\n\n<p><strong>4 de juliol&nbsp;\u00b7&nbsp;<\/strong>Festival Renacentista Ayora. Valencia<\/p>\n\n\n\n<p><strong>5 de juliol \u00b7&nbsp;<\/strong>Monestir Sant Jeroni de Cotalba. Valencia<\/p>\n\n\n\n<p><strong>19 de juliol \u00b7<\/strong>&nbsp;<a href=\"https:\/\/earlymusicmorella.com\/academia-cdm-2\/\" rel=\"nofollow noopener\" target=\"_blank\">Early Music Morella, Morella<\/a>&nbsp;(Castell\u00f3)<\/p>\n\n\n\n<p><strong>6&nbsp;de setembre<\/strong>&nbsp;<strong>\u00b7<\/strong>&nbsp;<a href=\"http:\/\/www.renaixement.es\/\" rel=\"nofollow noopener\" target=\"_blank\">Festival Renaixement<\/a>, Val\u00e8ncia<\/p>\n\n\n\n<p><strong>7 de setembre<\/strong>&nbsp;\u00b7 X\u00e0bia<em>.<\/em>&nbsp;Alacant<\/p>\n<\/div>\n<\/div>\n\n\n\n<hr class=\"wp-block-separator has-text-color has-luminous-vivid-amber-color has-alpha-channel-opacity has-luminous-vivid-amber-background-color has-background\"\/>\n\n\n\n<div style=\"height:41px\" aria-hidden=\"true\" class=\"wp-block-spacer\"><\/div>\n","protected":false},"excerpt":{"rendered":"<p>PROGRAMACI\u00d3 XXVI EDICI\u00d3 &#8211; 2025 Del 18 al 23 de febreroAcad\u00e8mia CdM 21 de febrer&nbsp;\u00b7&nbsp;Centre del Carme de Cultura Contempor\u00e0nia. Val\u00e8ncia&nbsp; 22 de febrer \u00b7&nbsp;Museu de Belles Arts.&nbsp;Castell\u00f3&nbsp; 23 de febrer&nbsp;\u00b7&nbsp;Espacio S\u00e9neca.&nbsp;Alacant 27, 28 o 29 de maig \u00b7&nbsp;Festival MAG. Granada 4 de juliol&nbsp;\u00b7&nbsp;Festival Renacentista Ayora. Valencia 5 de juliol \u00b7&nbsp;Monestir Sant Jeroni de Cotalba. [&hellip;]<\/p>\n","protected":false},"author":1,"featured_media":0,"parent":442,"menu_order":0,"comment_status":"closed","ping_status":"closed","template":"","meta":{"ocean_post_layout":"","ocean_both_sidebars_style":"","ocean_both_sidebars_content_width":0,"ocean_both_sidebars_sidebars_width":0,"ocean_sidebar":"","ocean_second_sidebar":"","ocean_disable_margins":"enable","ocean_add_body_class":"","ocean_shortcode_before_top_bar":"","ocean_shortcode_after_top_bar":"","ocean_shortcode_before_header":"","ocean_shortcode_after_header":"","ocean_has_shortcode":"","ocean_shortcode_after_title":"","ocean_shortcode_before_footer_widgets":"","ocean_shortcode_after_footer_widgets":"","ocean_shortcode_before_footer_bottom":"","ocean_shortcode_after_footer_bottom":"","ocean_display_top_bar":"default","ocean_display_header":"default","ocean_header_style":"","ocean_center_header_left_menu":"","ocean_custom_header_template":"","ocean_custom_logo":0,"ocean_custom_retina_logo":0,"ocean_custom_logo_max_width":0,"ocean_custom_logo_tablet_max_width":0,"ocean_custom_logo_mobile_max_width":0,"ocean_custom_logo_max_height":0,"ocean_custom_logo_tablet_max_height":0,"ocean_custom_logo_mobile_max_height":0,"ocean_header_custom_menu":"","ocean_menu_typo_font_family":"","ocean_menu_typo_font_subset":"","ocean_menu_typo_font_size":0,"ocean_menu_typo_font_size_tablet":0,"ocean_menu_typo_font_size_mobile":0,"ocean_menu_typo_font_size_unit":"px","ocean_menu_typo_font_weight":"","ocean_menu_typo_font_weight_tablet":"","ocean_menu_typo_font_weight_mobile":"","ocean_menu_typo_transform":"","ocean_menu_typo_transform_tablet":"","ocean_menu_typo_transform_mobile":"","ocean_menu_typo_line_height":0,"ocean_menu_typo_line_height_tablet":0,"ocean_menu_typo_line_height_mobile":0,"ocean_menu_typo_line_height_unit":"","ocean_menu_typo_spacing":0,"ocean_menu_typo_spacing_tablet":0,"ocean_menu_typo_spacing_mobile":0,"ocean_menu_typo_spacing_unit":"","ocean_menu_link_color":"","ocean_menu_link_color_hover":"","ocean_menu_link_color_active":"","ocean_menu_link_background":"","ocean_menu_link_hover_background":"","ocean_menu_link_active_background":"","ocean_menu_social_links_bg":"","ocean_menu_social_hover_links_bg":"","ocean_menu_social_links_color":"","ocean_menu_social_hover_links_color":"","ocean_disable_title":"default","ocean_disable_heading":"default","ocean_post_title":"","ocean_post_subheading":"","ocean_post_title_style":"","ocean_post_title_background_color":"","ocean_post_title_background":0,"ocean_post_title_bg_image_position":"","ocean_post_title_bg_image_attachment":"","ocean_post_title_bg_image_repeat":"","ocean_post_title_bg_image_size":"","ocean_post_title_height":0,"ocean_post_title_bg_overlay":0.5,"ocean_post_title_bg_overlay_color":"","ocean_disable_breadcrumbs":"default","ocean_breadcrumbs_color":"","ocean_breadcrumbs_separator_color":"","ocean_breadcrumbs_links_color":"","ocean_breadcrumbs_links_hover_color":"","ocean_display_footer_widgets":"default","ocean_display_footer_bottom":"default","ocean_custom_footer_template":"","footnotes":""},"class_list":["post-443","page","type-page","status-publish","hentry","entry","owp-thumbs-layout-horizontal","owp-btn-normal","owp-tabs-layout-vertical","has-no-thumbnails","has-product-nav"],"_links":{"self":[{"href":"https:\/\/culturalcomes.net\/ca\/wp-json\/wp\/v2\/pages\/443","targetHints":{"allow":["GET"]}}],"collection":[{"href":"https:\/\/culturalcomes.net\/ca\/wp-json\/wp\/v2\/pages"}],"about":[{"href":"https:\/\/culturalcomes.net\/ca\/wp-json\/wp\/v2\/types\/page"}],"author":[{"embeddable":true,"href":"https:\/\/culturalcomes.net\/ca\/wp-json\/wp\/v2\/users\/1"}],"replies":[{"embeddable":true,"href":"https:\/\/culturalcomes.net\/ca\/wp-json\/wp\/v2\/comments?post=443"}],"version-history":[{"count":5,"href":"https:\/\/culturalcomes.net\/ca\/wp-json\/wp\/v2\/pages\/443\/revisions"}],"predecessor-version":[{"id":4367,"href":"https:\/\/culturalcomes.net\/ca\/wp-json\/wp\/v2\/pages\/443\/revisions\/4367"}],"up":[{"embeddable":true,"href":"https:\/\/culturalcomes.net\/ca\/wp-json\/wp\/v2\/pages\/442"}],"wp:attachment":[{"href":"https:\/\/culturalcomes.net\/ca\/wp-json\/wp\/v2\/media?parent=443"}],"curies":[{"name":"wp","href":"https:\/\/api.w.org\/{rel}","templated":true}]}}