{"id":414,"date":"2023-10-31T18:29:47","date_gmt":"2023-10-31T17:29:47","guid":{"rendered":"https:\/\/culturalcomes.net\/presentacio-mha\/"},"modified":"2025-04-07T13:31:36","modified_gmt":"2025-04-07T11:31:36","slug":"presentacio-mha","status":"publish","type":"page","link":"https:\/\/culturalcomes.net\/ca\/presentacio-mha\/","title":{"rendered":"Presentaci\u00f3 MHA"},"content":{"rendered":"\n<div style=\"height:40px\" aria-hidden=\"true\" class=\"wp-block-spacer\"><\/div>\n\n\n<style>.wp-block-kadence-advancedheading.kt-adv-heading414_cd0d44-e4, .wp-block-kadence-advancedheading.kt-adv-heading414_cd0d44-e4[data-kb-block=\"kb-adv-heading414_cd0d44-e4\"]{font-style:normal;}.wp-block-kadence-advancedheading.kt-adv-heading414_cd0d44-e4 mark.kt-highlight, .wp-block-kadence-advancedheading.kt-adv-heading414_cd0d44-e4[data-kb-block=\"kb-adv-heading414_cd0d44-e4\"] mark.kt-highlight{font-style:normal;color:#f76a0c;-webkit-box-decoration-break:clone;box-decoration-break:clone;padding-top:0px;padding-right:0px;padding-bottom:0px;padding-left:0px;}.wp-block-kadence-advancedheading.kt-adv-heading414_cd0d44-e4 img.kb-inline-image, .wp-block-kadence-advancedheading.kt-adv-heading414_cd0d44-e4[data-kb-block=\"kb-adv-heading414_cd0d44-e4\"] img.kb-inline-image{width:150px;vertical-align:baseline;}<\/style>\n<h1 class=\"kt-adv-heading414_cd0d44-e4 wp-block-kadence-advancedheading has-white-color has-text-color\" data-kb-block=\"kb-adv-heading414_cd0d44-e4\">M\u00fasica, Historia i Art. M\u00fasica, Hist\u00f2ria i Art. Festival de M\u00fasica Antiga de la Comunitat Valenciana<\/h1>\n\n\n\n<p class=\"has-white-color has-text-color\">Des de la seua creaci\u00f3 en 1999 el festival MHA ha comptat amb la participaci\u00f3 dels millors int\u00e8rprets nacionals i internacionals, situant a Val\u00e8ncia i la Comunitat Valenciana en la l\u00ednia de les terrritoris m\u00e9s importants del panorama musical i permetent als valencians la possibilitat de gaudir de la m\u00fasica antiga en espais hist\u00f2rics de singular bellesa, cercant la conjugaci\u00f3 de la hist\u00f2ria, la m\u00fasica i l&#8217;art de la m\u00e0 d&#8217;un dels grups pioners de la m\u00fasica antiga a Val\u00e8ncia: Capella de Ministrers. Han sigut els seus escenaris els m\u00e9s emblem\u00e0tics espais hist\u00f2rics de Val\u00e8ncia, entre ells: l&#8217;Esgl\u00e9sia del Patriarca, el Museu de la Ciutat, el Sal\u00f3 de Cristall de l&#8217;Ajuntament de Val\u00e8ncia, Las Reales Atarazanas, L\u2019Almod\u00ed, el Palau de Cervell\u00f3 o La Llotja. Tamb\u00e9 ha realitzat moltes activitats per la Comunitat Valenciana com a extensi\u00f3 del Festival (MHA_EXT) a ciutats com X\u00e0tiva, Morella o llocs hist\u00f2rics com el Monestir de La Valldigna. Des de la seua primera edici\u00f3 el Festival gaudeix de gran acolliment i reconeixement per part del p\u00fablic, aconseguint que siga una activitat plenament consolidada en el calendari musical de la ciutat i de la C.V. En l&#8217;afany divulgatiu de cada edici\u00f3, la programaci\u00f3 concert\u00edstica es complementa, entre unes altres, amb jornades de confer\u00e8ncies a c\u00e0rrec de prestigiosos music\u00f2legs, classes magistrals impartides per artistes convidats o exposicions d&#8217;instruments hist\u00f2rics.<\/p>\n\n\n\n<p class=\"has-white-color has-text-color\">El Festival MHA est\u00e0 organitzat per l&#8217;Associaci\u00f3 Cultural Comes, Centre de M\u00fasica Antiga de la Comunitat Valenciana, entitat cultural sense \u00e0nim de lucre amb l&#8217;objectiu de promoure i difondre la m\u00fasica antiga. Les activitats que desenvolupa l&#8217;associaci\u00f3 en aqueix \u00e0mbit s&#8217;articulen sobre la base de tres l\u00ednies estrat\u00e8giques de funcionament: la formaci\u00f3 espec\u00edfica i divulgaci\u00f3, a partir de l&#8217;organitzaci\u00f3 de cursos, seminaris o classes magistrals; l&#8217;organitzaci\u00f3 de concerts de m\u00fasica antiga o festivals i la col\u00b7laboraci\u00f3 amb entitats relacionades amb la promoci\u00f3 del patrimoni musical.<\/p>\n\n\n\n<div style=\"height:18px\" aria-hidden=\"true\" class=\"wp-block-spacer\"><\/div>\n\n\n\n<div class=\"wp-block-columns has-text-color has-small-font-size is-layout-flex wp-container-core-columns-is-layout-9d6595d7 wp-block-columns-is-layout-flex\" style=\"color:#000000\">\n<div class=\"wp-block-column is-layout-flow wp-block-column-is-layout-flow\" style=\"flex-basis:300px\"><\/div>\n\n\n\n<div class=\"wp-block-column is-layout-flow wp-block-column-is-layout-flow\">\n<figure class=\"wp-block-image alignfull size-large\"><img loading=\"lazy\" decoding=\"async\" width=\"1024\" height=\"253\" src=\"https:\/\/culturalcomes.net\/wp-content\/uploads\/2025\/04\/colaboradoresMHA25-1024x253.jpg\" alt=\"\" class=\"wp-image-4682\" srcset=\"https:\/\/culturalcomes.net\/wp-content\/uploads\/2025\/04\/colaboradoresMHA25-1024x253.jpg 1024w, https:\/\/culturalcomes.net\/wp-content\/uploads\/2025\/04\/colaboradoresMHA25-768x190.jpg 768w, https:\/\/culturalcomes.net\/wp-content\/uploads\/2025\/04\/colaboradoresMHA25-1536x379.jpg 1536w, https:\/\/culturalcomes.net\/wp-content\/uploads\/2025\/04\/colaboradoresMHA25-2048x506.jpg 2048w, https:\/\/culturalcomes.net\/wp-content\/uploads\/2025\/04\/colaboradoresMHA25-600x148.jpg 600w\" sizes=\"auto, (max-width: 1024px) 100vw, 1024px\" \/><\/figure>\n<\/div>\n\n\n\n<div class=\"wp-block-column is-layout-flow wp-block-column-is-layout-flow\" style=\"flex-basis:300px\"><\/div>\n<\/div>\n\n\n\n<p><\/p>\n","protected":false},"excerpt":{"rendered":"<p>M\u00fasica, Historia i Art. M\u00fasica, Hist\u00f2ria i Art. Festival de M\u00fasica Antiga de la Comunitat Valenciana Des de la seua creaci\u00f3 en 1999 el festival MHA ha comptat amb la participaci\u00f3 dels millors int\u00e8rprets nacionals i internacionals, situant a Val\u00e8ncia i la Comunitat Valenciana en la l\u00ednia de les terrritoris m\u00e9s importants del panorama musical [&hellip;]<\/p>\n","protected":false},"author":1,"featured_media":0,"parent":0,"menu_order":0,"comment_status":"closed","ping_status":"closed","template":"","meta":{"ocean_post_layout":"","ocean_both_sidebars_style":"","ocean_both_sidebars_content_width":0,"ocean_both_sidebars_sidebars_width":0,"ocean_sidebar":"","ocean_second_sidebar":"","ocean_disable_margins":"enable","ocean_add_body_class":"","ocean_shortcode_before_top_bar":"","ocean_shortcode_after_top_bar":"","ocean_shortcode_before_header":"","ocean_shortcode_after_header":"","ocean_has_shortcode":"","ocean_shortcode_after_title":"","ocean_shortcode_before_footer_widgets":"","ocean_shortcode_after_footer_widgets":"","ocean_shortcode_before_footer_bottom":"","ocean_shortcode_after_footer_bottom":"","ocean_display_top_bar":"default","ocean_display_header":"default","ocean_header_style":"","ocean_center_header_left_menu":"","ocean_custom_header_template":"","ocean_custom_logo":0,"ocean_custom_retina_logo":0,"ocean_custom_logo_max_width":0,"ocean_custom_logo_tablet_max_width":0,"ocean_custom_logo_mobile_max_width":0,"ocean_custom_logo_max_height":0,"ocean_custom_logo_tablet_max_height":0,"ocean_custom_logo_mobile_max_height":0,"ocean_header_custom_menu":"","ocean_menu_typo_font_family":"","ocean_menu_typo_font_subset":"","ocean_menu_typo_font_size":0,"ocean_menu_typo_font_size_tablet":0,"ocean_menu_typo_font_size_mobile":0,"ocean_menu_typo_font_size_unit":"px","ocean_menu_typo_font_weight":"","ocean_menu_typo_font_weight_tablet":"","ocean_menu_typo_font_weight_mobile":"","ocean_menu_typo_transform":"","ocean_menu_typo_transform_tablet":"","ocean_menu_typo_transform_mobile":"","ocean_menu_typo_line_height":0,"ocean_menu_typo_line_height_tablet":0,"ocean_menu_typo_line_height_mobile":0,"ocean_menu_typo_line_height_unit":"","ocean_menu_typo_spacing":0,"ocean_menu_typo_spacing_tablet":0,"ocean_menu_typo_spacing_mobile":0,"ocean_menu_typo_spacing_unit":"","ocean_menu_link_color":"","ocean_menu_link_color_hover":"","ocean_menu_link_color_active":"","ocean_menu_link_background":"","ocean_menu_link_hover_background":"","ocean_menu_link_active_background":"","ocean_menu_social_links_bg":"","ocean_menu_social_hover_links_bg":"","ocean_menu_social_links_color":"","ocean_menu_social_hover_links_color":"","ocean_disable_title":"default","ocean_disable_heading":"default","ocean_post_title":"","ocean_post_subheading":"","ocean_post_title_style":"","ocean_post_title_background_color":"","ocean_post_title_background":0,"ocean_post_title_bg_image_position":"","ocean_post_title_bg_image_attachment":"","ocean_post_title_bg_image_repeat":"","ocean_post_title_bg_image_size":"","ocean_post_title_height":0,"ocean_post_title_bg_overlay":0.5,"ocean_post_title_bg_overlay_color":"","ocean_disable_breadcrumbs":"default","ocean_breadcrumbs_color":"","ocean_breadcrumbs_separator_color":"","ocean_breadcrumbs_links_color":"","ocean_breadcrumbs_links_hover_color":"","ocean_display_footer_widgets":"default","ocean_display_footer_bottom":"default","ocean_custom_footer_template":"","footnotes":""},"class_list":["post-414","page","type-page","status-publish","hentry","entry","owp-thumbs-layout-horizontal","owp-btn-normal","owp-tabs-layout-vertical","has-no-thumbnails","has-product-nav"],"_links":{"self":[{"href":"https:\/\/culturalcomes.net\/ca\/wp-json\/wp\/v2\/pages\/414","targetHints":{"allow":["GET"]}}],"collection":[{"href":"https:\/\/culturalcomes.net\/ca\/wp-json\/wp\/v2\/pages"}],"about":[{"href":"https:\/\/culturalcomes.net\/ca\/wp-json\/wp\/v2\/types\/page"}],"author":[{"embeddable":true,"href":"https:\/\/culturalcomes.net\/ca\/wp-json\/wp\/v2\/users\/1"}],"replies":[{"embeddable":true,"href":"https:\/\/culturalcomes.net\/ca\/wp-json\/wp\/v2\/comments?post=414"}],"version-history":[{"count":5,"href":"https:\/\/culturalcomes.net\/ca\/wp-json\/wp\/v2\/pages\/414\/revisions"}],"predecessor-version":[{"id":4693,"href":"https:\/\/culturalcomes.net\/ca\/wp-json\/wp\/v2\/pages\/414\/revisions\/4693"}],"wp:attachment":[{"href":"https:\/\/culturalcomes.net\/ca\/wp-json\/wp\/v2\/media?parent=414"}],"curies":[{"name":"wp","href":"https:\/\/api.w.org\/{rel}","templated":true}]}}