{"id":2497,"date":"2024-03-04T09:33:56","date_gmt":"2024-03-04T08:33:56","guid":{"rendered":"https:\/\/culturalcomes.net\/?page_id=2497"},"modified":"2024-05-06T10:48:33","modified_gmt":"2024-05-06T08:48:33","slug":"capella-de-ministrers","status":"publish","type":"page","link":"https:\/\/culturalcomes.net\/ca\/capella-de-ministrers\/","title":{"rendered":"Capella de Ministrers"},"content":{"rendered":"\n<figure class=\"wp-block-image alignwide size-full\"><img loading=\"lazy\" decoding=\"async\" width=\"1024\" height=\"410\" src=\"https:\/\/culturalcomes.net\/wp-content\/uploads\/2024\/04\/carlesmagraner-cdm.jpg\" alt=\"\" class=\"wp-image-3179\" srcset=\"https:\/\/culturalcomes.net\/wp-content\/uploads\/2024\/04\/carlesmagraner-cdm.jpg 1024w, https:\/\/culturalcomes.net\/wp-content\/uploads\/2024\/04\/carlesmagraner-cdm-768x308.jpg 768w, https:\/\/culturalcomes.net\/wp-content\/uploads\/2024\/04\/carlesmagraner-cdm-600x240.jpg 600w\" sizes=\"auto, (max-width: 1024px) 100vw, 1024px\" \/><\/figure>\n\n\n\n<div style=\"height:34px\" aria-hidden=\"true\" class=\"wp-block-spacer\"><\/div>\n\n\n\n<div class=\"wp-block-getwid-advanced-heading alignwide alignwide has-custom-font-size\" style=\"font-size:45px\"><span class=\"wp-block-getwid-advanced-heading__content\" style=\"text-align:center;font-family:&quot;Aboreto&quot;;font-weight:normal;line-height:46px;letter-spacing:0px\">carles magraner<br>CAPELLA DE MINISTRERS<\/span><\/div>\n\n\n\n<div style=\"height:65px\" aria-hidden=\"true\" class=\"wp-block-spacer\"><\/div>\n\n\n\n<div class=\"wp-block-columns alignwide is-layout-flex wp-container-core-columns-is-layout-9d6595d7 wp-block-columns-is-layout-flex\">\n<div class=\"wp-block-column is-layout-flow wp-block-column-is-layout-flow\" style=\"flex-basis:33.33%\">\n<div class=\"wp-block-group\"><div class=\"wp-block-group__inner-container is-layout-constrained wp-block-group-is-layout-constrained\">\n<div style=\"height:31px\" aria-hidden=\"true\" class=\"wp-block-spacer\"><\/div>\n\n\n\n<div class=\"wp-block-columns is-layout-flex wp-container-core-columns-is-layout-9d6595d7 wp-block-columns-is-layout-flex\">\n<div class=\"wp-block-column is-layout-flow wp-block-column-is-layout-flow\">\n<div class=\"wp-block-group alignwide is-nowrap is-layout-flex wp-container-core-group-is-layout-ad2f72ca wp-block-group-is-layout-flex\"><style>.kt-svg-icons2497_088451-a7 .kt-svg-item-0 .kb-svg-icon-wrap{color:var(--global-palette4, #2D3748);font-size:50px;}.wp-block-kadence-icon.kt-svg-icons2497_088451-a7{justify-content:center;}<\/style>\n<div class=\"wp-block-kadence-icon kt-svg-icons kt-svg-icons2497_088451-a7 alignnone\"><style>.kt-svg-item-2497_5daf3d-0e .kb-svg-icon-wrap, .kt-svg-style-stacked.kt-svg-item-2497_5daf3d-0e .kb-svg-icon-wrap{color:#fcb900;font-size:20px;}<\/style>\n<div class=\"wp-block-kadence-single-icon kt-svg-style-default kt-svg-icon-wrap kt-svg-item-2497_5daf3d-0e\"><span class=\"kb-svg-icon-wrap kb-svg-icon-fe_calendar\"><svg viewBox=\"0 0 24 24\"  fill=\"none\" stroke=\"currentColor\" stroke-width=\"2\" stroke-linecap=\"round\" stroke-linejoin=\"round\" xmlns=\"http:\/\/www.w3.org\/2000\/svg\"  aria-hidden=\"true\"><rect x=\"3\" y=\"4\" width=\"18\" height=\"18\" rx=\"2\" ry=\"2\"\/><line x1=\"16\" y1=\"2\" x2=\"16\" y2=\"6\"\/><line x1=\"8\" y1=\"2\" x2=\"8\" y2=\"6\"\/><line x1=\"3\" y1=\"10\" x2=\"21\" y2=\"10\"\/><\/svg><\/span><\/div>\n<\/div>\n\n\n\n<p class=\"has-text-align-left\" style=\"font-size:15px\"><strong>Diumenge<\/strong>, 16 de juny de 2024<\/p>\n<\/div>\n\n\n\n<p><\/p>\n\n\n\n<div class=\"wp-block-group is-nowrap is-layout-flex wp-container-core-group-is-layout-9123dee2 wp-block-group-is-layout-flex\"><style>.kt-svg-icons2497_98676e-6f .kt-svg-item-0 .kb-svg-icon-wrap{color:var(--global-palette4, #2D3748);font-size:50px;}.wp-block-kadence-icon.kt-svg-icons2497_98676e-6f{justify-content:center;}<\/style>\n<div class=\"wp-block-kadence-icon kt-svg-icons kt-svg-icons2497_98676e-6f alignnone\"><style>.kt-svg-item-2497_c4c06f-87 .kb-svg-icon-wrap, .kt-svg-style-stacked.kt-svg-item-2497_c4c06f-87 .kb-svg-icon-wrap{color:#fcb900;font-size:20px;}<\/style>\n<div class=\"wp-block-kadence-single-icon kt-svg-style-default kt-svg-icon-wrap kt-svg-item-2497_c4c06f-87\"><span class=\"kb-svg-icon-wrap kb-svg-icon-fe_clock\"><svg viewBox=\"0 0 24 24\"  fill=\"none\" stroke=\"currentColor\" stroke-width=\"2\" stroke-linecap=\"round\" stroke-linejoin=\"round\" xmlns=\"http:\/\/www.w3.org\/2000\/svg\"  aria-hidden=\"true\"><circle cx=\"12\" cy=\"12\" r=\"10\"\/><polyline points=\"12 6 12 12 16 14\"\/><\/svg><\/span><\/div>\n<\/div>\n\n\n\n<p class=\"has-text-align-left\" style=\"font-size:15px\">20:00h. Xerrada amb l&#8217;artista<br>21:00h. Concert<\/p>\n<\/div>\n\n\n\n<hr class=\"wp-block-separator has-alpha-channel-opacity is-style-wide\"\/>\n\n\n\n<div style=\"height:20px\" aria-hidden=\"true\" class=\"wp-block-spacer\"><\/div>\n\n\n\n<div class=\"wp-block-group is-nowrap is-layout-flex wp-container-core-group-is-layout-ad2f72ca wp-block-group-is-layout-flex\"><style>.kt-svg-icons2497_f3754a-2f .kt-svg-item-0 .kb-svg-icon-wrap{color:var(--global-palette4, #2D3748);font-size:50px;}.wp-block-kadence-icon.kt-svg-icons2497_f3754a-2f{justify-content:center;}<\/style>\n<div class=\"wp-block-kadence-icon kt-svg-icons kt-svg-icons2497_f3754a-2f alignnone\"><style>.kt-svg-item-2497_ece07e-cb .kb-svg-icon-wrap, .kt-svg-style-stacked.kt-svg-item-2497_ece07e-cb .kb-svg-icon-wrap{color:#fcb900;font-size:24px;}<\/style>\n<div class=\"wp-block-kadence-single-icon kt-svg-style-default kt-svg-icon-wrap kt-svg-item-2497_ece07e-cb\"><span class=\"kb-svg-icon-wrap kb-svg-icon-fas_ticket-alt\"><svg viewBox=\"0 0 576 512\"  fill=\"currentColor\" xmlns=\"http:\/\/www.w3.org\/2000\/svg\"  aria-hidden=\"true\"><path d=\"M128 160h320v192H128V160zm400 96c0 26.51 21.49 48 48 48v96c0 26.51-21.49 48-48 48H48c-26.51 0-48-21.49-48-48v-96c26.51 0 48-21.49 48-48s-21.49-48-48-48v-96c0-26.51 21.49-48 48-48h480c26.51 0 48 21.49 48 48v96c-26.51 0-48 21.49-48 48zm-48-104c0-13.255-10.745-24-24-24H120c-13.255 0-24 10.745-24 24v208c0 13.255 10.745 24 24 24h336c13.255 0 24-10.745 24-24V152z\"\/><\/svg><\/span><\/div>\n<\/div>\n\n\n\n<p style=\"font-size:20px\">Entrades<\/p>\n<\/div>\n\n\n\n<p><\/p>\n\n\n\n<div class=\"wp-block-buttons is-layout-flex wp-block-buttons-is-layout-flex\">\n<div class=\"wp-block-button has-custom-width wp-block-button__width-75 has-custom-font-size is-style-fill has-small-font-size\"><a class=\"wp-block-button__link has-black-color has-luminous-vivid-amber-background-color has-text-color has-background has-link-color wp-element-button\" href=\"https:\/\/culturalcomes.net\/entradas\/metamorphosis-capella-de-ministrers-charla-y-concierto\/\" style=\"border-radius:0px\">XERRADA + CONCERT<\/a><\/div>\n\n\n\n<div class=\"wp-block-button has-custom-width wp-block-button__width-75 has-custom-font-size is-style-fill has-small-font-size\"><a class=\"wp-block-button__link has-black-color has-luminous-vivid-amber-background-color has-text-color has-background has-link-color wp-element-button\" href=\"https:\/\/culturalcomes.net\/entradas\/metamorphosis-capella-de-ministrers-concierto\/\" style=\"border-radius:0px\">CONCERT<\/a><\/div>\n\n\n\n<div class=\"wp-block-button has-custom-width wp-block-button__width-75 has-custom-font-size is-style-fill has-small-font-size\"><a class=\"wp-block-button__link has-white-color has-text-color has-background has-link-color wp-element-button\" href=\"https:\/\/culturalcomes.net\/entradas\/abono-conciertos-musica-medieval\/\" style=\"border-radius:0px;background-color:#29333a\">ABONAMENT CICLE<\/a><\/div>\n<\/div>\n\n\n\n<p><br><\/p>\n\n\n\n<p><br><\/p>\n<\/div>\n<\/div>\n<\/div><\/div>\n<\/div>\n\n\n\n<div class=\"wp-block-column is-layout-flow wp-block-column-is-layout-flow\" style=\"flex-basis:66.66%\">\n<p class=\"has-white-color has-text-color has-link-color wp-elements-f8e045e10e2fcb3a4efc7547e9cea470\"><strong>METAMORPHOSIS<\/strong><br><em>El so sense \u00e0nima<\/em><\/p>\n\n\n\n<p>El concert estar\u00e0 precedit per una xarrada amb l&#8217;artista al pati medieval de Sant Joan de l&#8217;Hospital i ser\u00e0 presentada per \u00c1ngela Garc\u00eda-Villanueva.<\/p>\n\n\n\n<hr class=\"wp-block-separator has-text-color has-white-color has-alpha-channel-opacity has-white-background-color has-background is-style-dots\"\/>\n\n\n\n<p class=\"has-white-color has-text-color has-link-color wp-elements-503ffae414a68d0f4a86f47e6ce4226d\">Les <em>Metamorfosis<\/em> s\u00f3n un poema narratiu en versos \u00e8pics i conseg\u00fcentment, respecte a l&#8217;execuci\u00f3 pr\u00e0ctica en l&#8217;\u00e8poca hel\u00b7len\u00edstic-romana, reflecteixen part de la pr\u00e0ctica i la comprensi\u00f3 musical de l&#8217;Antiguitat. En la versi\u00f3 de Kafka es configura com una al\u00b7legoria de l&#8217;enfrontament de l&#8217;home davant un m\u00f3n modern que l&#8217;oprimeix i l&#8217;esborra. La construcci\u00f3 del so des d&#8217;instruments musicals va servir a Ovidio per a l&#8217;exaltaci\u00f3 dels d\u00e9us, cants de muses, precs i preg\u00e0ries, m\u00fasiques de ball o fins al monstru\u00f3s, amb les melodies de C\u00edclopes. Laments d&#8217;enamorats o cants de cigne posats en la c\u00edtara que canta el seu dolor c\u00f2smic i els efectes m\u00e0gics de la m\u00fasica. La mutaci\u00f3 sonora de l&#8217;objecte al so es representa en aquest concert amb repertori del segle XV al voltant de la vihuela d&#8217;arc i m\u00fasiques que al\u00b7ludeixen a la nova vida que cobra per eixa \u00e8poca la cultura grecollatina.<\/p>\n\n\n\n<p><strong>Int\u00e8rprets<\/strong><br>Carles Magraner, viola<br>Fernando Mar\u00edn, viola<br>Jordi Comellas, viola <br>Ignasi Jord\u00e0, claviciterium<\/p>\n\n\n\n<div class=\"wp-block-getwid-accordion has-icon-left\" data-active-element=\"none\">\n<div class=\"wp-block-getwid-accordion__header-wrapper\"><span class=\"wp-block-getwid-accordion__header\"><a href=\"#\"><span class=\"wp-block-getwid-accordion__header-title\"><strong>Biograf\u00eda<\/strong> Capella de Ministrers<\/span><span class=\"wp-block-getwid-accordion__icon is-active\"><i class=\"fas fa-plus\"><\/i><\/span><span class=\"wp-block-getwid-accordion__icon is-passive\"><i class=\"fas fa-minus\"><\/i><\/span><\/a><\/span><\/div><div class=\"wp-block-getwid-accordion__content-wrapper\"><div class=\"wp-block-getwid-accordion__content\">\n<p>Des de la seua creaci\u00f3 l&#8217;any 1987, el grup Capella de Ministrers, sota la direcci\u00f3 de Carles Magraner, ha desenvolupat una important tasca investigadora i musicol\u00f2gica en favor del patrimoni musical espanyol, des de l&#8217;edat mitjana fins al segle XIX. El resultat, transformat en testimoniatge musical, conjuga a la perfecci\u00f3 tres factors clau: el rigor hist\u00f2ric, la sensibilitat musical i, molt especialment, un incontenible desig de comunicar-nos i fer-nos part\u00edcips d&#8217;aquestes experi\u00e8ncies. <\/p>\n\n\n\n<p>L&#8217;activitat concert\u00edstica de la formaci\u00f3 ha sigut molt intensa des de l&#8217;inici de la seua activitat, recorrent les millors sales de m\u00fasica d&#8217;Espanya, la seua projecci\u00f3 \u00e9s tamb\u00e9 internacional. L&#8217;ensemble ha realitzat m\u00e9s de 1500 concerts en els cinc continents. <\/p>\n\n\n\n<p>Aquesta traject\u00f2ria d&#8217;estudi i recuperaci\u00f3 de la m\u00fasica antiga ha quedat recollida en els discos que ha gravat per a EGT, Blau, Auvidis i CDM, segell discogr\u00e0fic exclusiu de Capella de Ministrers, obtenint molt bones cr\u00edtiques per part de la premsa especialitzada, a m\u00e9s de premis i distincions entre les quals destaquen Millor Producci\u00f3 Discogr\u00e0fica atorgada pel Ministeri de Cultura, Premi Important de l&#8217;editorial Premsa Valenciana, el Premi C\u00edvic 2008 d&#8217;Almussafes-Ribera Baixa, el distintiu segell de qualitat de la GVA Mediterranew Musix, el Premi Carles Santos de la M\u00fasica Valenciana 2018 al millor disc de recuperaci\u00f3 de patrimoni per <em>La ruta de la seda<\/em> i guardonat en dues ocasions amb el Premi Internacional de M\u00fasica Cl\u00e0ssica (ICMA) en la categoria de M\u00fasica Antiga pel seu disc <em>Quattrocento<\/em> (2018) i <em>El collar de la paloma<\/em> (2023).<\/p>\n\n\n\n<p>La seua activitat ha anat m\u00e9s enll\u00e0 de l&#8217;estrictament musical, realitzant incursions en les arts esc\u00e8niques en col\u00b7laboraci\u00f3 amb reconeguts directors com \u00c0lex Rigola, Juli Leal, Vicent Genov\u00e9s, Jaume Martorell i Bigas Lluna; amb core\u00f2grafs com Santiago Sempere, amb el Cor de la Generalitat Valenciana, amb m\u00fasics d&#8217;altres disciplines com Joan Enric Lluna o Miguel Mar\u00edn, fins i tot amb reconeguts artistes del panorama contemporani com Isabel Mu\u00f1oz, Eva Lootz o Carmen Calvo. <\/p>\n\n\n\n<p>Les ajudes institucionals per part de CulturArts de la Generalitat Valenciana i del INAEM del Ministeri de Cultura, permeten que hui siga una realitat la difusi\u00f3 discogr\u00e0fica i concert\u00edstica en l&#8217;\u00e0mbit nacional i internacional. La Universitat de Val\u00e8ncia, per part seua, patrocina les activitats d&#8217;investigaci\u00f3, recuperaci\u00f3 i difusi\u00f3 del patrimoni musical realitzades per Capella de Ministrers. <\/p>\n<\/div><\/div>\n<\/div>\n\n\n\n<div style=\"height:28px\" aria-hidden=\"true\" class=\"wp-block-spacer\"><\/div>\n\n\n\n<div class=\"wp-block-getwid-social-links has-medium-spacing\" style=\"font-size:20px\"><ul class=\"wp-block-getwid-social-links__list getwid-justify-content-center getwid-justify-content-tablet-flex-end getwid-justify-content-mobile-flex-end\"><li class=\"wp-block-getwid-social-links__item\"><a class=\"wp-block-getwid-social-links__link\" href=\"https:\/\/www.facebook.com\/capelladeministrers\" target=\"_blank\" rel=\"noreferrer noopener nofollow\"><span class=\"wp-block-getwid-social-links__wrapper has-text-color has-white-color\"><i class=\"fab fa-facebook\"><\/i><\/span><\/a><\/li><li class=\"wp-block-getwid-social-links__item\"><a class=\"wp-block-getwid-social-links__link\" href=\"https:\/\/www.instagram.com\/capelladeministrers\" target=\"_blank\" rel=\"noreferrer noopener nofollow\"><span class=\"wp-block-getwid-social-links__wrapper has-text-color has-white-color\"><i class=\"fab fa-instagram\"><\/i><\/span><\/a><\/li><li class=\"wp-block-getwid-social-links__item\"><a class=\"wp-block-getwid-social-links__link\" href=\"#\"><span class=\"wp-block-getwid-social-links__wrapper has-text-color has-white-color\"><i class=\"fab fa-twitter\"><\/i><\/span><\/a><\/li><li class=\"wp-block-getwid-social-links__item\"><a class=\"wp-block-getwid-social-links__link\" href=\"https:\/\/www.youtube.com\/@capelladeministrers\" target=\"_blank\" rel=\"noreferrer noopener nofollow\"><span class=\"wp-block-getwid-social-links__wrapper has-text-color has-white-color\"><i class=\"fab fa-youtube\"><\/i><\/span><\/a><\/li><li class=\"wp-block-getwid-social-links__item\"><a class=\"wp-block-getwid-social-links__link\" href=\"https:\/\/open.spotify.com\/intl-es\/artist\/2jOvK1TyxIca3pb50lHX9V?si=upkmuF4xStupPmZGVlymrA\" target=\"_blank\" rel=\"noreferrer noopener nofollow\"><span class=\"wp-block-getwid-social-links__wrapper has-text-color has-white-color\"><i class=\"fab fa-spotify\"><\/i><\/span><\/a><\/li><li class=\"wp-block-getwid-social-links__item\"><a class=\"wp-block-getwid-social-links__link\" href=\"https:\/\/www.capelladeministrers.es\" target=\"_blank\" rel=\"noreferrer noopener nofollow\"><span class=\"wp-block-getwid-social-links__wrapper has-text-color has-white-color\"><i class=\"fas fa-compass\"><\/i><\/span><\/a><\/li><\/ul><\/div>\n\n\n\n<div style=\"height:100px\" aria-hidden=\"true\" class=\"wp-block-spacer\"><\/div>\n<\/div>\n<\/div>\n\n\n\n<p><\/p>\n","protected":false},"excerpt":{"rendered":"<p>Diumenge, 16 de juny de 2024 20:00h. Xerrada amb l&#8217;artista21:00h. Concert Entrades METAMORPHOSISEl so sense \u00e0nima El concert estar\u00e0 precedit per una xarrada amb l&#8217;artista al pati medieval de Sant Joan de l&#8217;Hospital i ser\u00e0 presentada per \u00c1ngela Garc\u00eda-Villanueva. Les Metamorfosis s\u00f3n un poema narratiu en versos \u00e8pics i conseg\u00fcentment, respecte a l&#8217;execuci\u00f3 pr\u00e0ctica en [&hellip;]<\/p>\n","protected":false},"author":2,"featured_media":2166,"parent":0,"menu_order":0,"comment_status":"closed","ping_status":"closed","template":"","meta":{"ocean_post_layout":"","ocean_both_sidebars_style":"","ocean_both_sidebars_content_width":0,"ocean_both_sidebars_sidebars_width":0,"ocean_sidebar":"","ocean_second_sidebar":"","ocean_disable_margins":"enable","ocean_add_body_class":"","ocean_shortcode_before_top_bar":"","ocean_shortcode_after_top_bar":"","ocean_shortcode_before_header":"","ocean_shortcode_after_header":"","ocean_has_shortcode":"","ocean_shortcode_after_title":"","ocean_shortcode_before_footer_widgets":"","ocean_shortcode_after_footer_widgets":"","ocean_shortcode_before_footer_bottom":"","ocean_shortcode_after_footer_bottom":"","ocean_display_top_bar":"default","ocean_display_header":"default","ocean_header_style":"","ocean_center_header_left_menu":"","ocean_custom_header_template":"","ocean_custom_logo":0,"ocean_custom_retina_logo":0,"ocean_custom_logo_max_width":0,"ocean_custom_logo_tablet_max_width":0,"ocean_custom_logo_mobile_max_width":0,"ocean_custom_logo_max_height":0,"ocean_custom_logo_tablet_max_height":0,"ocean_custom_logo_mobile_max_height":0,"ocean_header_custom_menu":"","ocean_menu_typo_font_family":"","ocean_menu_typo_font_subset":"","ocean_menu_typo_font_size":0,"ocean_menu_typo_font_size_tablet":0,"ocean_menu_typo_font_size_mobile":0,"ocean_menu_typo_font_size_unit":"px","ocean_menu_typo_font_weight":"","ocean_menu_typo_font_weight_tablet":"","ocean_menu_typo_font_weight_mobile":"","ocean_menu_typo_transform":"","ocean_menu_typo_transform_tablet":"","ocean_menu_typo_transform_mobile":"","ocean_menu_typo_line_height":0,"ocean_menu_typo_line_height_tablet":0,"ocean_menu_typo_line_height_mobile":0,"ocean_menu_typo_line_height_unit":"","ocean_menu_typo_spacing":0,"ocean_menu_typo_spacing_tablet":0,"ocean_menu_typo_spacing_mobile":0,"ocean_menu_typo_spacing_unit":"","ocean_menu_link_color":"","ocean_menu_link_color_hover":"","ocean_menu_link_color_active":"","ocean_menu_link_background":"","ocean_menu_link_hover_background":"","ocean_menu_link_active_background":"","ocean_menu_social_links_bg":"","ocean_menu_social_hover_links_bg":"","ocean_menu_social_links_color":"","ocean_menu_social_hover_links_color":"","ocean_disable_title":"default","ocean_disable_heading":"default","ocean_post_title":"","ocean_post_subheading":"","ocean_post_title_style":"","ocean_post_title_background_color":"","ocean_post_title_background":0,"ocean_post_title_bg_image_position":"","ocean_post_title_bg_image_attachment":"","ocean_post_title_bg_image_repeat":"","ocean_post_title_bg_image_size":"","ocean_post_title_height":0,"ocean_post_title_bg_overlay":0.5,"ocean_post_title_bg_overlay_color":"","ocean_disable_breadcrumbs":"default","ocean_breadcrumbs_color":"","ocean_breadcrumbs_separator_color":"","ocean_breadcrumbs_links_color":"","ocean_breadcrumbs_links_hover_color":"","ocean_display_footer_widgets":"default","ocean_display_footer_bottom":"default","ocean_custom_footer_template":"","footnotes":""},"class_list":["post-2497","page","type-page","status-publish","has-post-thumbnail","hentry","entry","has-media","owp-thumbs-layout-horizontal","owp-btn-normal","owp-tabs-layout-vertical","has-no-thumbnails","has-product-nav"],"_links":{"self":[{"href":"https:\/\/culturalcomes.net\/ca\/wp-json\/wp\/v2\/pages\/2497","targetHints":{"allow":["GET"]}}],"collection":[{"href":"https:\/\/culturalcomes.net\/ca\/wp-json\/wp\/v2\/pages"}],"about":[{"href":"https:\/\/culturalcomes.net\/ca\/wp-json\/wp\/v2\/types\/page"}],"author":[{"embeddable":true,"href":"https:\/\/culturalcomes.net\/ca\/wp-json\/wp\/v2\/users\/2"}],"replies":[{"embeddable":true,"href":"https:\/\/culturalcomes.net\/ca\/wp-json\/wp\/v2\/comments?post=2497"}],"version-history":[{"count":5,"href":"https:\/\/culturalcomes.net\/ca\/wp-json\/wp\/v2\/pages\/2497\/revisions"}],"predecessor-version":[{"id":3447,"href":"https:\/\/culturalcomes.net\/ca\/wp-json\/wp\/v2\/pages\/2497\/revisions\/3447"}],"wp:featuredmedia":[{"embeddable":true,"href":"https:\/\/culturalcomes.net\/ca\/wp-json\/wp\/v2\/media\/2166"}],"wp:attachment":[{"href":"https:\/\/culturalcomes.net\/ca\/wp-json\/wp\/v2\/media?parent=2497"}],"curies":[{"name":"wp","href":"https:\/\/api.w.org\/{rel}","templated":true}]}}