{"id":2457,"date":"2024-03-04T09:34:41","date_gmt":"2024-03-04T08:34:41","guid":{"rendered":"https:\/\/culturalcomes.net\/?page_id=2457"},"modified":"2024-03-04T13:46:40","modified_gmt":"2024-03-04T12:46:40","slug":"ritual","status":"publish","type":"page","link":"https:\/\/culturalcomes.net\/ca\/ritual\/","title":{"rendered":"RITUAL"},"content":{"rendered":"\n<figure class=\"wp-block-image alignwide size-large\"><img loading=\"lazy\" decoding=\"async\" width=\"1024\" height=\"410\" src=\"https:\/\/culturalcomes.net\/wp-content\/uploads\/2024\/01\/CDM_MagranerAtlan-1024x410.jpg\" alt=\"\" class=\"wp-image-2177\" srcset=\"https:\/\/culturalcomes.net\/wp-content\/uploads\/2024\/01\/CDM_MagranerAtlan-1024x410.jpg 1024w, https:\/\/culturalcomes.net\/wp-content\/uploads\/2024\/01\/CDM_MagranerAtlan-768x307.jpg 768w, https:\/\/culturalcomes.net\/wp-content\/uploads\/2024\/01\/CDM_MagranerAtlan-1536x614.jpg 1536w, https:\/\/culturalcomes.net\/wp-content\/uploads\/2024\/01\/CDM_MagranerAtlan-600x240.jpg 600w, https:\/\/culturalcomes.net\/wp-content\/uploads\/2024\/01\/CDM_MagranerAtlan.jpg 1800w\" sizes=\"auto, (max-width: 1024px) 100vw, 1024px\" \/><\/figure>\n\n\n\n<div style=\"height:34px\" aria-hidden=\"true\" class=\"wp-block-spacer\"><\/div>\n\n\n\n<div class=\"wp-block-columns alignwide is-layout-flex wp-container-core-columns-is-layout-9d6595d7 wp-block-columns-is-layout-flex\">\n<div class=\"wp-block-column is-layout-flow wp-block-column-is-layout-flow\" style=\"flex-basis:33.33%\">\n<div style=\"height:67px\" aria-hidden=\"true\" class=\"wp-block-spacer\"><\/div>\n\n\n\n<div class=\"wp-block-buttons is-content-justification-center is-layout-flex wp-container-core-buttons-is-layout-16018d1d wp-block-buttons-is-layout-flex\">\n<div class=\"wp-block-button\"><a class=\"wp-block-button__link wp-element-button\" href=\"http:\/\/palauvalencia.com\/evento\/capella-de-ministrers-5\/\" rel=\"nofollow noopener\" target=\"_blank\">Entrades<\/a><\/div>\n<\/div>\n\n\n\n<div style=\"height:67px\" aria-hidden=\"true\" class=\"wp-block-spacer\"><\/div>\n\n\n\n<p class=\"has-text-align-left\"><strong>Int\u00e8rprets<\/strong><br><strong>Fran\u00e7oise Atlan<\/strong>, veu <br><strong>Carles Magraner<\/strong>, direcci\u00f3, rebec i violes<br><strong>Aziz Samsaoui<\/strong>, kan\u00fan, saz i oud<br><strong>Kaveh Sarvarian<\/strong>, nay i tombak <br><strong>Jota Mart\u00ednez<\/strong>, c\u00edtola, lla\u00fct i percussions<\/p>\n\n\n\n<div style=\"height:52px\" aria-hidden=\"true\" class=\"wp-block-spacer\"><\/div>\n\n\n<div class=\"wp-block-image\">\n<figure class=\"aligncenter is-resized\"><a href=\"https:\/\/www.earlymusicday.eu\/edition\/2024\/\" rel=\"nofollow noopener\" target=\"_blank\"><img loading=\"lazy\" decoding=\"async\" width=\"1024\" height=\"663\" src=\"https:\/\/culturalcomes.net\/wp-content\/uploads\/2024\/02\/EMD-STANDARD-WHITE-1024x663.png\" alt=\"\" class=\"wp-image-2534\" style=\"width:158px;height:auto\" srcset=\"https:\/\/culturalcomes.net\/wp-content\/uploads\/2024\/02\/EMD-STANDARD-WHITE-1024x663.png 1024w, https:\/\/culturalcomes.net\/wp-content\/uploads\/2024\/02\/EMD-STANDARD-WHITE-768x497.png 768w, https:\/\/culturalcomes.net\/wp-content\/uploads\/2024\/02\/EMD-STANDARD-WHITE-600x388.png 600w, https:\/\/culturalcomes.net\/wp-content\/uploads\/2024\/02\/EMD-STANDARD-WHITE.png 1451w\" sizes=\"auto, (max-width: 1024px) 100vw, 1024px\" \/><\/a><\/figure>\n<\/div>\n\n\n<p class=\"has-small-font-size\">Concert incl\u00f3s a la programaci\u00f3 de\u00a0l&#8217;<a href=\"https:\/\/www.earlymusicday.eu\/edition\/2024\/\" target=\"_blank\" rel=\"noreferrer noopener nofollow\">Early Music Day<\/a><\/p>\n<\/div>\n\n\n\n<div class=\"wp-block-column is-layout-flow wp-block-column-is-layout-flow\" style=\"flex-basis:66.66%\">\n<p class=\"has-luminous-vivid-amber-color has-text-color has-link-color wp-elements-7794e3ee73f05140c00b16a73084d6e8\">Dijous, 21 de mar\u00e7, 19:30 h. | Sala Joaqu\u00edn Rodrigo \u2013 Palau de la M\u00fasica<\/p>\n\n\n\n<h1 class=\"wp-block-heading\" style=\"font-size:40px;font-style:normal;font-weight:500\">RITUAL<\/h1>\n\n\n\n<h2 class=\"wp-block-heading\" style=\"font-size:30px\">Capella de Ministrers | Carles Magraner<\/h2>\n\n\n\n<hr class=\"wp-block-separator has-alpha-channel-opacity\"\/>\n\n\n\n<p>Capella de Ministrers presenta un programa centrat en els cants sefardites i \u00e0rab-andalusins, destacant la seua import\u00e0ncia com a elements rituals clau en la cultura humana. Aquests rituals, transmesos de generaci\u00f3 en generaci\u00f3, reflecteixen creences i valors comunitaris, buscant una connexi\u00f3 entre l&#8217;hum\u00e0 i el div\u00ed, proporcionant identitat i pertinen\u00e7a en la societat. Els cants sefardites i \u00e0rab-andalusins s\u00f3n tresors musicals que ens transporten a l&#8217;Espanya medieval i a la di\u00e0spora sefardita, portant amb si la diversitat cultural de les comunitats jueves i \u00e0rabs de la pen\u00ednsula Ib\u00e8rica. Els cants sefardites, en lad\u00ed, expressen la melancolia i nost\u00e0lgia de la di\u00e0spora, fusionant elements locals de pa\u00efsos com Turquia i Gr\u00e8cia. D&#8217;altra banda, els cants \u00e0rab-andalusins ens submergeixen en l&#8217;\u00e8poca d&#8217;Al-l&#8217;Andal\u00fas, fusionant influ\u00e8ncies \u00e0rabs, jueves i espanyoles amb instruments tradicionals com el oud \u00e0rab. Aquestes m\u00fasiques, que han experimentat un renaixement global, s\u00f3n ponts culturals que connecten tradicions, enriquint la nostra comprensi\u00f3 del patrimoni hum\u00e0. Cada nota i paraula conten hist\u00f2ries d&#8217;amor, p\u00e8rdua i esperan\u00e7a, recordant-nos la bellesa de la diversitat i la capacitat de la m\u00fasica per a unir cors. El ritual del cant sefardita i \u00e0rab andalus\u00ed \u00e9s un viatge m\u00e0gic a trav\u00e9s de la hist\u00f2ria i l&#8217;espiritualitat, una connexi\u00f3 profunda amb les arrels culturals i religioses que una vegada van florir en la pen\u00ednsula Ib\u00e8rica, mostrant com la m\u00fasica pot transcendir barreres temporals i espacials des de la toler\u00e0ncia i la diversitat.<\/p>\n\n\n\n<div class=\"wp-block-getwid-accordion has-icon-left\" data-active-element=\"none\">\n<div class=\"wp-block-getwid-accordion__header-wrapper\"><span class=\"wp-block-getwid-accordion__header\"><a href=\"#\"><span class=\"wp-block-getwid-accordion__header-title\"><strong>Biograf\u00eda<\/strong> Capella de Ministrers<\/span><span class=\"wp-block-getwid-accordion__icon is-active\"><i class=\"fas fa-plus\"><\/i><\/span><span class=\"wp-block-getwid-accordion__icon is-passive\"><i class=\"fas fa-minus\"><\/i><\/span><\/a><\/span><\/div><div class=\"wp-block-getwid-accordion__content-wrapper\"><div class=\"wp-block-getwid-accordion__content\">\n<p>Des de la seua creaci\u00f3 l&#8217;any 1987, el grup Capella de Ministrers, sota la direcci\u00f3 de Carles Magraner, ha desenvolupat una important tasca investigadora i musicol\u00f2gica en favor del patrimoni musical espanyol, des de l&#8217;edat mitjana fins al segle XIX. El resultat, transformat en testimoniatge musical, conjuga a la perfecci\u00f3 tres factors clau: el rigor hist\u00f2ric, la sensibilitat musical i, molt especialment, un incontenible desig de comunicar-nos i fer-nos part\u00edcips d&#8217;aquestes experi\u00e8ncies. <\/p>\n\n\n\n<p>L&#8217;activitat concert\u00edstica de la formaci\u00f3 ha sigut molt intensa des de l&#8217;inici de la seua activitat, recorrent les millors sales de m\u00fasica d&#8217;Espanya, la seua projecci\u00f3 \u00e9s tamb\u00e9 internacional. L&#8217;ensemble ha realitzat m\u00e9s de 1500 concerts en els cinc continents. <\/p>\n\n\n\n<p>Aquesta traject\u00f2ria d&#8217;estudi i recuperaci\u00f3 de la m\u00fasica antiga ha quedat recollida en els discos que ha gravat per a EGT, Blau, Auvidis i CDM, segell discogr\u00e0fic exclusiu de Capella de Ministrers, obtenint molt bones cr\u00edtiques per part de la premsa especialitzada, a m\u00e9s de premis i distincions entre les quals destaquen Millor Producci\u00f3 Discogr\u00e0fica atorgada pel Ministeri de Cultura, Premi Important de l&#8217;editorial Premsa Valenciana, el Premi C\u00edvic 2008 d&#8217;Almussafes-Ribera Baixa, el distintiu segell de qualitat de la GVA Mediterranew Musix, el Premi Carles Santos de la M\u00fasica Valenciana 2018 al millor disc de recuperaci\u00f3 de patrimoni per <em>La ruta de la seda<\/em> i guardonat en dues ocasions amb el Premi Internacional de M\u00fasica Cl\u00e0ssica (ICMA) en la categoria de M\u00fasica Antiga pel seu disc <em>Quattrocento<\/em> (2018) i <em>El collar de la paloma<\/em> (2023).<\/p>\n\n\n\n<p>La seua activitat ha anat m\u00e9s enll\u00e0 de l&#8217;estrictament musical, realitzant incursions en les arts esc\u00e8niques en col\u00b7laboraci\u00f3 amb reconeguts directors com \u00c0lex Rigola, Juli Leal, Vicent Genov\u00e9s, Jaume Martorell i Bigas Lluna; amb core\u00f2grafs com Santiago Sempere, amb el Cor de la Generalitat Valenciana, amb m\u00fasics d&#8217;altres disciplines com Joan Enric Lluna o Miguel Mar\u00edn, fins i tot amb reconeguts artistes del panorama contemporani com Isabel Mu\u00f1oz, Eva Lootz o Carmen Calvo. <\/p>\n\n\n\n<p>Les ajudes institucionals per part de CulturArts de la Generalitat Valenciana i del INAEM del Ministeri de Cultura, permeten que hui siga una realitat la difusi\u00f3 discogr\u00e0fica i concert\u00edstica en l&#8217;\u00e0mbit nacional i internacional. La Universitat de Val\u00e8ncia, per part seua, patrocina les activitats d&#8217;investigaci\u00f3, recuperaci\u00f3 i difusi\u00f3 del patrimoni musical realitzades per Capella de Ministrers. <\/p>\n<\/div><\/div>\n\n\n\n<div class=\"wp-block-getwid-accordion__header-wrapper\"><span class=\"wp-block-getwid-accordion__header\"><a href=\"#\"><span class=\"wp-block-getwid-accordion__header-title\"><strong>Biograf\u00eda<\/strong> Fran\u00e7oise Atlan<\/span><span class=\"wp-block-getwid-accordion__icon is-active\"><i class=\"fas fa-plus\"><\/i><\/span><span class=\"wp-block-getwid-accordion__icon is-passive\"><i class=\"fas fa-minus\"><\/i><\/span><\/a><\/span><\/div><div class=\"wp-block-getwid-accordion__content-wrapper\"><div class=\"wp-block-getwid-accordion__content\">\n<p>Artista de doble her\u00e8ncia cultural, posseeix una expressi\u00f3 vocal \u00fanica, un estil distintiu i una t\u00e8cnica excepcional. La seua arrel jueva i berbers l&#8217;han portada de manera natural a apreciar i estimar el ric patrimoni vocal del Mediterrani, especialment les tradicions jueu-espanyoles i jueus-\u00e0rabs, al mateix temps que ha desenvolupat la seua carrera com a cantant l\u00edrica.<\/p>\n\n\n\n<p>Graduada en musicologia per la Universitat d&#8217;Ais de Proven\u00e7a, ha rebut reconeixements en piano i m\u00fasica de cambra per part del Conservatori. Com a deixebla de Andr\u00e9a Guiot (recordada per la seua interpretaci\u00f3 com &#8220;Micaela&#8221; al costat de la &#8220;Carmen&#8221; de Maria Callas), ha sigut guardonada amb el Premi Vila M\u00e9dicis Hors-Els-Murs pel seu treball en la transcripci\u00f3 de la mem\u00f2ria oral de la tradici\u00f3 musical i po\u00e8tica de la ciutat de Fes, el Marroc. Aix\u00ed mateix, ha sigut distingida amb el Premi Fondation Caisse d&#8217;\u00c9pargne &#8220;Millor Artista de M\u00fasica del M\u00f3n&#8221;. Amb freq\u00fc\u00e8ncia, imparteix classes magistrals sobre l&#8217;art del cant en ciutats com Ginebra, Mont-real, Brussel\u00b7les i Basilea.<\/p>\n\n\n\n<p>A m\u00e9s de la seua reeixida carrera com a cantant, exerceix el rol de directora art\u00edstica del Festival des Andalousies Atlantiques de Essaouira al Marroc. En 2014, va actuar notablement al Th\u00e9\u00e2tre de La Ville de Par\u00eds, Festival Radio France Montpellier i el Festival Internacional de Aix-en-Provence. Per a l&#8217;any 2015, est\u00e0 programada una presentaci\u00f3 sota la direcci\u00f3 de Kent Nagano, acompanyada per la Orchestre Symphonique de Montr\u00e9al.<\/p>\n<\/div><\/div>\n<\/div>\n\n\n\n<div style=\"height:28px\" aria-hidden=\"true\" class=\"wp-block-spacer\"><\/div>\n\n\n\n<div class=\"wp-block-getwid-social-links has-medium-spacing\" style=\"font-size:20px\"><ul class=\"wp-block-getwid-social-links__list getwid-justify-content-flex-end getwid-justify-content-tablet-flex-end getwid-justify-content-mobile-flex-end\"><li class=\"wp-block-getwid-social-links__item\"><a class=\"wp-block-getwid-social-links__link\" href=\"https:\/\/www.facebook.com\/capelladeministrers\" target=\"_blank\" rel=\"https:\/\/www.facebook.com\/capelladeministrers noopener nofollow\"><span class=\"wp-block-getwid-social-links__wrapper has-text-color has-white-color\"><i class=\"fab fa-facebook-f\"><\/i><\/span><\/a><\/li><li class=\"wp-block-getwid-social-links__item\"><a class=\"wp-block-getwid-social-links__link\" href=\"https:\/\/twitter.com\/CDMinistrers\" target=\"_blank\" rel=\"noreferrer noopener nofollow\"><span class=\"wp-block-getwid-social-links__wrapper has-text-color has-white-color\"><i class=\"fab fa-twitter\"><\/i><\/span><\/a><\/li><li class=\"wp-block-getwid-social-links__item\"><a class=\"wp-block-getwid-social-links__link\" href=\"https:\/\/www.instagram.com\/capelladeministrers\" target=\"_blank\" rel=\"noreferrer noopener nofollow\"><span class=\"wp-block-getwid-social-links__wrapper has-text-color has-white-color\"><i class=\"fab fa-instagram\"><\/i><\/span><\/a><\/li><li class=\"wp-block-getwid-social-links__item\"><a class=\"wp-block-getwid-social-links__link\" href=\"https:\/\/www.youtube.com\/channel\/UC6ajhJbFFz2UggRfGiGOKHg\" target=\"_blank\" rel=\"noreferrer noopener nofollow\"><span class=\"wp-block-getwid-social-links__wrapper has-text-color has-white-color\"><i class=\"fab fa-youtube\"><\/i><\/span><\/a><\/li><li class=\"wp-block-getwid-social-links__item\"><a class=\"wp-block-getwid-social-links__link\" href=\"https:\/\/open.spotify.com\/intl-es\/artist\/2jOvK1TyxIca3pb50lHX9V?si=BgGbsX0hT-aMm3CP87-WJw\" target=\"_blank\" rel=\"noreferrer noopener nofollow\"><span class=\"wp-block-getwid-social-links__wrapper has-text-color has-white-color\"><i class=\"fab fa-spotify\"><\/i><\/span><\/a><\/li><li class=\"wp-block-getwid-social-links__item\"><a class=\"wp-block-getwid-social-links__link\" href=\"www.capelladeministrers.es\"><span class=\"wp-block-getwid-social-links__wrapper has-text-color has-white-color\"><i class=\"fas fa-compass\"><\/i><\/span><\/a><\/li><\/ul><\/div>\n\n\n\n<div style=\"height:100px\" aria-hidden=\"true\" class=\"wp-block-spacer\"><\/div>\n<\/div>\n<\/div>\n","protected":false},"excerpt":{"rendered":"<p>Int\u00e8rpretsFran\u00e7oise Atlan, veu Carles Magraner, direcci\u00f3, rebec i violesAziz Samsaoui, kan\u00fan, saz i oudKaveh Sarvarian, nay i tombak Jota Mart\u00ednez, c\u00edtola, lla\u00fct i percussions Concert incl\u00f3s a la programaci\u00f3 de\u00a0l&#8217;Early Music Day Dijous, 21 de mar\u00e7, 19:30 h. | Sala Joaqu\u00edn Rodrigo \u2013 Palau de la M\u00fasica RITUAL Capella de Ministrers | Carles Magraner Capella [&hellip;]<\/p>\n","protected":false},"author":2,"featured_media":2178,"parent":0,"menu_order":0,"comment_status":"closed","ping_status":"closed","template":"","meta":{"ocean_post_layout":"","ocean_both_sidebars_style":"","ocean_both_sidebars_content_width":0,"ocean_both_sidebars_sidebars_width":0,"ocean_sidebar":"","ocean_second_sidebar":"","ocean_disable_margins":"enable","ocean_add_body_class":"","ocean_shortcode_before_top_bar":"","ocean_shortcode_after_top_bar":"","ocean_shortcode_before_header":"","ocean_shortcode_after_header":"","ocean_has_shortcode":"","ocean_shortcode_after_title":"","ocean_shortcode_before_footer_widgets":"","ocean_shortcode_after_footer_widgets":"","ocean_shortcode_before_footer_bottom":"","ocean_shortcode_after_footer_bottom":"","ocean_display_top_bar":"default","ocean_display_header":"default","ocean_header_style":"","ocean_center_header_left_menu":"","ocean_custom_header_template":"","ocean_custom_logo":0,"ocean_custom_retina_logo":0,"ocean_custom_logo_max_width":0,"ocean_custom_logo_tablet_max_width":0,"ocean_custom_logo_mobile_max_width":0,"ocean_custom_logo_max_height":0,"ocean_custom_logo_tablet_max_height":0,"ocean_custom_logo_mobile_max_height":0,"ocean_header_custom_menu":"","ocean_menu_typo_font_family":"","ocean_menu_typo_font_subset":"","ocean_menu_typo_font_size":0,"ocean_menu_typo_font_size_tablet":0,"ocean_menu_typo_font_size_mobile":0,"ocean_menu_typo_font_size_unit":"px","ocean_menu_typo_font_weight":"","ocean_menu_typo_font_weight_tablet":"","ocean_menu_typo_font_weight_mobile":"","ocean_menu_typo_transform":"","ocean_menu_typo_transform_tablet":"","ocean_menu_typo_transform_mobile":"","ocean_menu_typo_line_height":0,"ocean_menu_typo_line_height_tablet":0,"ocean_menu_typo_line_height_mobile":0,"ocean_menu_typo_line_height_unit":"","ocean_menu_typo_spacing":0,"ocean_menu_typo_spacing_tablet":0,"ocean_menu_typo_spacing_mobile":0,"ocean_menu_typo_spacing_unit":"","ocean_menu_link_color":"","ocean_menu_link_color_hover":"","ocean_menu_link_color_active":"","ocean_menu_link_background":"","ocean_menu_link_hover_background":"","ocean_menu_link_active_background":"","ocean_menu_social_links_bg":"","ocean_menu_social_hover_links_bg":"","ocean_menu_social_links_color":"","ocean_menu_social_hover_links_color":"","ocean_disable_title":"default","ocean_disable_heading":"default","ocean_post_title":"","ocean_post_subheading":"","ocean_post_title_style":"","ocean_post_title_background_color":"","ocean_post_title_background":0,"ocean_post_title_bg_image_position":"","ocean_post_title_bg_image_attachment":"","ocean_post_title_bg_image_repeat":"","ocean_post_title_bg_image_size":"","ocean_post_title_height":0,"ocean_post_title_bg_overlay":0.5,"ocean_post_title_bg_overlay_color":"","ocean_disable_breadcrumbs":"default","ocean_breadcrumbs_color":"","ocean_breadcrumbs_separator_color":"","ocean_breadcrumbs_links_color":"","ocean_breadcrumbs_links_hover_color":"","ocean_display_footer_widgets":"default","ocean_display_footer_bottom":"default","ocean_custom_footer_template":"","footnotes":""},"class_list":["post-2457","page","type-page","status-publish","has-post-thumbnail","hentry","entry","has-media","owp-thumbs-layout-horizontal","owp-btn-normal","owp-tabs-layout-vertical","has-no-thumbnails","has-product-nav"],"_links":{"self":[{"href":"https:\/\/culturalcomes.net\/ca\/wp-json\/wp\/v2\/pages\/2457","targetHints":{"allow":["GET"]}}],"collection":[{"href":"https:\/\/culturalcomes.net\/ca\/wp-json\/wp\/v2\/pages"}],"about":[{"href":"https:\/\/culturalcomes.net\/ca\/wp-json\/wp\/v2\/types\/page"}],"author":[{"embeddable":true,"href":"https:\/\/culturalcomes.net\/ca\/wp-json\/wp\/v2\/users\/2"}],"replies":[{"embeddable":true,"href":"https:\/\/culturalcomes.net\/ca\/wp-json\/wp\/v2\/comments?post=2457"}],"version-history":[{"count":5,"href":"https:\/\/culturalcomes.net\/ca\/wp-json\/wp\/v2\/pages\/2457\/revisions"}],"predecessor-version":[{"id":2628,"href":"https:\/\/culturalcomes.net\/ca\/wp-json\/wp\/v2\/pages\/2457\/revisions\/2628"}],"wp:featuredmedia":[{"embeddable":true,"href":"https:\/\/culturalcomes.net\/ca\/wp-json\/wp\/v2\/media\/2178"}],"wp:attachment":[{"href":"https:\/\/culturalcomes.net\/ca\/wp-json\/wp\/v2\/media?parent=2457"}],"curies":[{"name":"wp","href":"https:\/\/api.w.org\/{rel}","templated":true}]}}