{"id":2451,"date":"2024-03-04T09:44:37","date_gmt":"2024-03-04T08:44:37","guid":{"rendered":"https:\/\/culturalcomes.net\/?page_id=2451"},"modified":"2024-03-04T11:48:55","modified_gmt":"2024-03-04T10:48:55","slug":"misteri-delx","status":"publish","type":"page","link":"https:\/\/culturalcomes.net\/ca\/misteri-delx\/","title":{"rendered":"Misteri d&#8217;Elx"},"content":{"rendered":"\n<figure class=\"wp-block-image alignwide size-large\"><img loading=\"lazy\" decoding=\"async\" width=\"1024\" height=\"410\" src=\"https:\/\/culturalcomes.net\/wp-content\/uploads\/2024\/02\/MisteridElx-14-scaled-e1707220771564-1024x410.jpg\" alt=\"\" class=\"wp-image-2384\" srcset=\"https:\/\/culturalcomes.net\/wp-content\/uploads\/2024\/02\/MisteridElx-14-scaled-e1707220771564-1024x410.jpg 1024w, https:\/\/culturalcomes.net\/wp-content\/uploads\/2024\/02\/MisteridElx-14-scaled-e1707220771564-768x307.jpg 768w, https:\/\/culturalcomes.net\/wp-content\/uploads\/2024\/02\/MisteridElx-14-scaled-e1707220771564-1536x614.jpg 1536w, https:\/\/culturalcomes.net\/wp-content\/uploads\/2024\/02\/MisteridElx-14-scaled-e1707220771564-2048x819.jpg 2048w, https:\/\/culturalcomes.net\/wp-content\/uploads\/2024\/02\/MisteridElx-14-scaled-e1707220771564-600x240.jpg 600w\" sizes=\"auto, (max-width: 1024px) 100vw, 1024px\" \/><\/figure>\n\n\n\n<div style=\"height:34px\" aria-hidden=\"true\" class=\"wp-block-spacer\"><\/div>\n\n\n\n<div class=\"wp-block-columns alignwide is-layout-flex wp-container-core-columns-is-layout-9d6595d7 wp-block-columns-is-layout-flex\">\n<div class=\"wp-block-column is-layout-flow wp-block-column-is-layout-flow\" style=\"flex-basis:33.33%\">\n<div style=\"height:67px\" aria-hidden=\"true\" class=\"wp-block-spacer\"><\/div>\n\n\n\n<div class=\"wp-block-buttons is-content-justification-center is-layout-flex wp-container-core-buttons-is-layout-16018d1d wp-block-buttons-is-layout-flex\">\n<div class=\"wp-block-button\"><a class=\"wp-block-button__link wp-element-button\" href=\"https:\/\/palauvalencia.com\/evento\/capella-y-escolania-del-misteri-delx\/\" rel=\"nofollow noopener\" target=\"_blank\">Entrades<\/a><\/div>\n<\/div>\n\n\n\n<div style=\"height:67px\" aria-hidden=\"true\" class=\"wp-block-spacer\"><\/div>\n\n\n\n<p class=\"has-text-align-left\"><strong>Int\u00e8rprets<\/strong><br><br>10 veus blanques de la Escolan\u00eda<br>40 veus greus de la Capella<\/p>\n<\/div>\n\n\n\n<div class=\"wp-block-column is-layout-flow wp-block-column-is-layout-flow\" style=\"flex-basis:66.66%\">\n<p class=\"has-luminous-vivid-amber-color has-text-color has-link-color wp-elements-531b8d9fdb395da956bf618c1048e01f\">Diumenge, 7 d&#8217;abril, 19:30 h. | Sala Joaqu\u00edn Rodrigo \u2013 Palau de la M\u00fasica<\/p>\n\n\n\n<h1 class=\"wp-block-heading\" style=\"font-size:40px;font-style:normal;font-weight:500\">LA FESTA O MISTERI D&#8217;ELX<\/h1>\n\n\n\n<h2 class=\"wp-block-heading\" style=\"font-size:25px\"><em>Concert Capella Misteri d&#8217;Elx<\/em><\/h2>\n\n\n\n<h3 class=\"wp-block-heading\" style=\"font-size:20px\">Capella i Escolan\u00eda del Misterio de Elx<\/h3>\n\n\n\n<hr class=\"wp-block-separator has-alpha-channel-opacity\"\/>\n\n\n\n<p>La Festa o Misteri d\u2019Elx \u00e9s una representaci\u00f3 d&#8217;arrels medievals, dividida en dues parts, que se celebra cada any els dies 14 i 15 d&#8217;agost, a l&#8217;interior de la bas\u00edlica de Santa Maria de la ciutat d&#8217;Elx. Recrea la mort, l&#8217;assumpci\u00f3 i la coronaci\u00f3 de la Mare de D\u00e9u i presenta nombrosos aspectes art\u00edstics i hist\u00f2rics dignes de consideraci\u00f3.<\/p>\n\n\n\n<p>\u00c9s l&#8217;\u00fanica obra del seu g\u00e8nere que s&#8217;ha representat ininterrompudament fins a l&#8217;actualitat gr\u00e0cies a un privilegi del papa Urb\u00e0 VIII (1632), que va permetre mantenir-la visca malgrat les prohibicions del concili de Trento. Es tracta d&#8217;una mostra \u00fanica i excepcional del teatre medieval, com va recon\u00e8ixer la UNESCO en proclamar-la Obra Mestra del Patrimoni Oral i Immaterial de la Humanitat en 2001.<\/p>\n\n\n\n<p>La Festa o Misteri t\u00e9 aspectes que criden poderosament l&#8217;atenci\u00f3, com la complexa tramoia que permet les intervencions dels personatges celestials des de la c\u00fapula de l&#8217;esgl\u00e9sia. Per\u00f2, sens dubte, la seua faceta art\u00edstica m\u00e9s notable \u00e9s la musical. El drama il\u00b7licit\u00e0 \u00e9s totalment cantat i cont\u00e9 melodies que, segons l&#8217;opini\u00f3 dels experts, procedeixen de diverses \u00e8poques. Hi ha cants de clara ascend\u00e8ncia medieval, renaixentista i fins i tot es detecten adorns i afegits de l&#8217;\u00e8poca barroca i encara posteriors. No obstant aix\u00f2, la seua unitat musical \u00e9s extraordin\u00e0ria, com han posat de manifest els especialistes. <\/p>\n\n\n\n<p>A m\u00e9s de les representacions en el seu escenari habitual, \u00e9s possible con\u00e9ixer la m\u00fasica del Misteri a trav\u00e9s de concerts que se celebren fora de la Bas\u00edlica de Santa Maria. Aquests concerts de la Festa, s\u00f3n la forma m\u00e9s adequada d&#8217;aproximaci\u00f3 a l&#8217;obra, que permeten el coneixement del seu text la seua m\u00fasica.<\/p>\n\n\n\n<p>Comprenen una selecci\u00f3 dels motets m\u00e9s representatius de cada escena, cantats en el mateix ordre de la representaci\u00f3 original i constitueixen un concert coral que resumeix la trama, la m\u00fasica i l&#8217;escenificaci\u00f3 de l&#8217;obra original, que per tradici\u00f3 nom\u00e9s es representa completa a Elx.<\/p>\n\n\n\n<p>Aquest concert \u00e9s una invitaci\u00f3 a presenciar la Festa amb tots els seus elements esc\u00e8nics i populars en la Bas\u00edlica de Santa Maria d&#8217;Elx.<\/p>\n\n\n\n<div class=\"wp-block-getwid-accordion has-icon-left\" data-active-element=\"none\">\n<div class=\"wp-block-getwid-accordion__header-wrapper\"><span class=\"wp-block-getwid-accordion__header\"><a href=\"#\"><span class=\"wp-block-getwid-accordion__header-title\"><strong>Biograf\u00eda<\/strong> Capilla y Escolan\u00eda del Misterio de Elche<\/span><span class=\"wp-block-getwid-accordion__icon is-active\"><i class=\"fas fa-plus\"><\/i><\/span><span class=\"wp-block-getwid-accordion__icon is-passive\"><i class=\"fas fa-minus\"><\/i><\/span><\/a><\/span><\/div><div class=\"wp-block-getwid-accordion__content-wrapper\"><div class=\"wp-block-getwid-accordion__content\">\n<p>La Festa \u00e9s cantada per la Capella i Escolania del Misteri d&#8217;Elx, formades per cantaires adults la primera i per a xiquets la segona. Entre ells figuren tres sacerdots que interpreten els papers de Sant Pere, l&#8217;\u00c0ngel Major de l&#8217;Araceli i el Pare Etern.<\/p>\n\n\n\n<p>La intervenci\u00f3 de veus blanques en el Misteri d&#8217;Elx compta amb m\u00e9s de cinc-cents anys de tradici\u00f3 ininterrompuda. Des del naixement del drama assuncionista il\u00b7licit\u00e0 en el segle XV, \u00abels infants de cor\u00bb o xiquets de cor de l&#8217;esgl\u00e9sia de Santa Maria eren els encarregats d&#8217;interpretar els papers de la Mare de D\u00e9u, de Maria Salom\u00e9 i Maria Iacobe i dels diferents \u00e0ngels.<\/p>\n\n\n\n<p>\u00c9s en els anys seixanta quan es constitueix formalment l&#8217;Escolania del Misteri d&#8217;Elx per a nodrir de veus l&#8217;obra, per a participar al costat dels cantaires adults en els concerts celebrats dins i fora de la ciutat i, molt especialment, per a solemnitzar els cultes dedicats a la Verge de l&#8217;Assumpci\u00f3, Patrona d&#8217;Elx.<\/p>\n\n\n\n<p>Actualment, est\u00e0 formada per 20 veus de xiquets entre 9 i 14 anys i per un cor juvenil de 38 veus amb xics i xiques d&#8217;entre 15 i a 17 anys per a refor\u00e7ar en el repertori mixt i que al seu torn t\u00e9 la funci\u00f3 de continuar en actiu als joves amb el canvi de veu. L&#8217;escolania est\u00e0 dirigida per Francisco Javier Gonz\u00e1lvez Valero.<\/p>\n<\/div><\/div>\n<\/div>\n\n\n\n<div style=\"height:28px\" aria-hidden=\"true\" class=\"wp-block-spacer\"><\/div>\n\n\n\n<div class=\"wp-block-getwid-social-links has-medium-spacing\" style=\"font-size:20px\"><ul class=\"wp-block-getwid-social-links__list getwid-justify-content-center getwid-justify-content-tablet-flex-end getwid-justify-content-mobile-flex-end\"><li class=\"wp-block-getwid-social-links__item\"><a class=\"wp-block-getwid-social-links__link\" href=\"https:\/\/www.facebook.com\/MisteridElxOficial\" target=\"_blank\" rel=\"noopener nofollow\"><span class=\"wp-block-getwid-social-links__wrapper has-text-color has-white-color\"><i class=\"fab fa-facebook-f\"><\/i><\/span><\/a><\/li><li class=\"wp-block-getwid-social-links__item\"><a class=\"wp-block-getwid-social-links__link\" href=\"https:\/\/twitter.com\/MisteridElxOfic\" target=\"_blank\" rel=\"noreferrer noopener nofollow\"><span class=\"wp-block-getwid-social-links__wrapper has-text-color has-white-color\"><i class=\"fab fa-twitter\"><\/i><\/span><\/a><\/li><li class=\"wp-block-getwid-social-links__item\"><a class=\"wp-block-getwid-social-links__link\" href=\"https:\/\/www.instagram.com\/MisteridElxOficial\" target=\"_blank\" rel=\"noreferrer noopener nofollow\"><span class=\"wp-block-getwid-social-links__wrapper has-text-color has-white-color\"><i class=\"fab fa-instagram\"><\/i><\/span><\/a><\/li><li class=\"wp-block-getwid-social-links__item\"><a class=\"wp-block-getwid-social-links__link\" href=\"https:\/\/www.youtube.com\/@misteridelxOficial\" target=\"_blank\" rel=\"noreferrer noopener nofollow\"><span class=\"wp-block-getwid-social-links__wrapper has-text-color has-white-color\"><i class=\"fab fa-youtube\"><\/i><\/span><\/a><\/li><li class=\"wp-block-getwid-social-links__item\"><a class=\"wp-block-getwid-social-links__link\" href=\"https:\/\/open.spotify.com\/intl-es\/artist\/2Uf3ULdreS9XbtePzXsgI8?si=xy3fJPZASK6daoNTBmDivw\" target=\"_blank\" rel=\"noopener nofollow\"><span class=\"wp-block-getwid-social-links__wrapper has-text-color has-white-color\"><i class=\"fab fa-spotify\"><\/i><\/span><\/a><\/li><li class=\"wp-block-getwid-social-links__item\"><a class=\"wp-block-getwid-social-links__link\" href=\"https:\/\/misteridelx.com\" target=\"_blank\" rel=\"noopener nofollow\"><span class=\"wp-block-getwid-social-links__wrapper has-text-color has-white-color\"><i class=\"fas fa-compass\"><\/i><\/span><\/a><\/li><\/ul><\/div>\n\n\n\n<div style=\"height:100px\" aria-hidden=\"true\" class=\"wp-block-spacer\"><\/div>\n<\/div>\n<\/div>\n","protected":false},"excerpt":{"rendered":"<p>Int\u00e8rprets 10 veus blanques de la Escolan\u00eda40 veus greus de la Capella Diumenge, 7 d&#8217;abril, 19:30 h. | Sala Joaqu\u00edn Rodrigo \u2013 Palau de la M\u00fasica LA FESTA O MISTERI D&#8217;ELX Concert Capella Misteri d&#8217;Elx Capella i Escolan\u00eda del Misterio de Elx La Festa o Misteri d\u2019Elx \u00e9s una representaci\u00f3 d&#8217;arrels medievals, dividida en dues [&hellip;]<\/p>\n","protected":false},"author":2,"featured_media":0,"parent":0,"menu_order":0,"comment_status":"closed","ping_status":"closed","template":"","meta":{"ocean_post_layout":"","ocean_both_sidebars_style":"","ocean_both_sidebars_content_width":0,"ocean_both_sidebars_sidebars_width":0,"ocean_sidebar":"","ocean_second_sidebar":"","ocean_disable_margins":"enable","ocean_add_body_class":"","ocean_shortcode_before_top_bar":"","ocean_shortcode_after_top_bar":"","ocean_shortcode_before_header":"","ocean_shortcode_after_header":"","ocean_has_shortcode":"","ocean_shortcode_after_title":"","ocean_shortcode_before_footer_widgets":"","ocean_shortcode_after_footer_widgets":"","ocean_shortcode_before_footer_bottom":"","ocean_shortcode_after_footer_bottom":"","ocean_display_top_bar":"default","ocean_display_header":"default","ocean_header_style":"","ocean_center_header_left_menu":"","ocean_custom_header_template":"","ocean_custom_logo":0,"ocean_custom_retina_logo":0,"ocean_custom_logo_max_width":0,"ocean_custom_logo_tablet_max_width":0,"ocean_custom_logo_mobile_max_width":0,"ocean_custom_logo_max_height":0,"ocean_custom_logo_tablet_max_height":0,"ocean_custom_logo_mobile_max_height":0,"ocean_header_custom_menu":"","ocean_menu_typo_font_family":"","ocean_menu_typo_font_subset":"","ocean_menu_typo_font_size":0,"ocean_menu_typo_font_size_tablet":0,"ocean_menu_typo_font_size_mobile":0,"ocean_menu_typo_font_size_unit":"px","ocean_menu_typo_font_weight":"","ocean_menu_typo_font_weight_tablet":"","ocean_menu_typo_font_weight_mobile":"","ocean_menu_typo_transform":"","ocean_menu_typo_transform_tablet":"","ocean_menu_typo_transform_mobile":"","ocean_menu_typo_line_height":0,"ocean_menu_typo_line_height_tablet":0,"ocean_menu_typo_line_height_mobile":0,"ocean_menu_typo_line_height_unit":"","ocean_menu_typo_spacing":0,"ocean_menu_typo_spacing_tablet":0,"ocean_menu_typo_spacing_mobile":0,"ocean_menu_typo_spacing_unit":"","ocean_menu_link_color":"","ocean_menu_link_color_hover":"","ocean_menu_link_color_active":"","ocean_menu_link_background":"","ocean_menu_link_hover_background":"","ocean_menu_link_active_background":"","ocean_menu_social_links_bg":"","ocean_menu_social_hover_links_bg":"","ocean_menu_social_links_color":"","ocean_menu_social_hover_links_color":"","ocean_disable_title":"default","ocean_disable_heading":"default","ocean_post_title":"","ocean_post_subheading":"","ocean_post_title_style":"","ocean_post_title_background_color":"","ocean_post_title_background":0,"ocean_post_title_bg_image_position":"","ocean_post_title_bg_image_attachment":"","ocean_post_title_bg_image_repeat":"","ocean_post_title_bg_image_size":"","ocean_post_title_height":0,"ocean_post_title_bg_overlay":0.5,"ocean_post_title_bg_overlay_color":"","ocean_disable_breadcrumbs":"default","ocean_breadcrumbs_color":"","ocean_breadcrumbs_separator_color":"","ocean_breadcrumbs_links_color":"","ocean_breadcrumbs_links_hover_color":"","ocean_display_footer_widgets":"default","ocean_display_footer_bottom":"default","ocean_custom_footer_template":"","footnotes":""},"class_list":["post-2451","page","type-page","status-publish","hentry","entry","owp-thumbs-layout-horizontal","owp-btn-normal","owp-tabs-layout-vertical","has-no-thumbnails","has-product-nav"],"_links":{"self":[{"href":"https:\/\/culturalcomes.net\/ca\/wp-json\/wp\/v2\/pages\/2451","targetHints":{"allow":["GET"]}}],"collection":[{"href":"https:\/\/culturalcomes.net\/ca\/wp-json\/wp\/v2\/pages"}],"about":[{"href":"https:\/\/culturalcomes.net\/ca\/wp-json\/wp\/v2\/types\/page"}],"author":[{"embeddable":true,"href":"https:\/\/culturalcomes.net\/ca\/wp-json\/wp\/v2\/users\/2"}],"replies":[{"embeddable":true,"href":"https:\/\/culturalcomes.net\/ca\/wp-json\/wp\/v2\/comments?post=2451"}],"version-history":[{"count":5,"href":"https:\/\/culturalcomes.net\/ca\/wp-json\/wp\/v2\/pages\/2451\/revisions"}],"predecessor-version":[{"id":2616,"href":"https:\/\/culturalcomes.net\/ca\/wp-json\/wp\/v2\/pages\/2451\/revisions\/2616"}],"wp:attachment":[{"href":"https:\/\/culturalcomes.net\/ca\/wp-json\/wp\/v2\/media?parent=2451"}],"curies":[{"name":"wp","href":"https:\/\/api.w.org\/{rel}","templated":true}]}}