{"id":2446,"date":"2024-03-04T09:33:42","date_gmt":"2024-03-04T08:33:42","guid":{"rendered":"https:\/\/culturalcomes.net\/?page_id=2446"},"modified":"2024-03-04T11:52:10","modified_gmt":"2024-03-04T10:52:10","slug":"ali-dogan-gonultas-tr","status":"publish","type":"page","link":"https:\/\/culturalcomes.net\/ca\/ali-dogan-gonultas-tr\/","title":{"rendered":"Ali Do\u011fan G\u00f6n\u00fclta\u015f TR"},"content":{"rendered":"\n<figure class=\"wp-block-image alignwide size-large\"><img loading=\"lazy\" decoding=\"async\" width=\"1024\" height=\"410\" src=\"https:\/\/culturalcomes.net\/wp-content\/uploads\/2024\/02\/DSC_0020-1-e1707221591712-1024x410.jpg\" alt=\"\" class=\"wp-image-2388\" srcset=\"https:\/\/culturalcomes.net\/wp-content\/uploads\/2024\/02\/DSC_0020-1-e1707221591712-1024x410.jpg 1024w, https:\/\/culturalcomes.net\/wp-content\/uploads\/2024\/02\/DSC_0020-1-e1707221591712-768x307.jpg 768w, https:\/\/culturalcomes.net\/wp-content\/uploads\/2024\/02\/DSC_0020-1-e1707221591712-1536x614.jpg 1536w, https:\/\/culturalcomes.net\/wp-content\/uploads\/2024\/02\/DSC_0020-1-e1707221591712-600x240.jpg 600w, https:\/\/culturalcomes.net\/wp-content\/uploads\/2024\/02\/DSC_0020-1-e1707221591712.jpg 1620w\" sizes=\"auto, (max-width: 1024px) 100vw, 1024px\" \/><\/figure>\n\n\n\n<div style=\"height:47px\" aria-hidden=\"true\" class=\"wp-block-spacer\"><\/div>\n\n\n\n<div class=\"wp-block-columns alignwide is-layout-flex wp-container-core-columns-is-layout-9d6595d7 wp-block-columns-is-layout-flex\">\n<div class=\"wp-block-column is-layout-flow wp-block-column-is-layout-flow\" style=\"flex-basis:33.33%\">\n<div style=\"height:67px\" aria-hidden=\"true\" class=\"wp-block-spacer\"><\/div>\n\n\n\n<div class=\"wp-block-buttons is-content-justification-center is-layout-flex wp-container-core-buttons-is-layout-16018d1d wp-block-buttons-is-layout-flex\">\n<div class=\"wp-block-button\"><a class=\"wp-block-button__link wp-element-button\" href=\"https:\/\/palauvalencia.com\/evento\/ali-dogan-ensemble\/\" rel=\"nofollow noopener\" target=\"_blank\">Entrades<\/a><\/div>\n<\/div>\n\n\n\n<div style=\"height:67px\" aria-hidden=\"true\" class=\"wp-block-spacer\"><\/div>\n\n\n\n<p class=\"has-text-align-left\">Int\u00e8rprets<br><strong>Ali Do\u011fan G\u00f6n\u00fclta\u015f<\/strong>, veu, tembur i guitarra<br><strong>Ali Kutlut\u00fcrk<\/strong>, percussi\u00f3<br><strong>F\u0131rat \u00c7ak\u0131lc\u0131,<\/strong> clarinet<\/p>\n\n\n\n<p>Artista convidat<br><strong>Eduard Navarro<\/strong>, dol\u00e7aina<\/p>\n<\/div>\n\n\n\n<div class=\"wp-block-column is-layout-flow wp-block-column-is-layout-flow\" style=\"flex-basis:66.66%\">\n<p class=\"has-luminous-vivid-amber-color has-text-color has-link-color wp-elements-a4d45fa98f0ed0e655e79738f6d2c3c8\">Dijous, 11 d&#8217;abril, 19:30 h. | L&#8217;Almod\u00ed<\/p>\n\n\n\n<h1 class=\"wp-block-heading\" style=\"font-size:40px;font-style:normal;font-weight:500;text-transform:uppercase\">Ki\u011f\u0131<\/h1>\n\n\n\n<h2 class=\"wp-block-heading\" style=\"font-size:25px\"><em>Hist\u00f2ria musical de 150 anys d&#8217;Anat\u00f2lia Oriental<\/em><\/h2>\n\n\n\n<h3 class=\"wp-block-heading\" style=\"font-size:20px\">Ali Do\u011fan G\u00f6n\u00fclta\u015f TR<\/h3>\n\n\n\n<hr class=\"wp-block-separator has-alpha-channel-opacity\"\/>\n\n\n\n<p>Ali va n\u00e0ixer en Ki\u011f\u0131, en Anat\u00f2lia Oriental, actualment prov\u00edncia de Bing\u00f6l, culturalment inclosa en la regi\u00f3 hist\u00f2rica de Dersim. En el seu treball, la tradici\u00f3 musical associada al al\u00e9visme t\u00e9 un lloc especial. Segons ell, &#8220;<em>en el alevisme, el coneixement es transmet a trav\u00e9s de can\u00e7ons populars cantades pel dede, el zakir i el ashik. Centenars d&#8217;anys de can\u00e7ons populars han arribat fins als nostres dies gr\u00e0cies a ells.\u201d<\/em> El ritu central del alevisme \u00e9s el <em>cem<\/em>, una trobada comunit\u00e0ria en el qual homes i dones junts dirimeixen els conflictes, s&#8217;interpreta m\u00fasica i es dansa. El a\u015f\u0131k \u00e9s el bard que canta poesia oral. El dede (o la ana, en el seu hom\u00f2leg femen\u00ed) \u00e9s membre d&#8217;un llinatge sagrat alev\u00ed i l\u00edder del ritual cem. El zakir toca el ba\u011flama i canta durant el cem. En el concert, Ali i els seus col\u00b7laboradors interpretaran peces de la tradici\u00f3 del alevisme i altres m\u00fasiques de la seua regi\u00f3.<\/p>\n\n\n\n<div class=\"wp-block-getwid-accordion has-icon-left\" data-active-element=\"none\">\n<div class=\"wp-block-getwid-accordion__header-wrapper\"><span class=\"wp-block-getwid-accordion__header\"><a href=\"#\"><span class=\"wp-block-getwid-accordion__header-title\"><strong>Biograf\u00eda<\/strong> Ali Do\u011fan G\u00f6n\u00fclta\u015f<\/span><span class=\"wp-block-getwid-accordion__icon is-active\"><i class=\"fas fa-plus\"><\/i><\/span><span class=\"wp-block-getwid-accordion__icon is-passive\"><i class=\"fas fa-minus\"><\/i><\/span><\/a><\/span><\/div><div class=\"wp-block-getwid-accordion__content-wrapper\"><div class=\"wp-block-getwid-accordion__content\">\n<p>Ali Do\u011fan G\u00f6n\u00fclta\u015f va n\u00e0ixer a Ki\u011f\u0131, Anatolia Oriental (Turquia). Graduat en els departaments d&#8217;Arqueologia i R\u00e0dio TV i Cinema de la Universitat de Kocaeli, el m\u00fasic va comen\u00e7ar la seua carrera musical professional amb la banda Ze Tij\u00ea, de la qual \u00e9s un dels fundadors i autor de moltes de les composicions i arranjaments, a m\u00e9s d&#8217;int\u00e8rpret de diversos instruments i cantant principal. Van realitzar centenars de concerts a Turquia i van publicar dos \u00e0lbums d&#8217;estudi: &#8220;Yanl\u0131\u015f\u0131m\u0131z Var!&#8221; (2015) i &#8220;Ur&#8221; (2019), de g\u00e8nere postrock, collage i experimental. <\/p>\n\n\n\n<p>Des de 2018, continua la seua producci\u00f3 musical amb la seua s\u00e8rie de concerts en solitari &#8220;Xo Bi Xo&#8221;. Aquest projecte, en el qual el m\u00fasic inclou can\u00e7ons en kurmanci i turc, aix\u00ed com en zazaki, la seua llengua materna, t\u00e9 un aire experimental, aix\u00ed com estils i temes tradicionals.<\/p>\n\n\n\n<p>A m\u00e9s, els seus estudis d&#8217;hist\u00f2ria oral i investigaci\u00f3 de camp, que va iniciar en 2007, continuen amb l&#8217;\u00e0lbum <em>Ki\u011f\u0131<\/em>, que va autoproduir i va publicar en 2022. <em>Ki\u011f\u0131<\/em>, que \u00e9s tamb\u00e9 el lloc de naixement del m\u00fasic, descriu el llenguatge i l&#8217;estil musical espec\u00edfics d&#8217;un assentament d&#8217;Anat\u00f2lia\/Mesopot\u00e0mia.<\/p>\n\n\n\n<p>Ha contribu\u00eft a les bandes sonores de pel\u00b7l\u00edcules com My Own Life (2014) i \u015eeng (2021). Va participar com a compositor en el projecte titulat &#8220;La veu de la ciutat com a exemple de patrimoni cultural immaterial (Diyarbak\u0131r)&#8221;.<\/p>\n\n\n\n<p>A 2020, va preparar i va presentar el programa de televisi\u00f3 &#8220;Veus i petjades&#8221; per a Can TV. El programa, que consistia en converses i actuacions musicals, tractava sobre els g\u00e8neres musicals no majoritaris de Turquia. Des de 2021 presenta i produeix el programa de televisi\u00f3 &#8220;M\u00fczik Olay\u0131&#8221; tamb\u00e9 per a Can TV. <\/p>\n\n\n\n<p>En 2022 Ali Do\u011fan va ser fitxat pel fill del vell mestre Se\u00eed\u00ea Goy\u00ee, un dengbej (narrador cantaire) de m\u00fasica tradicional de Botan, per a arreglar les peces i ser el productor de l&#8217;EP Stran\u00ean Dil\u00ea Min (can\u00e7ons del meu cor, en kurd) (disponible per a escoltar <a href=\"https:\/\/www.youtube.com\/channel\/UCWZ9kh0yYl20kfSbpc5bGnA\" rel=\"nofollow noopener\" target=\"_blank\">ac\u00ed<\/a>).<\/p>\n\n\n\n<p>El maig de 2022, Ali Do\u011fan G\u00f6n\u00fclta\u015f va publicar Ki\u011f\u0131, el seu primer \u00e0lbum en solitari i autoprodu\u00eft sorgit com a resultat de m\u00e9s de deu anys d&#8217;investigaci\u00f3 sobre el terreny. El treball, que \u00e9s una mirada personal al proc\u00e9s musical de 150 anys de Ki\u011f\u0131, lloc de naixement del m\u00fasic, consta d&#8217;obres en les lleng\u00fces regionals de Krmancki, Kurmanci, Kirdaski, armeni i turc. Ki\u011f\u0131 ha sigut <a href=\"https:\/\/worldmusic.org.rs\/2022\/06\/30\/balkan-world-music-chart-the-second-quarter-2022\/\" rel=\"nofollow noopener\" target=\"_blank\">#1 en la Balkan World Music Charts<\/a> en el segon quart de 2022 i <a href=\"https:\/\/www.transglobalwmc.com\/charts\/september-2022-chart\/\" rel=\"nofollow noopener\" target=\"_blank\">#11 el setembre de 2022 en la Transglobal World Music Chart.<\/a> <\/p>\n\n\n\n<p><em>Ki\u011f\u0131<\/em> es pot escoltar <a href=\"https:\/\/www.youtube.com\/watch?v=eLTIwo_6SoI&amp;list=PLyhkwvtejQbPRXCJ_eQgSxKDJpV-uoQW3\" rel=\"nofollow noopener\" target=\"_blank\">ac\u00ed<\/a>. Des que va llan\u00e7ar Ki\u011f\u0131, Ali ha acumulat cr\u00edtiques extraordin\u00e0ries i ha actuat a Espanya, Portugal, B\u00e8lgica, Su\u00e8cia, Su\u00efssa, Alemanya, \u00c0ustria i Fran\u00e7a, en alguns dels escenaris m\u00e9s rellevants, com el festival alemany Rudolstadt o la Funda\u00e7\u00e3o Gulbenkian de Lisboa. <\/p>\n<\/div><\/div>\n<\/div>\n\n\n\n<div style=\"height:28px\" aria-hidden=\"true\" class=\"wp-block-spacer\"><\/div>\n\n\n\n<div class=\"wp-block-getwid-social-links has-medium-spacing\" style=\"font-size:20px\"><ul class=\"wp-block-getwid-social-links__list getwid-justify-content-center getwid-justify-content-tablet-flex-end getwid-justify-content-mobile-flex-end\"><li class=\"wp-block-getwid-social-links__item\"><a class=\"wp-block-getwid-social-links__link\" href=\"https:\/\/www.facebook.com\/alidogangonultas%20\" target=\"_blank\" rel=\"noopener nofollow\"><span class=\"wp-block-getwid-social-links__wrapper has-text-color has-white-color\"><i class=\"fab fa-facebook-f\"><\/i><\/span><\/a><\/li><li class=\"wp-block-getwid-social-links__item\"><a class=\"wp-block-getwid-social-links__link\" href=\"https:\/\/www.instagram.com\/alidogangonultas\" target=\"_blank\" rel=\"noreferrer noopener nofollow\"><span class=\"wp-block-getwid-social-links__wrapper has-text-color has-white-color\"><i class=\"fab fa-instagram\"><\/i><\/span><\/a><\/li><li class=\"wp-block-getwid-social-links__item\"><a class=\"wp-block-getwid-social-links__link\" href=\"https:\/\/www.youtube.com\/c\/AliDo%C4%9FanG%C3%B6n%C3%BClta%C5%9F\" target=\"_blank\" rel=\"noreferrer noopener nofollow\"><span class=\"wp-block-getwid-social-links__wrapper has-text-color has-white-color\"><i class=\"fab fa-youtube\"><\/i><\/span><\/a><\/li><li class=\"wp-block-getwid-social-links__item\"><a class=\"wp-block-getwid-social-links__link\" href=\"https:\/\/open.spotify.com\/artist\/0YYpxcWCP6dukgNfo8Gv98?si=B5L3rweHRaiQ_A1FBCvZEA\" target=\"_blank\" rel=\"noopener nofollow\"><span class=\"wp-block-getwid-social-links__wrapper has-text-color has-white-color\"><i class=\"fab fa-spotify\"><\/i><\/span><\/a><\/li><li class=\"wp-block-getwid-social-links__item\"><a class=\"wp-block-getwid-social-links__link\" href=\"http:\/\/www.alidogangonultas.com\" target=\"_blank\" rel=\"noopener nofollow\"><span class=\"wp-block-getwid-social-links__wrapper has-text-color has-white-color\"><i class=\"fas fa-compass\"><\/i><\/span><\/a><\/li><\/ul><\/div>\n\n\n\n<div style=\"height:100px\" aria-hidden=\"true\" class=\"wp-block-spacer\"><\/div>\n<\/div>\n<\/div>\n","protected":false},"excerpt":{"rendered":"<p>Int\u00e8rpretsAli Do\u011fan G\u00f6n\u00fclta\u015f, veu, tembur i guitarraAli Kutlut\u00fcrk, percussi\u00f3F\u0131rat \u00c7ak\u0131lc\u0131, clarinet Artista convidatEduard Navarro, dol\u00e7aina Dijous, 11 d&#8217;abril, 19:30 h. | L&#8217;Almod\u00ed Ki\u011f\u0131 Hist\u00f2ria musical de 150 anys d&#8217;Anat\u00f2lia Oriental Ali Do\u011fan G\u00f6n\u00fclta\u015f TR Ali va n\u00e0ixer en Ki\u011f\u0131, en Anat\u00f2lia Oriental, actualment prov\u00edncia de Bing\u00f6l, culturalment inclosa en la regi\u00f3 hist\u00f2rica de Dersim. En [&hellip;]<\/p>\n","protected":false},"author":2,"featured_media":0,"parent":0,"menu_order":0,"comment_status":"closed","ping_status":"closed","template":"","meta":{"ocean_post_layout":"","ocean_both_sidebars_style":"","ocean_both_sidebars_content_width":0,"ocean_both_sidebars_sidebars_width":0,"ocean_sidebar":"","ocean_second_sidebar":"","ocean_disable_margins":"enable","ocean_add_body_class":"","ocean_shortcode_before_top_bar":"","ocean_shortcode_after_top_bar":"","ocean_shortcode_before_header":"","ocean_shortcode_after_header":"","ocean_has_shortcode":"","ocean_shortcode_after_title":"","ocean_shortcode_before_footer_widgets":"","ocean_shortcode_after_footer_widgets":"","ocean_shortcode_before_footer_bottom":"","ocean_shortcode_after_footer_bottom":"","ocean_display_top_bar":"default","ocean_display_header":"default","ocean_header_style":"","ocean_center_header_left_menu":"","ocean_custom_header_template":"","ocean_custom_logo":0,"ocean_custom_retina_logo":0,"ocean_custom_logo_max_width":0,"ocean_custom_logo_tablet_max_width":0,"ocean_custom_logo_mobile_max_width":0,"ocean_custom_logo_max_height":0,"ocean_custom_logo_tablet_max_height":0,"ocean_custom_logo_mobile_max_height":0,"ocean_header_custom_menu":"","ocean_menu_typo_font_family":"","ocean_menu_typo_font_subset":"","ocean_menu_typo_font_size":0,"ocean_menu_typo_font_size_tablet":0,"ocean_menu_typo_font_size_mobile":0,"ocean_menu_typo_font_size_unit":"px","ocean_menu_typo_font_weight":"","ocean_menu_typo_font_weight_tablet":"","ocean_menu_typo_font_weight_mobile":"","ocean_menu_typo_transform":"","ocean_menu_typo_transform_tablet":"","ocean_menu_typo_transform_mobile":"","ocean_menu_typo_line_height":0,"ocean_menu_typo_line_height_tablet":0,"ocean_menu_typo_line_height_mobile":0,"ocean_menu_typo_line_height_unit":"","ocean_menu_typo_spacing":0,"ocean_menu_typo_spacing_tablet":0,"ocean_menu_typo_spacing_mobile":0,"ocean_menu_typo_spacing_unit":"","ocean_menu_link_color":"","ocean_menu_link_color_hover":"","ocean_menu_link_color_active":"","ocean_menu_link_background":"","ocean_menu_link_hover_background":"","ocean_menu_link_active_background":"","ocean_menu_social_links_bg":"","ocean_menu_social_hover_links_bg":"","ocean_menu_social_links_color":"","ocean_menu_social_hover_links_color":"","ocean_disable_title":"default","ocean_disable_heading":"default","ocean_post_title":"","ocean_post_subheading":"","ocean_post_title_style":"","ocean_post_title_background_color":"","ocean_post_title_background":0,"ocean_post_title_bg_image_position":"","ocean_post_title_bg_image_attachment":"","ocean_post_title_bg_image_repeat":"","ocean_post_title_bg_image_size":"","ocean_post_title_height":0,"ocean_post_title_bg_overlay":0.5,"ocean_post_title_bg_overlay_color":"","ocean_disable_breadcrumbs":"default","ocean_breadcrumbs_color":"","ocean_breadcrumbs_separator_color":"","ocean_breadcrumbs_links_color":"","ocean_breadcrumbs_links_hover_color":"","ocean_display_footer_widgets":"default","ocean_display_footer_bottom":"default","ocean_custom_footer_template":"","footnotes":""},"class_list":["post-2446","page","type-page","status-publish","hentry","entry","owp-thumbs-layout-horizontal","owp-btn-normal","owp-tabs-layout-vertical","has-no-thumbnails","has-product-nav"],"_links":{"self":[{"href":"https:\/\/culturalcomes.net\/ca\/wp-json\/wp\/v2\/pages\/2446","targetHints":{"allow":["GET"]}}],"collection":[{"href":"https:\/\/culturalcomes.net\/ca\/wp-json\/wp\/v2\/pages"}],"about":[{"href":"https:\/\/culturalcomes.net\/ca\/wp-json\/wp\/v2\/types\/page"}],"author":[{"embeddable":true,"href":"https:\/\/culturalcomes.net\/ca\/wp-json\/wp\/v2\/users\/2"}],"replies":[{"embeddable":true,"href":"https:\/\/culturalcomes.net\/ca\/wp-json\/wp\/v2\/comments?post=2446"}],"version-history":[{"count":5,"href":"https:\/\/culturalcomes.net\/ca\/wp-json\/wp\/v2\/pages\/2446\/revisions"}],"predecessor-version":[{"id":2617,"href":"https:\/\/culturalcomes.net\/ca\/wp-json\/wp\/v2\/pages\/2446\/revisions\/2617"}],"wp:attachment":[{"href":"https:\/\/culturalcomes.net\/ca\/wp-json\/wp\/v2\/media?parent=2446"}],"curies":[{"name":"wp","href":"https:\/\/api.w.org\/{rel}","templated":true}]}}