{"id":1741,"date":"2023-12-18T16:26:30","date_gmt":"2023-12-18T15:26:30","guid":{"rendered":"https:\/\/culturalcomes.net\/termes-i-condicions-de-venda\/"},"modified":"2023-12-18T16:37:22","modified_gmt":"2023-12-18T15:37:22","slug":"termes-i-condicions-de-venda","status":"publish","type":"page","link":"https:\/\/culturalcomes.net\/ca\/termes-i-condicions-de-venda\/","title":{"rendered":"T\u00e9rmes i Condicions de Venda"},"content":{"rendered":"\n<p>En cumplimiento de lo establecido en la Ley Org\u00e1nica 15\/1999, de 13 de diciembre, de Protecci\u00f3n de Datos de Car\u00e1cter Personal y sus reglamentos de desarrollo, los datos de car\u00e1cter personal proporcionados por usted a trav\u00e9s del correo electr\u00f3nico, formularios de informaci\u00f3n o suscripci\u00f3n quedar\u00e1n incorporados a un fichero para su tratamiento automatizado, con la finalidad de prestar y ofrecer nuestros servicios. Los datos recogidos son almacenados bajo la confidencialidad y las medidas de seguridad legalmente establecidas y no ser\u00e1n cedidos a personas ni entidades ajenas a nuestra empresa. Igualmente deseamos informarle que podr\u00e1 ejercer los derechos de acceso, cancelaci\u00f3n, rectificaci\u00f3n o actualizaci\u00f3n de sus datos a trav\u00e9s de los siguientes medios. Comunicaci\u00f3n electr\u00f3nica: produccion [at] licanus.net<\/p>\n\n<p>Los presentes T\u00e9rminos y Condiciones rigen el acceso y la utilizaci\u00f3n del sitio web accesible a trav\u00e9s del nombre de dominio culturalcomes.net. El simple acceso al sitio web atribuye a quien lo realiza la condici\u00f3n de usuario e implica la aceptaci\u00f3n de todos los t\u00e9rminos incluidos en estos T\u00e9rminos y Condiciones. En caso de no estar de acuerdo con estos, el usuario debe abandonar cualquier transacci\u00f3n de compra.<\/p>\n\n<p>Por medio de la aceptaci\u00f3n de las presentes Condiciones Generales, el usuario manifiesta:<\/p>\n\n<ul class=\"wp-block-list\">\n<li>Que ha le\u00eddo, entiende y comprende lo aqu\u00ed expuesto.<\/li>\n\n\n\n<li>Que, en caso de que se disponga a contratar alg\u00fan producto y\/o servicio, tiene capacidad suficiente para ello.<\/li>\n\n\n\n<li>Que asume todas las obligaciones aqu\u00ed dispuestas.<\/li>\n<\/ul>\n\n<p><strong>Informaci\u00f3n general<\/strong><\/p>\n\n<p>Culturalcomes.net es propiedad de LICANUS S.L., con domicilio social en CALLE MAYOR 150 (46440 Almussafes), con C.I.F. B-96672860, inscrita en el Registro Mercantil de Valencia, Hoja V-55773. Puede contactar con el titular por el siguiente correo electr\u00f3nico: produccion [at] licanus.net<\/p>\n\n<p><strong>Acceso al sitio web<\/strong><\/p>\n\n<p>El simple acceso al sitio web es gratuito salvo en lo relativo al coste de la conexi\u00f3n a trav\u00e9s de la red de telecomunicaciones suministrada por el proveedor de acceso contratado por el usuario, que ser\u00e1 a cargo de \u00e9ste.<\/p>\n\n<p><strong>Normas de utilizaci\u00f3n del sitio web<\/strong><\/p>\n\n<p>El usuario se obliga a utilizar el sitio web, as\u00ed como todo su contenido y servicios conforme a lo establecido en la ley, la moral, el orden p\u00fablico y los presentes T\u00e9rminos y Condiciones, no aplic\u00e1ndolos para realizar actividades il\u00edcitas o constitutivas de delito que atenten contra los derechos de terceros y\/o que infrinjan cualesquiera normas del ordenamiento jur\u00eddico aplicable. Al aceptar estas condiciones o realizar una compra el usuario declara tener capacidad legal para celebrar contratos.<\/p>\n\n<p>El usuario se compromete a:<\/p>\n\n<ul class=\"wp-block-list\">\n<li>No introducir o difundir contenidos o propaganda de car\u00e1cter racista, xen\u00f3fobo, pornogr\u00e1fico, de apolog\u00eda del terrorismo o que atenten contra los derechos humanos.<\/li>\n\n\n\n<li>No introducir o difundir en la red programas de datos (virus y software nocivo) susceptibles de provocar da\u00f1os en los sistemas inform\u00e1ticos del proveedor de acceso, sus proveedores o terceros usuarios de la red Internet.<\/li>\n\n\n\n<li>No difundir, transmitir o poner a disposici\u00f3n de terceros cualquier tipo de informaci\u00f3n, elemento o contenido que atente contra los derechos fundamentales y las libertades p\u00fablicas reconocidos constitucionalmente y en los tratados internacionales.<\/li>\n\n\n\n<li>No realizar actuaciones que puedan suponer la comisi\u00f3n de il\u00edcitos, conductas ilegales o fraudulentas.<\/li>\n\n\n\n<li>No difundir, transmitir o poner a disposici\u00f3n de terceros cualquier tipo de informaci\u00f3n, elemento o contenido que constituya publicidad il\u00edcita o desleal.<\/li>\n\n\n\n<li>No transmitir publicidad no solicitada o autorizada, material publicitario, &#8220;correo basura&#8221;, &#8220;cartas en cadena&#8221;, &#8220;estructuras piramidales&#8221;, o cualquier otra forma de solicitud, excepto en aquellas \u00e1reas (tales como espacios comerciales) que hayan sido exclusivamente concebidas para ello.<\/li>\n\n\n\n<li>No introducir o difundir cualquier informaci\u00f3n y contenidos falsos, ambiguos o inexactos de forma que induzca a error a los receptores de la informaci\u00f3n.<\/li>\n\n\n\n<li>No suplantar a otros usuarios.<\/li>\n\n\n\n<li>No difundir, transmitir o poner a disposici\u00f3n de terceros cualquier tipo de informaci\u00f3n, elemento o contenido que suponga una violaci\u00f3n de los derechos de propiedad intelectual e industrial, patentes, marcas o copyright que correspondan a los titulares del sitio web o a terceros.<\/li>\n<\/ul>\n\n<p>El usuario se obliga a mantener indemne a CulturalComes ante cualquier posible reclamaci\u00f3n, multa, pena o sanci\u00f3n que pueda venir obligada a soportar como consecuencia del incumplimiento por parte del usuario de cualquiera de las normas de utilizaci\u00f3n antes indicadas, reserv\u00e1ndose, adem\u00e1s, CulturalComes el derecho a solicitar la indemnizaci\u00f3n por da\u00f1os y perjuicios que corresponda.<\/p>\n\n<p><strong>Venta de entradas<\/strong><\/p>\n\n<p>La adquisici\u00f3n de una entrada para un evento a trav\u00e9s de CulturalComes implica la aceptaci\u00f3n de dos relaciones contractuales diferenciadas: (i) una relaci\u00f3n contractual entre el usuario y CulturalComes relativa al proceso de compra de la entrada, en virtud de la cual CulturalComes, como intermediaria, procura al usuario la venta y entrega de la entrada, y (ii) una relaci\u00f3n entre el usuario y el organizador del evento relativa a aquellos aspectos relacionados con la organizaci\u00f3n y ejecuci\u00f3n del evento, en virtud de la cual el organizador procura al usuario la celebraci\u00f3n del evento a aquellos usuarios que hayan adquirido un t\u00edtulo v\u00e1lido para la asistencia al mismo.<\/p>\n\n<p>En el proceso de compra y siempre antes de que finalice el mismo, el usuario dispondr\u00e1 de toda la informaci\u00f3n relativa al precio final completo, inclu\u00eddos los impuestos, desglosando, en su caso, el importe de los incrementos o descuentos que sean de aplicaci\u00f3n a la oferta y los gastos adicionales que se repercutan al usuario, siendo el usuario responsable de facilitar sus datos correctamente, incluidos sus datos personales y los datos bancarios requeridos por el sistema, de forma veraz y exacta.<\/p>\n\n<p>CulturalComes no es responsable de la realizaci\u00f3n del evento, ni de ning\u00fan retraso, suspensi\u00f3n, cancelaci\u00f3n, modificaci\u00f3n, anulaci\u00f3n y\/o cualquier otra circunstancia que pueda dar lugar a una reclamaci\u00f3n relacionada con el evento del organizador o recinto tales como, entre otras, las condiciones de visibilidad, calidad del sonido, accesibilidad, etc. Toda reclamaci\u00f3n sobre la realizaci\u00f3n, suspensi\u00f3n, modificaci\u00f3n, aplazamiento y\/o anulaci\u00f3n del evento contratado es responsabilidad de la empresa organizadora.<\/p>\n\n<p><strong>Procedimiento de compra de entradas<\/strong><\/p>\n\n<p>En el primer paso, el usuario introduce los datos del comprador, aceptando la pol\u00edtica de privacidad y estos t\u00e9rminos y condiciones, y seleccionando el tipo de entradas que quiere y la cantidad de estas. El usuario se compromete a leer detenidamente qu\u00e9 est\u00e1 comprando, y que el n\u00famero asignado es el correcto.<\/p>\n\n<p>En el siguiente paso, en el caso de entradas nominativas, el usuario debe insertar el titular de cada una de las entradas, siendo consciente de que la no veracidad de los datos puede suponer la anulaci\u00f3n de su entrada.<\/p>\n\n<p>Para acabar, el usuario debe confirmar que los tipos de las entradas y la cantidad asignada son correctos, eligiendo el tipo de pago. Algunos m\u00e9todos de pago tienen costes a\u00f1adidos, lo cual se refleja antes de realizar el propio pago. A continuaci\u00f3n el usuario efectuar\u00e1 el pago, y cuando este sea completado, recibir\u00e1 sus entradas en la direcci\u00f3n de correo facilitada.<\/p>\n\n<p>La reventa de entradas, as\u00ed como cualquier acto encaminado a dicha venta ilegal, podr\u00e1 ser motivo de incautaci\u00f3n o cancelaci\u00f3n de la misma sin reembolso ni cualquier otro tipo de compensaci\u00f3n.<\/p>\n\n<p>Licanus no asumir\u00e1 responsabilidad alguna cuando la entrega de las entradas no llegue a realizarse como consecuencia de la inexactitud o falsedad de los datos facilitados por el usuario a tal efecto.<\/p>\n\n<p><strong>Procedimiento de Pago<\/strong><\/p>\n\n<p>En el proceso de compra, el usuario deber\u00e1 indicar los datos requeridos y seleccionar alguna de las modalidades de pago que est\u00e9n disponibles. El usuario podr\u00e1 utilizar como medio de pago Apple Pay, PayPal y las tarjetas Visa, Mastercard, American Express y Union Pay. Las compras pueden estar sujetas a las comprobaciones de seguridad. La operaci\u00f3n podr\u00e1 anularse si no supera el proceso de verificaci\u00f3n.<\/p>\n\n<p><strong>Precio<\/strong><\/p>\n\n<p>Los precios de las entradas que se indican durante el proceso de compra incluyen, salvo indicaci\u00f3n expresa en contra, el Impuesto sobre el Valor A\u00f1adido (IVA), los impuestos directos aplicables y, en todo caso, se expresan en la moneda Euro (\u20ac).<\/p>\n\n<p><strong>Uso de las entradas<\/strong><\/p>\n\n<p>Los usuarios est\u00e1n obligados a llevar sus entradas impresas en papel o en formato digital, de forma que el c\u00f3digo de acceso sea completamente legible y sea escaneable con los dispositivos de acceso. En el caso de entradas nominativas, los usuarios deber\u00e1n presentar documento acreditativo junto a la entrada. La entrada es v\u00e1lida para un solo uso. En caso de robo, p\u00e9rdida o falsificaci\u00f3n s\u00f3lo servir\u00e1 para la primera persona que la use en el control de entrada. Se reserva el derecho de admisi\u00f3n.<\/p>\n\n<p><strong>Compras fuera de stock<\/strong><\/p>\n\n<p>En el caso de que por compras simult\u00e1neas, problemas de cach\u00e9 en el dispositivo del comprador o cualquier situaci\u00f3n de \u00edndole similar haya intentos de compra que superen el l\u00edmite m\u00e1ximo establecido de entradas disponibles, la compra se anular\u00e1, devolvi\u00e9ndose el importe de la compra en el caso de que la transacci\u00f3n llegara a completarse.<\/p>\n\n<p><strong>Derecho de desistimiento y devoluciones<\/strong><\/p>\n\n<p>El usuario debe asegurarse, antes de tramitar la compra, de la exactitud y adecuaci\u00f3n de los datos introducidos, ya que no es posible la devoluci\u00f3n de las entradas adquiridas una vez realizada la compra. No poder asistir al espect\u00e1culo o cometer un error al adquirir las entradas no son motivos que permitan su devoluci\u00f3n.<\/p>\n\n<p>En este sentido, el usuario no podr\u00e1 ejercitar el derecho de desistimiento o resoluci\u00f3n previsto en la normativa de consumidores y usuarios al estar dicho derecho excluido para los servicios relacionados con actividades de ocio o esparcimiento, de acuerdo con lo establecido en el art\u00edculo 103 del texto refundido de la Ley General para la Defensa de los Consumidores y Usuarios y otras leyes complementarias, aprobado por el Real Decreto Legislativo 1\/2007, de 16 de noviembre.<\/p>\n\n<p>En caso de errores leves (direcciones de emails equivocadas, cambios en el titular de una entrada nominativa&#8230;), CulturalComes puede aceptar el cambio y sustituir dicho elemento.<\/p>\n\n<p><strong>Pol\u00edtica de env\u00edo<\/strong><\/p>\n\n<p>Las entradas ser\u00e1n entregadas de forma digital al comprador, estando disponibles para su descarga al finalizar la compra y remiti\u00e9ndose al correo electr\u00f3nico indicado durante el proceso.<\/p>\n\n<p><strong>Cancelaci\u00f3n y\/po postergaci\u00f3n de eventos<\/strong><\/p>\n\n<p>En el caso de que un evento sufra un cambio de fechas, se le ofrecer\u00e1 a los usuarios mantener sus entradas o solicitar una devoluci\u00f3n. En el caso de cancelaciones completas, se reembolsar\u00e1n el dinero de forma \u00edntegra.<\/p>\n\n<p><strong>Quejas, reclamaciones y solicitudes de informaci\u00f3n<\/strong><\/p>\n\n<p>El usuario puede dirigir sus quejas, reclamaciones o solicitudes de informaci\u00f3n al formulario de la web.<\/p>\n\n<p><strong>Nulidad e ineficacia de las cl\u00e1usulas<\/strong><\/p>\n\n<p>Si cualquier cl\u00e1usula incluida en los presentes T\u00e9rminos y condiciones fuese declarada total o parcialmente, nula o ineficaz, tal nulidad o ineficacia tan s\u00f3lo afectar\u00e1 a dicha disposici\u00f3n o a la parte de la misma que resulte nula o ineficaz, subsistiendo los presentes T\u00e9rminos y condiciones en todo lo dem\u00e1s, consider\u00e1ndose tal disposici\u00f3n total o parcialmente por no incluida.<\/p>\n\n<p><strong>Legislaci\u00f3n aplicable<\/strong><\/p>\n\n<p>Estas Condiciones Generales se regir\u00e1n e interpretar\u00e1n conforme a la legislaci\u00f3n espa\u00f1ola. Entre otras, por el Real Decreto Legislativo 1\/2007 de la Ley General Defensa de Consumidores y Usuarios, y la Ley 34\/2002 de servicios de la sociedad de la informaci\u00f3n y de comercio electr\u00f3nico.<\/p>\n\n<p><strong>Jurisdicci\u00f3n competente<\/strong><\/p>\n\n<p>Cualquier controversia que surja o guarde relaci\u00f3n con el uso de la p\u00e1gina web o con los presentes T\u00e9rminos y condiciones ser\u00e1 sometida a la jurisdicci\u00f3n no exclusiva de los juzgados y tribunales espa\u00f1oles. En el supuesto de que usted sea consumidor, usted podr\u00e1 presentar la demanda en la ciudad donde tenga su domicilio de acuerdo con la legislaci\u00f3n aplicable.<\/p>\n","protected":false},"excerpt":{"rendered":"<p>En cumplimiento de lo establecido en la Ley Org\u00e1nica 15\/1999, de 13 de diciembre, de Protecci\u00f3n de Datos de Car\u00e1cter Personal y sus reglamentos de desarrollo, los datos de car\u00e1cter personal proporcionados por usted a trav\u00e9s del correo electr\u00f3nico, formularios de informaci\u00f3n o suscripci\u00f3n quedar\u00e1n incorporados a un fichero para su tratamiento automatizado, con la [&hellip;]<\/p>\n","protected":false},"author":1,"featured_media":0,"parent":0,"menu_order":0,"comment_status":"closed","ping_status":"closed","template":"","meta":{"ocean_post_layout":"","ocean_both_sidebars_style":"","ocean_both_sidebars_content_width":0,"ocean_both_sidebars_sidebars_width":0,"ocean_sidebar":"","ocean_second_sidebar":"","ocean_disable_margins":"enable","ocean_add_body_class":"","ocean_shortcode_before_top_bar":"","ocean_shortcode_after_top_bar":"","ocean_shortcode_before_header":"","ocean_shortcode_after_header":"","ocean_has_shortcode":"","ocean_shortcode_after_title":"","ocean_shortcode_before_footer_widgets":"","ocean_shortcode_after_footer_widgets":"","ocean_shortcode_before_footer_bottom":"","ocean_shortcode_after_footer_bottom":"","ocean_display_top_bar":"default","ocean_display_header":"default","ocean_header_style":"","ocean_center_header_left_menu":"","ocean_custom_header_template":"","ocean_custom_logo":0,"ocean_custom_retina_logo":0,"ocean_custom_logo_max_width":0,"ocean_custom_logo_tablet_max_width":0,"ocean_custom_logo_mobile_max_width":0,"ocean_custom_logo_max_height":0,"ocean_custom_logo_tablet_max_height":0,"ocean_custom_logo_mobile_max_height":0,"ocean_header_custom_menu":"","ocean_menu_typo_font_family":"","ocean_menu_typo_font_subset":"","ocean_menu_typo_font_size":0,"ocean_menu_typo_font_size_tablet":0,"ocean_menu_typo_font_size_mobile":0,"ocean_menu_typo_font_size_unit":"px","ocean_menu_typo_font_weight":"","ocean_menu_typo_font_weight_tablet":"","ocean_menu_typo_font_weight_mobile":"","ocean_menu_typo_transform":"","ocean_menu_typo_transform_tablet":"","ocean_menu_typo_transform_mobile":"","ocean_menu_typo_line_height":0,"ocean_menu_typo_line_height_tablet":0,"ocean_menu_typo_line_height_mobile":0,"ocean_menu_typo_line_height_unit":"","ocean_menu_typo_spacing":0,"ocean_menu_typo_spacing_tablet":0,"ocean_menu_typo_spacing_mobile":0,"ocean_menu_typo_spacing_unit":"","ocean_menu_link_color":"","ocean_menu_link_color_hover":"","ocean_menu_link_color_active":"","ocean_menu_link_background":"","ocean_menu_link_hover_background":"","ocean_menu_link_active_background":"","ocean_menu_social_links_bg":"","ocean_menu_social_hover_links_bg":"","ocean_menu_social_links_color":"","ocean_menu_social_hover_links_color":"","ocean_disable_title":"default","ocean_disable_heading":"default","ocean_post_title":"","ocean_post_subheading":"","ocean_post_title_style":"","ocean_post_title_background_color":"","ocean_post_title_background":0,"ocean_post_title_bg_image_position":"","ocean_post_title_bg_image_attachment":"","ocean_post_title_bg_image_repeat":"","ocean_post_title_bg_image_size":"","ocean_post_title_height":0,"ocean_post_title_bg_overlay":0.5,"ocean_post_title_bg_overlay_color":"","ocean_disable_breadcrumbs":"default","ocean_breadcrumbs_color":"","ocean_breadcrumbs_separator_color":"","ocean_breadcrumbs_links_color":"","ocean_breadcrumbs_links_hover_color":"","ocean_display_footer_widgets":"default","ocean_display_footer_bottom":"default","ocean_custom_footer_template":"","footnotes":""},"class_list":["post-1741","page","type-page","status-publish","hentry","entry","owp-thumbs-layout-horizontal","owp-btn-normal","owp-tabs-layout-vertical","has-no-thumbnails","has-product-nav"],"_links":{"self":[{"href":"https:\/\/culturalcomes.net\/ca\/wp-json\/wp\/v2\/pages\/1741","targetHints":{"allow":["GET"]}}],"collection":[{"href":"https:\/\/culturalcomes.net\/ca\/wp-json\/wp\/v2\/pages"}],"about":[{"href":"https:\/\/culturalcomes.net\/ca\/wp-json\/wp\/v2\/types\/page"}],"author":[{"embeddable":true,"href":"https:\/\/culturalcomes.net\/ca\/wp-json\/wp\/v2\/users\/1"}],"replies":[{"embeddable":true,"href":"https:\/\/culturalcomes.net\/ca\/wp-json\/wp\/v2\/comments?post=1741"}],"version-history":[{"count":1,"href":"https:\/\/culturalcomes.net\/ca\/wp-json\/wp\/v2\/pages\/1741\/revisions"}],"predecessor-version":[{"id":1742,"href":"https:\/\/culturalcomes.net\/ca\/wp-json\/wp\/v2\/pages\/1741\/revisions\/1742"}],"wp:attachment":[{"href":"https:\/\/culturalcomes.net\/ca\/wp-json\/wp\/v2\/media?parent=1741"}],"curies":[{"name":"wp","href":"https:\/\/api.w.org\/{rel}","templated":true}]}}